{"id":158,"date":"2016-11-08T18:57:25","date_gmt":"2016-11-08T18:57:25","guid":{"rendered":"http:\/\/69.89.31.166\/~plantsp2\/?page_id=158"},"modified":"2019-03-01T10:47:57","modified_gmt":"2019-03-01T10:47:57","slug":"links","status":"publish","type":"page","link":"https:\/\/www.thegardenofpeace.com\/es\/quienes-somos\/enlaces\/","title":{"rendered":"Recursos y enlaces"},"content":{"rendered":"<div class=\"wpb-content-wrapper\"><div class=\"vc_row wpb_row vc_row-fluid\"><div class=\"wpb_column vc_column_container vc_col-sm-12\"><div class=\"vc_column-inner\"><div class=\"wpb_wrapper\"><div class=\"vc_empty_space\"   style=\"height: 20px\"><span class=\"vc_empty_space_inner\"><\/span><\/div><\/div><\/div><\/div><\/div><div class=\"vc_row wpb_row vc_row-fluid\"><div class=\"wpb_column vc_column_container vc_col-sm-12\"><div class=\"vc_column-inner\"><div class=\"wpb_wrapper\"><h1 style=\"text-align: left\" class=\"vc_custom_heading vc_do_custom_heading\" >Personas, lugares y cosas que amamos<\/h1><\/div><\/div><\/div><\/div><div class=\"vc_row wpb_row vc_row-fluid\"><div class=\"wpb_column vc_column_container vc_col-sm-12\"><div class=\"vc_column-inner\"><div class=\"wpb_wrapper\"><h2 style=\"text-align: left\" class=\"vc_custom_heading vc_do_custom_heading\" >Alojamientos cercanos<\/h2><\/div><\/div><\/div><\/div><div class=\"vc_row wpb_row vc_row-fluid\"><div class=\"wpb_column vc_column_container vc_col-sm-12\"><div class=\"vc_column-inner\"><div class=\"wpb_wrapper\">\n\t<div class=\"wpb_text_column wpb_content_element\" >\n\t\t<div class=\"wpb_wrapper\">\n\t\t\t<ul>\n<li><a href=\"https:\/\/www.airbnb.com\/rooms\/18869667\">Namastay Air BnB Pensi\u00f3n Tarapoto<\/a>.<\/li>\n<\/ul>\n<p>Encantadora y tranquila casa de hu\u00e9spedes con anfitriones que hablan ingl\u00e9s y estupendas instalaciones para despu\u00e9s de la dieta.<\/p>\n<ul>\n<li><a href=\"https:\/\/lapatarashca.com\/en\/\">La Patarascha Hotel. <\/a><\/li>\n<\/ul>\n<p>Muy c\u00f3modo con duchas de agua caliente, una piscina y extremadamente c\u00e9ntrico a la plaza y el aeropuerto.<\/p>\n<ul>\n<li><a href=\"https:\/\/www.booking.com\/hotel\/pe\/el-mural-hostel.en-gb.html\">El Mural Hostel. <\/a><\/li>\n<\/ul>\n<p>Un albergue realmente bien de precio, limpio y espacioso, con una gran cocina y un personal amable y servicial.<\/p>\n\n\t\t<\/div>\n\t<\/div>\n<\/div><\/div><\/div><\/div><div class=\"vc_row wpb_row vc_row-fluid\"><div class=\"wpb_column vc_column_container vc_col-sm-12\"><div class=\"vc_column-inner\"><div class=\"wpb_wrapper\"><div class=\"vc_empty_space\"   style=\"height: 20px\"><span class=\"vc_empty_space_inner\"><\/span><\/div><\/div><\/div><\/div><\/div><div class=\"vc_row wpb_row vc_row-fluid\"><div class=\"wpb_column vc_column_container vc_col-sm-12\"><div class=\"vc_column-inner\"><div class=\"wpb_wrapper\"><h2 style=\"text-align: left\" class=\"vc_custom_heading vc_do_custom_heading\" >Restaurantes locales<\/h2><\/div><\/div><\/div><\/div><div class=\"vc_row wpb_row vc_row-fluid\"><div class=\"wpb_column vc_column_container vc_col-sm-12\"><div class=\"vc_column-inner\"><div class=\"wpb_wrapper\">\n\t<div class=\"wpb_text_column wpb_content_element\" >\n\t\t<div class=\"wpb_wrapper\">\n\t\t\t<ul>\n<li><a href=\"https:\/\/www.facebook.com\/zygocafe\/\">Zygo Caf\u00e9<\/a> - Saludable, post diet\u00e9tico, con un caf\u00e9 estupendo y personal que habla ingl\u00e9s.<\/li>\n<li><a href=\"https:\/\/www.happycow.net\/reviews\/mediterraneas-tarapoto-58350\">Mediterraneas<\/a> - Gran buffet de almuerzo vegano asequible y a la carta<\/li>\n<li><a href=\"https:\/\/lapatarashca.com\/en\/suchiche-cafe\/\">Caf\u00e9 Suchiche<\/a> - Cerca del hotel La Patarashca con buen pescado y opciones vegetarianas.<\/li>\n<\/ul>\n\n\t\t<\/div>\n\t<\/div>\n<\/div><\/div><\/div><\/div><div class=\"vc_row wpb_row vc_row-fluid\"><div class=\"wpb_column vc_column_container vc_col-sm-12\"><div class=\"vc_column-inner\"><div class=\"wpb_wrapper\"><div class=\"vc_empty_space\"   style=\"height: 20px\"><span class=\"vc_empty_space_inner\"><\/span><\/div><\/div><\/div><\/div><\/div>\n<\/div>","protected":false},"excerpt":{"rendered":"People, Places and Things We LoveLocal Accomodation Near Us Namastay Air BnB Guesthouse Tarapoto. Lovely quiet guesthouse with English speaking hosts and great facilities for post diet. La Patarascha Hotel. [...]","protected":false},"author":1,"featured_media":0,"parent":14,"menu_order":0,"comment_status":"closed","ping_status":"closed","template":"","meta":{"pgc_meta":"","footnotes":""},"class_list":["post-158","page","type-page","status-publish","hentry"],"pgc_meta":"","yoast_head":"<!-- This site is optimized with the Yoast SEO plugin v27.2 - https:\/\/yoast.com\/product\/yoast-seo-wordpress\/ -->\n<title>Useful links | Ayahuasca Healing Retreat Peru | The Garden of Peace<\/title>\n<meta name=\"description\" content=\"Here are a few links to some of our trusted friends and family that you may like to visit while you are here.\" \/>\n<meta name=\"robots\" content=\"index, follow, max-snippet:-1, max-image-preview:large, max-video-preview:-1\" \/>\n<link rel=\"canonical\" href=\"https:\/\/www.thegardenofpeace.com\/es\/quienes-somos\/enlaces\/\" \/>\n<meta property=\"og:locale\" content=\"es_ES\" \/>\n<meta property=\"og:type\" content=\"article\" \/>\n<meta property=\"og:title\" content=\"Useful links | Ayahuasca Healing Retreat Peru | The Garden of Peace\" \/>\n<meta property=\"og:description\" content=\"Here are a few links to some of our trusted friends and family that you may like to visit while you are here.\" \/>\n<meta property=\"og:url\" content=\"https:\/\/www.thegardenofpeace.com\/es\/quienes-somos\/enlaces\/\" \/>\n<meta property=\"og:site_name\" content=\"The Garden of Peace\" \/>\n<meta property=\"article:publisher\" content=\"https:\/\/www.facebook.com\/eljardindelapaz\/?tn-str=k%2aF\" \/>\n<meta property=\"article:modified_time\" content=\"2019-03-01T10:47:57+00:00\" \/>\n<meta name=\"twitter:card\" content=\"summary_large_image\" \/>\n<meta name=\"twitter:label1\" content=\"Tiempo de lectura\" \/>\n\t<meta name=\"twitter:data1\" content=\"1 minuto\" \/>\n<script type=\"application\/ld+json\" class=\"yoast-schema-graph\">{\"@context\":\"https:\/\/schema.org\",\"@graph\":[{\"@type\":\"WebPage\",\"@id\":\"https:\/\/www.thegardenofpeace.com\/who-we-are\/links\/\",\"url\":\"https:\/\/www.thegardenofpeace.com\/who-we-are\/links\/\",\"name\":\"Useful links | Ayahuasca Healing Retreat Peru | The Garden of Peace\",\"isPartOf\":{\"@id\":\"https:\/\/www.thegardenofpeace.com\/#website\"},\"datePublished\":\"2016-11-08T18:57:25+00:00\",\"dateModified\":\"2019-03-01T10:47:57+00:00\",\"description\":\"Here are a few links to some of our trusted friends and family that you may like to visit while you are here.\",\"breadcrumb\":{\"@id\":\"https:\/\/www.thegardenofpeace.com\/who-we-are\/links\/#breadcrumb\"},\"inLanguage\":\"es\",\"potentialAction\":[{\"@type\":\"ReadAction\",\"target\":[\"https:\/\/www.thegardenofpeace.com\/who-we-are\/links\/\"]}]},{\"@type\":\"BreadcrumbList\",\"@id\":\"https:\/\/www.thegardenofpeace.com\/who-we-are\/links\/#breadcrumb\",\"itemListElement\":[{\"@type\":\"ListItem\",\"position\":1,\"name\":\"Who we are\",\"item\":\"https:\/\/www.thegardenofpeace.com\/who-we-are\/\"},{\"@type\":\"ListItem\",\"position\":2,\"name\":\"Resources and Links\"}]},{\"@type\":\"WebSite\",\"@id\":\"https:\/\/www.thegardenofpeace.com\/#website\",\"url\":\"https:\/\/www.thegardenofpeace.com\/\",\"name\":\"The Garden of Peace\",\"description\":\"\",\"publisher\":{\"@id\":\"https:\/\/www.thegardenofpeace.com\/#organization\"},\"potentialAction\":[{\"@type\":\"SearchAction\",\"target\":{\"@type\":\"EntryPoint\",\"urlTemplate\":\"https:\/\/www.thegardenofpeace.com\/?s={search_term_string}\"},\"query-input\":{\"@type\":\"PropertyValueSpecification\",\"valueRequired\":true,\"valueName\":\"search_term_string\"}}],\"inLanguage\":\"es\"},{\"@type\":\"Organization\",\"@id\":\"https:\/\/www.thegardenofpeace.com\/#organization\",\"name\":\"the garden of peace\",\"url\":\"https:\/\/www.thegardenofpeace.com\/\",\"logo\":{\"@type\":\"ImageObject\",\"inLanguage\":\"es\",\"@id\":\"https:\/\/www.thegardenofpeace.com\/#\/schema\/logo\/image\/\",\"url\":\"https:\/\/www.thegardenofpeace.com\/wp-content\/uploads\/2018\/11\/header-three.png\",\"contentUrl\":\"https:\/\/www.thegardenofpeace.com\/wp-content\/uploads\/2018\/11\/header-three.png\",\"width\":558,\"height\":149,\"caption\":\"the garden of peace\"},\"image\":{\"@id\":\"https:\/\/www.thegardenofpeace.com\/#\/schema\/logo\/image\/\"},\"sameAs\":[\"https:\/\/www.facebook.com\/eljardindelapaz\/?tn-str=k*F\",\"https:\/\/www.instagram.com\/thegardenofpeace\/?hl=en\"]}]}<\/script>\n<!-- \/ Yoast SEO plugin. -->","yoast_head_json":{"title":"Useful links | Ayahuasca Healing Retreat Peru | The Garden of Peace","description":"Here are a few links to some of our trusted friends and family that you may like to visit while you are here.","robots":{"index":"index","follow":"follow","max-snippet":"max-snippet:-1","max-image-preview":"max-image-preview:large","max-video-preview":"max-video-preview:-1"},"canonical":"https:\/\/www.thegardenofpeace.com\/es\/quienes-somos\/enlaces\/","og_locale":"es_ES","og_type":"article","og_title":"Useful links | Ayahuasca Healing Retreat Peru | The Garden of Peace","og_description":"Here are a few links to some of our trusted friends and family that you may like to visit while you are here.","og_url":"https:\/\/www.thegardenofpeace.com\/es\/quienes-somos\/enlaces\/","og_site_name":"The Garden of Peace","article_publisher":"https:\/\/www.facebook.com\/eljardindelapaz\/?tn-str=k%2aF","article_modified_time":"2019-03-01T10:47:57+00:00","twitter_card":"summary_large_image","twitter_misc":{"Tiempo de lectura":"1 minuto"},"schema":{"@context":"https:\/\/schema.org","@graph":[{"@type":"WebPage","@id":"https:\/\/www.thegardenofpeace.com\/who-we-are\/links\/","url":"https:\/\/www.thegardenofpeace.com\/who-we-are\/links\/","name":"Useful links | Ayahuasca Healing Retreat Peru | The Garden of Peace","isPartOf":{"@id":"https:\/\/www.thegardenofpeace.com\/#website"},"datePublished":"2016-11-08T18:57:25+00:00","dateModified":"2019-03-01T10:47:57+00:00","description":"Here are a few links to some of our trusted friends and family that you may like to visit while you are here.","breadcrumb":{"@id":"https:\/\/www.thegardenofpeace.com\/who-we-are\/links\/#breadcrumb"},"inLanguage":"es","potentialAction":[{"@type":"ReadAction","target":["https:\/\/www.thegardenofpeace.com\/who-we-are\/links\/"]}]},{"@type":"BreadcrumbList","@id":"https:\/\/www.thegardenofpeace.com\/who-we-are\/links\/#breadcrumb","itemListElement":[{"@type":"ListItem","position":1,"name":"Who we are","item":"https:\/\/www.thegardenofpeace.com\/who-we-are\/"},{"@type":"ListItem","position":2,"name":"Resources and Links"}]},{"@type":"WebSite","@id":"https:\/\/www.thegardenofpeace.com\/#website","url":"https:\/\/www.thegardenofpeace.com\/","name":"The Garden of Peace","description":"","publisher":{"@id":"https:\/\/www.thegardenofpeace.com\/#organization"},"potentialAction":[{"@type":"SearchAction","target":{"@type":"EntryPoint","urlTemplate":"https:\/\/www.thegardenofpeace.com\/?s={search_term_string}"},"query-input":{"@type":"PropertyValueSpecification","valueRequired":true,"valueName":"search_term_string"}}],"inLanguage":"es"},{"@type":"Organization","@id":"https:\/\/www.thegardenofpeace.com\/#organization","name":"the garden of peace","url":"https:\/\/www.thegardenofpeace.com\/","logo":{"@type":"ImageObject","inLanguage":"es","@id":"https:\/\/www.thegardenofpeace.com\/#\/schema\/logo\/image\/","url":"https:\/\/www.thegardenofpeace.com\/wp-content\/uploads\/2018\/11\/header-three.png","contentUrl":"https:\/\/www.thegardenofpeace.com\/wp-content\/uploads\/2018\/11\/header-three.png","width":558,"height":149,"caption":"the garden of peace"},"image":{"@id":"https:\/\/www.thegardenofpeace.com\/#\/schema\/logo\/image\/"},"sameAs":["https:\/\/www.facebook.com\/eljardindelapaz\/?tn-str=k*F","https:\/\/www.instagram.com\/thegardenofpeace\/?hl=en"]}]}},"_links":{"self":[{"href":"https:\/\/www.thegardenofpeace.com\/es\/wp-json\/wp\/v2\/pages\/158","targetHints":{"allow":["GET"]}}],"collection":[{"href":"https:\/\/www.thegardenofpeace.com\/es\/wp-json\/wp\/v2\/pages"}],"about":[{"href":"https:\/\/www.thegardenofpeace.com\/es\/wp-json\/wp\/v2\/types\/page"}],"author":[{"embeddable":true,"href":"https:\/\/www.thegardenofpeace.com\/es\/wp-json\/wp\/v2\/users\/1"}],"replies":[{"embeddable":true,"href":"https:\/\/www.thegardenofpeace.com\/es\/wp-json\/wp\/v2\/comments?post=158"}],"version-history":[{"count":8,"href":"https:\/\/www.thegardenofpeace.com\/es\/wp-json\/wp\/v2\/pages\/158\/revisions"}],"predecessor-version":[{"id":2347,"href":"https:\/\/www.thegardenofpeace.com\/es\/wp-json\/wp\/v2\/pages\/158\/revisions\/2347"}],"up":[{"embeddable":true,"href":"https:\/\/www.thegardenofpeace.com\/es\/wp-json\/wp\/v2\/pages\/14"}],"wp:attachment":[{"href":"https:\/\/www.thegardenofpeace.com\/es\/wp-json\/wp\/v2\/media?parent=158"}],"curies":[{"name":"wp","href":"https:\/\/api.w.org\/{rel}","templated":true}]}}