{"id":156,"date":"2016-11-08T18:56:56","date_gmt":"2016-11-08T18:56:56","guid":{"rendered":"http:\/\/69.89.31.166\/~plantsp2\/?page_id=156"},"modified":"2019-03-02T04:33:30","modified_gmt":"2019-03-02T04:33:30","slug":"testimonials","status":"publish","type":"page","link":"https:\/\/www.thegardenofpeace.com\/es\/quienes-somos\/testimonios\/","title":{"rendered":"Testimonials"},"content":{"rendered":"<div class=\"wpb-content-wrapper\"><div class=\"vc_row wpb_row vc_row-fluid\"><div class=\"wpb_column vc_column_container vc_col-sm-12\"><div class=\"vc_column-inner\"><div class=\"wpb_wrapper\"><h1 class=\"sc_title sc_title_regular\"><\/p>\n<h1 style=\"text-align: left;\">Historias de curaci\u00f3n desde el jard\u00edn<\/h1>\n<p><\/h1><\/div><\/div><\/div><\/div><div class=\"vc_row wpb_row vc_row-fluid\"><div class=\"wpb_column vc_column_container vc_col-sm-12\"><div class=\"vc_column-inner\"><div class=\"wpb_wrapper\"><div class=\"vc_empty_space\"   style=\"height: 32px\"><span class=\"vc_empty_space_inner\"><\/span><\/div><\/div><\/div><\/div><\/div><div class=\"vc_row wpb_row vc_row-fluid\"><div class=\"wpb_column vc_column_container vc_col-sm-12\"><div class=\"vc_column-inner\"><div class=\"wpb_wrapper\">\n\t<div class=\"wpb_text_column wpb_content_element\" >\n\t\t<div class=\"wpb_wrapper\">\n\t\t\t<p class=\"font_8\">Cada viaje personal y experiencia con estas medicinas es \u00fanica. Aqu\u00ed compartimos historias de sanaci\u00f3n y transformaci\u00f3n de hu\u00e9spedes que han realizado dietas o ceremonias con plantas maestras y ayahuasca en El Jard\u00edn de la Paz. Si has trabajado con nosotros y te gustar\u00eda compartir tu experiencia, por favor ponte en contacto con nosotros, nos encantar\u00eda saber de ti.<\/p>\n<p class=\"font_8\">\u00bfQu\u00e9 tipo de enfermedades se pueden tratar o qu\u00e9 beneficios se pueden obtener de un retiro de ayahuasca y plantas maestras? Estas son algunas de las posibilidades <a href=\"https:\/\/www.thegardenofpeace.com\/es\/contact\/\">Contacto<\/a> para hablar de su situaci\u00f3n.<\/p>\n<p class=\"font_8\">Depresi\u00f3n y ansiedad, condiciones autoinmunitarias, artritis, problemas digestivos, trastornos hormonales, fobias, Parkinson, condiciones de la piel, insomnio, cambios en patrones emocionales negativos, c\u00e1ncer, trastornos alimentarios, alergias, manejo del peso, profunda visi\u00f3n espiritual, claridad en el camino de vida, recuperaci\u00f3n del alma, mejora de la creatividad, conexi\u00f3n con gu\u00edas espirituales y maestros, TEPT, fatiga cr\u00f3nica... y muchos, muchos m\u00e1s.<\/p>\n<p>\u200b<\/p>\n<p class=\"font_3 translation-block\">Tambi\u00e9n puede consultar las rese\u00f1as independientes que tenemos en <a href=\"http:\/\/retreat.guru\/centers\/1268\/ayahuasca-healings-the-garden-of-peace\" target=\"_self\">Retreat Guru<\/a><\/p>\n\n\t\t<\/div>\n\t<\/div>\n<div class=\"vc_empty_space\"   style=\"height: 20px\"><span class=\"vc_empty_space_inner\"><\/span><\/div><div class=\"vc_separator wpb_content_element vc_separator_align_center vc_sep_width_100 vc_sep_dotted vc_sep_pos_align_center vc_separator_no_text wpb_content_element  wpb_content_element\" ><span class=\"vc_sep_holder vc_sep_holder_l\"><span style=\"border-color:#ffbf00;\" class=\"vc_sep_line\"><\/span><\/span><span class=\"vc_sep_holder vc_sep_holder_r\"><span style=\"border-color:#ffbf00;\" class=\"vc_sep_line\"><\/span><\/span>\n<\/div><div class=\"vc_empty_space\"   style=\"height: 25px\"><span class=\"vc_empty_space_inner\"><\/span><\/div><\/div><\/div><\/div><\/div><div class=\"vc_row wpb_row vc_row-fluid\"><div class=\"wpb_column vc_column_container vc_col-sm-12\"><div class=\"vc_column-inner\"><div class=\"wpb_wrapper\">\n<div class=\"vc_grid-container-wrapper vc_clearfix vc_grid-animation-fadeIn\">\n\t<div class=\"vc_grid-container vc_clearfix wpb_content_element vc_basic_grid\" data-initial-loading-animation=\"fadeIn\" data-vc-grid-settings=\"{&quot;page_id&quot;:156,&quot;style&quot;:&quot;all&quot;,&quot;action&quot;:&quot;vc_get_vc_grid_data&quot;,&quot;shortcode_id&quot;:&quot;1547785062450-3e7d1f0d-2b3f-1&quot;,&quot;tag&quot;:&quot;vc_basic_grid&quot;}\" data-vc-request=\"https:\/\/www.thegardenofpeace.com\/wp-admin\/admin-ajax.php\" data-vc-post-id=\"156\" data-vc-public-nonce=\"086774a592\">\n\t\t<style data-type=\"vc_shortcodes-custom-css\">.vc_custom_1419240516480{background-color: #f9f9f9 !important;}<\/style><div class=\"vc_grid vc_row vc_grid-gutter-30px vc_pageable-wrapper vc_hook_hover\" data-vc-pageable-content=\"true\"><div class=\"vc_pageable-slide-wrapper vc_clearfix\" data-vc-grid-content=\"true\"><div class=\"vc_grid-item vc_clearfix vc_col-sm-6 vc_grid-item-zone-c-bottom\"><div class=\"vc_grid-item-mini vc_clearfix\"><div class=\"vc_gitem-animated-block\" ><\/div><div class=\"vc_gitem-zone vc_gitem-zone-c vc_custom_1419240516480\"><div class=\"vc_gitem-zone-mini\"><div class=\"vc_gitem_row vc_row vc_gitem-row-position-top\"><div class=\"vc_col-sm-12 vc_gitem-col vc_gitem-col-align-\"><div class=\"vc_custom_heading vc_gitem-post-data vc_gitem-post-data-source-post_title\" ><h4 style=\"text-align: left\" >Una nueva perspectiva - Alycia ,USA<\/h4><\/div><div class=\"vc_custom_heading vc_gitem-post-data vc_gitem-post-data-source-post_excerpt\" ><p style=\"text-align: left\" ><p>Una Nueva Perspectiva - Alycia ,USA He visto su video, y creo que es muy relevante para la forma en que hab\u00eda abordado inicialmente el trabajo con ayahuasca. Realmente no [...]<\/p>\n<\/p><\/div><div class=\"vc_btn3-container  Mybutton vc_btn3-left\"><a onmouseleave=\"this.style.borderColor='#3b6b2f'; this.style.backgroundColor='transparent'; this.style.color='#3b6b2f'\" onmouseenter=\"this.style.borderColor='#ffbf00'; this.style.backgroundColor='#ffbf00'; this.style.color='#ffffff';\" style=\"border-color:#3b6b2f; color:#3b6b2f;\" class=\"vc_general vc_btn3 vc_btn3-size-md vc_btn3-shape-square vc_btn3-style-outline-custom\" a href=\"https:\/\/www.thegardenofpeace.com\/es\/blog\/testimonial\/una-nueva-perspectiva\/\" title=\"Leer el testimonio completo\">Leer el testimonio completo<\/a><\/div><\/div><\/div><\/div><\/div><\/div><div class=\"vc_clearfix\"><\/div><\/div><div class=\"vc_grid-item vc_clearfix vc_col-sm-6 vc_grid-item-zone-c-bottom\"><div class=\"vc_grid-item-mini vc_clearfix\"><div class=\"vc_gitem-animated-block\" ><\/div><div class=\"vc_gitem-zone vc_gitem-zone-c vc_custom_1419240516480\"><div class=\"vc_gitem-zone-mini\"><div class=\"vc_gitem_row vc_row vc_gitem-row-position-top\"><div class=\"vc_col-sm-12 vc_gitem-col vc_gitem-col-align-\"><div class=\"vc_custom_heading vc_gitem-post-data vc_gitem-post-data-source-post_title\" ><h4 style=\"text-align: left\" >Curaci\u00f3n espinal - Rhonda, USA<\/h4><\/div><div class=\"vc_custom_heading vc_gitem-post-data vc_gitem-post-data-source-post_excerpt\" ><p style=\"text-align: left\" ><p>Curaci\u00f3n de la columna vertebral - Rhonda, EE.UU. He estado trabajando en la curaci\u00f3n de una enfermedad grave durante muchos a\u00f1os. Una de las \u00faltimas cosas para limpiar de esta enfermedad era un invisible [...]<\/p>\n<\/p><\/div><div class=\"vc_btn3-container  Mybutton vc_btn3-left\"><a onmouseleave=\"this.style.borderColor='#3b6b2f'; this.style.backgroundColor='transparent'; this.style.color='#3b6b2f'\" onmouseenter=\"this.style.borderColor='#ffbf00'; this.style.backgroundColor='#ffbf00'; this.style.color='#ffffff';\" style=\"border-color:#3b6b2f; color:#3b6b2f;\" class=\"vc_general vc_btn3 vc_btn3-size-md vc_btn3-shape-square vc_btn3-style-outline-custom\" a href=\"https:\/\/www.thegardenofpeace.com\/es\/blog\/testimonial\/curacion-espinal\/\" title=\"Leer el testimonio completo\">Leer el testimonio completo<\/a><\/div><\/div><\/div><\/div><\/div><\/div><div class=\"vc_clearfix\"><\/div><\/div><div class=\"vc_grid-item vc_clearfix vc_col-sm-6 vc_grid-item-zone-c-bottom\"><div class=\"vc_grid-item-mini vc_clearfix\"><div class=\"vc_gitem-animated-block\" ><\/div><div class=\"vc_gitem-zone vc_gitem-zone-c vc_custom_1419240516480\"><div class=\"vc_gitem-zone-mini\"><div class=\"vc_gitem_row vc_row vc_gitem-row-position-top\"><div class=\"vc_col-sm-12 vc_gitem-col vc_gitem-col-align-\"><div class=\"vc_custom_heading vc_gitem-post-data vc_gitem-post-data-source-post_title\" ><h4 style=\"text-align: left\" >Flor en que me he convertido - Gustav, Sweden<\/h4><\/div><div class=\"vc_custom_heading vc_gitem-post-data vc_gitem-post-data-source-post_excerpt\" ><p style=\"text-align: left\" ><p>La flor en la que me he convertido - Gustav, Suecia Saliendo del c\u00f3modo vientre de la sociedad sueca, buscaba fragmentar y dispersar las nubes de negatividad y expectativas que sent\u00eda [...].<\/p>\n<\/p><\/div><div class=\"vc_btn3-container  Mybutton vc_btn3-left\"><a onmouseleave=\"this.style.borderColor='#3b6b2f'; this.style.backgroundColor='transparent'; this.style.color='#3b6b2f'\" onmouseenter=\"this.style.borderColor='#ffbf00'; this.style.backgroundColor='#ffbf00'; this.style.color='#ffffff';\" style=\"border-color:#3b6b2f; color:#3b6b2f;\" class=\"vc_general vc_btn3 vc_btn3-size-md vc_btn3-shape-square vc_btn3-style-outline-custom\" a href=\"https:\/\/www.thegardenofpeace.com\/es\/blog\/testimonial\/flower-ive-become\/\" title=\"Leer el testimonio completo\">Leer el testimonio completo<\/a><\/div><\/div><\/div><\/div><\/div><\/div><div class=\"vc_clearfix\"><\/div><\/div><div class=\"vc_grid-item vc_clearfix vc_col-sm-6 vc_grid-item-zone-c-bottom\"><div class=\"vc_grid-item-mini vc_clearfix\"><div class=\"vc_gitem-animated-block\" ><\/div><div class=\"vc_gitem-zone vc_gitem-zone-c vc_custom_1419240516480\"><div class=\"vc_gitem-zone-mini\"><div class=\"vc_gitem_row vc_row vc_gitem-row-position-top\"><div class=\"vc_col-sm-12 vc_gitem-col vc_gitem-col-align-\"><div class=\"vc_custom_heading vc_gitem-post-data vc_gitem-post-data-source-post_title\" ><h4 style=\"text-align: left\" >Gratitud eterna - Terri, South Africa<\/h4><\/div><div class=\"vc_custom_heading vc_gitem-post-data vc_gitem-post-data-source-post_excerpt\" ><p style=\"text-align: left\" ><p>Gratitud eterna - Terri, Sud\u00e1frica No vine a Per\u00fa buscando ayahuasca. Aunque muchas personas compartieron sus experiencias conmigo, anim\u00e1ndome a probarla, estaba 100% [...]<\/p>\n<\/p><\/div><div class=\"vc_btn3-container  Mybutton vc_btn3-left\"><a onmouseleave=\"this.style.borderColor='#3b6b2f'; this.style.backgroundColor='transparent'; this.style.color='#3b6b2f'\" onmouseenter=\"this.style.borderColor='#ffbf00'; this.style.backgroundColor='#ffbf00'; this.style.color='#ffffff';\" style=\"border-color:#3b6b2f; color:#3b6b2f;\" class=\"vc_general vc_btn3 vc_btn3-size-md vc_btn3-shape-square vc_btn3-style-outline-custom\" a href=\"https:\/\/www.thegardenofpeace.com\/es\/blog\/testimonial\/eterna-gratitud\/\" title=\"Leer el testimonio completo\">Leer el testimonio completo<\/a><\/div><\/div><\/div><\/div><\/div><\/div><div class=\"vc_clearfix\"><\/div><\/div><\/div><\/div>\n\t<\/div>\n<\/div><\/div><\/div><\/div><\/div><div class=\"vc_row wpb_row vc_row-fluid\"><div class=\"wpb_column vc_column_container vc_col-sm-12\"><div class=\"vc_column-inner\"><div class=\"wpb_wrapper\"><div class=\"vc_empty_space\"   style=\"height: 36px\"><span class=\"vc_empty_space_inner\"><\/span><\/div><\/div><\/div><\/div><\/div>\n<\/div>","protected":false},"excerpt":{"rendered":"Healing Stories from the Garden Every personal journey and experience with these medicines is unique. Here we share stories of healing and transformation from past guests who have undertaken master [...]","protected":false},"author":1,"featured_media":0,"parent":14,"menu_order":0,"comment_status":"closed","ping_status":"closed","template":"","meta":{"pgc_meta":"","footnotes":""},"class_list":["post-156","page","type-page","status-publish","hentry"],"pgc_meta":"","yoast_head":"<!-- This site is optimized with the Yoast SEO plugin v27.2 - https:\/\/yoast.com\/product\/yoast-seo-wordpress\/ -->\n<title>Testimonials | Ayahuasca Healing Retreat Centre | The Garden of Peace<\/title>\n<meta name=\"description\" content=\"Personal stories of healing and transformation from past guests who have undertaken master plant and ayahuasca dietas or ceremonies.\" \/>\n<meta name=\"robots\" content=\"index, follow, max-snippet:-1, max-image-preview:large, max-video-preview:-1\" \/>\n<link rel=\"canonical\" href=\"https:\/\/www.thegardenofpeace.com\/es\/quienes-somos\/testimonios\/\" \/>\n<meta property=\"og:locale\" content=\"es_ES\" \/>\n<meta property=\"og:type\" content=\"article\" \/>\n<meta property=\"og:title\" content=\"Testimonials | Ayahuasca Healing Retreat Centre | The Garden of Peace\" \/>\n<meta property=\"og:description\" content=\"Personal stories of healing and transformation from past guests who have undertaken master plant and ayahuasca dietas or ceremonies.\" \/>\n<meta property=\"og:url\" content=\"https:\/\/www.thegardenofpeace.com\/es\/quienes-somos\/testimonios\/\" \/>\n<meta property=\"og:site_name\" content=\"The Garden of Peace\" \/>\n<meta property=\"article:publisher\" content=\"https:\/\/www.facebook.com\/eljardindelapaz\/?tn-str=k%2aF\" \/>\n<meta property=\"article:modified_time\" content=\"2019-03-02T04:33:30+00:00\" \/>\n<meta name=\"twitter:card\" content=\"summary_large_image\" \/>\n<meta name=\"twitter:label1\" content=\"Tiempo de lectura\" \/>\n\t<meta name=\"twitter:data1\" content=\"1 minuto\" \/>\n<script type=\"application\/ld+json\" class=\"yoast-schema-graph\">{\"@context\":\"https:\/\/schema.org\",\"@graph\":[{\"@type\":\"WebPage\",\"@id\":\"https:\/\/www.thegardenofpeace.com\/who-we-are\/testimonials\/\",\"url\":\"https:\/\/www.thegardenofpeace.com\/who-we-are\/testimonials\/\",\"name\":\"Testimonials | Ayahuasca Healing Retreat Centre | The Garden of Peace\",\"isPartOf\":{\"@id\":\"https:\/\/www.thegardenofpeace.com\/#website\"},\"datePublished\":\"2016-11-08T18:56:56+00:00\",\"dateModified\":\"2019-03-02T04:33:30+00:00\",\"description\":\"Personal stories of healing and transformation from past guests who have undertaken master plant and ayahuasca dietas or ceremonies.\",\"breadcrumb\":{\"@id\":\"https:\/\/www.thegardenofpeace.com\/who-we-are\/testimonials\/#breadcrumb\"},\"inLanguage\":\"es\",\"potentialAction\":[{\"@type\":\"ReadAction\",\"target\":[\"https:\/\/www.thegardenofpeace.com\/who-we-are\/testimonials\/\"]}]},{\"@type\":\"BreadcrumbList\",\"@id\":\"https:\/\/www.thegardenofpeace.com\/who-we-are\/testimonials\/#breadcrumb\",\"itemListElement\":[{\"@type\":\"ListItem\",\"position\":1,\"name\":\"Who we are\",\"item\":\"https:\/\/www.thegardenofpeace.com\/who-we-are\/\"},{\"@type\":\"ListItem\",\"position\":2,\"name\":\"Testimonials\"}]},{\"@type\":\"WebSite\",\"@id\":\"https:\/\/www.thegardenofpeace.com\/#website\",\"url\":\"https:\/\/www.thegardenofpeace.com\/\",\"name\":\"The Garden of Peace\",\"description\":\"\",\"publisher\":{\"@id\":\"https:\/\/www.thegardenofpeace.com\/#organization\"},\"potentialAction\":[{\"@type\":\"SearchAction\",\"target\":{\"@type\":\"EntryPoint\",\"urlTemplate\":\"https:\/\/www.thegardenofpeace.com\/?s={search_term_string}\"},\"query-input\":{\"@type\":\"PropertyValueSpecification\",\"valueRequired\":true,\"valueName\":\"search_term_string\"}}],\"inLanguage\":\"es\"},{\"@type\":\"Organization\",\"@id\":\"https:\/\/www.thegardenofpeace.com\/#organization\",\"name\":\"the garden of peace\",\"url\":\"https:\/\/www.thegardenofpeace.com\/\",\"logo\":{\"@type\":\"ImageObject\",\"inLanguage\":\"es\",\"@id\":\"https:\/\/www.thegardenofpeace.com\/#\/schema\/logo\/image\/\",\"url\":\"https:\/\/www.thegardenofpeace.com\/wp-content\/uploads\/2018\/11\/header-three.png\",\"contentUrl\":\"https:\/\/www.thegardenofpeace.com\/wp-content\/uploads\/2018\/11\/header-three.png\",\"width\":558,\"height\":149,\"caption\":\"the garden of peace\"},\"image\":{\"@id\":\"https:\/\/www.thegardenofpeace.com\/#\/schema\/logo\/image\/\"},\"sameAs\":[\"https:\/\/www.facebook.com\/eljardindelapaz\/?tn-str=k*F\",\"https:\/\/www.instagram.com\/thegardenofpeace\/?hl=en\"]}]}<\/script>\n<!-- \/ Yoast SEO plugin. -->","yoast_head_json":{"title":"Testimonials | Ayahuasca Healing Retreat Centre | The Garden of Peace","description":"Personal stories of healing and transformation from past guests who have undertaken master plant and ayahuasca dietas or ceremonies.","robots":{"index":"index","follow":"follow","max-snippet":"max-snippet:-1","max-image-preview":"max-image-preview:large","max-video-preview":"max-video-preview:-1"},"canonical":"https:\/\/www.thegardenofpeace.com\/es\/quienes-somos\/testimonios\/","og_locale":"es_ES","og_type":"article","og_title":"Testimonials | Ayahuasca Healing Retreat Centre | The Garden of Peace","og_description":"Personal stories of healing and transformation from past guests who have undertaken master plant and ayahuasca dietas or ceremonies.","og_url":"https:\/\/www.thegardenofpeace.com\/es\/quienes-somos\/testimonios\/","og_site_name":"The Garden of Peace","article_publisher":"https:\/\/www.facebook.com\/eljardindelapaz\/?tn-str=k%2aF","article_modified_time":"2019-03-02T04:33:30+00:00","twitter_card":"summary_large_image","twitter_misc":{"Tiempo de lectura":"1 minuto"},"schema":{"@context":"https:\/\/schema.org","@graph":[{"@type":"WebPage","@id":"https:\/\/www.thegardenofpeace.com\/who-we-are\/testimonials\/","url":"https:\/\/www.thegardenofpeace.com\/who-we-are\/testimonials\/","name":"Testimonials | Ayahuasca Healing Retreat Centre | The Garden of Peace","isPartOf":{"@id":"https:\/\/www.thegardenofpeace.com\/#website"},"datePublished":"2016-11-08T18:56:56+00:00","dateModified":"2019-03-02T04:33:30+00:00","description":"Personal stories of healing and transformation from past guests who have undertaken master plant and ayahuasca dietas or ceremonies.","breadcrumb":{"@id":"https:\/\/www.thegardenofpeace.com\/who-we-are\/testimonials\/#breadcrumb"},"inLanguage":"es","potentialAction":[{"@type":"ReadAction","target":["https:\/\/www.thegardenofpeace.com\/who-we-are\/testimonials\/"]}]},{"@type":"BreadcrumbList","@id":"https:\/\/www.thegardenofpeace.com\/who-we-are\/testimonials\/#breadcrumb","itemListElement":[{"@type":"ListItem","position":1,"name":"Who we are","item":"https:\/\/www.thegardenofpeace.com\/who-we-are\/"},{"@type":"ListItem","position":2,"name":"Testimonials"}]},{"@type":"WebSite","@id":"https:\/\/www.thegardenofpeace.com\/#website","url":"https:\/\/www.thegardenofpeace.com\/","name":"The Garden of Peace","description":"","publisher":{"@id":"https:\/\/www.thegardenofpeace.com\/#organization"},"potentialAction":[{"@type":"SearchAction","target":{"@type":"EntryPoint","urlTemplate":"https:\/\/www.thegardenofpeace.com\/?s={search_term_string}"},"query-input":{"@type":"PropertyValueSpecification","valueRequired":true,"valueName":"search_term_string"}}],"inLanguage":"es"},{"@type":"Organization","@id":"https:\/\/www.thegardenofpeace.com\/#organization","name":"the garden of peace","url":"https:\/\/www.thegardenofpeace.com\/","logo":{"@type":"ImageObject","inLanguage":"es","@id":"https:\/\/www.thegardenofpeace.com\/#\/schema\/logo\/image\/","url":"https:\/\/www.thegardenofpeace.com\/wp-content\/uploads\/2018\/11\/header-three.png","contentUrl":"https:\/\/www.thegardenofpeace.com\/wp-content\/uploads\/2018\/11\/header-three.png","width":558,"height":149,"caption":"the garden of peace"},"image":{"@id":"https:\/\/www.thegardenofpeace.com\/#\/schema\/logo\/image\/"},"sameAs":["https:\/\/www.facebook.com\/eljardindelapaz\/?tn-str=k*F","https:\/\/www.instagram.com\/thegardenofpeace\/?hl=en"]}]}},"_links":{"self":[{"href":"https:\/\/www.thegardenofpeace.com\/es\/wp-json\/wp\/v2\/pages\/156","targetHints":{"allow":["GET"]}}],"collection":[{"href":"https:\/\/www.thegardenofpeace.com\/es\/wp-json\/wp\/v2\/pages"}],"about":[{"href":"https:\/\/www.thegardenofpeace.com\/es\/wp-json\/wp\/v2\/types\/page"}],"author":[{"embeddable":true,"href":"https:\/\/www.thegardenofpeace.com\/es\/wp-json\/wp\/v2\/users\/1"}],"replies":[{"embeddable":true,"href":"https:\/\/www.thegardenofpeace.com\/es\/wp-json\/wp\/v2\/comments?post=156"}],"version-history":[{"count":35,"href":"https:\/\/www.thegardenofpeace.com\/es\/wp-json\/wp\/v2\/pages\/156\/revisions"}],"predecessor-version":[{"id":1880,"href":"https:\/\/www.thegardenofpeace.com\/es\/wp-json\/wp\/v2\/pages\/156\/revisions\/1880"}],"up":[{"embeddable":true,"href":"https:\/\/www.thegardenofpeace.com\/es\/wp-json\/wp\/v2\/pages\/14"}],"wp:attachment":[{"href":"https:\/\/www.thegardenofpeace.com\/es\/wp-json\/wp\/v2\/media?parent=156"}],"curies":[{"name":"wp","href":"https:\/\/api.w.org\/{rel}","templated":true}]}}