{"id":149,"date":"2016-11-08T18:41:53","date_gmt":"2016-11-08T18:41:53","guid":{"rendered":"http:\/\/69.89.31.166\/~plantsp2\/?page_id=149"},"modified":"2023-04-02T12:27:17","modified_gmt":"2023-04-02T12:27:17","slug":"rules-guidelines","status":"publish","type":"page","link":"https:\/\/www.thegardenofpeace.com\/es\/como-prepararse\/normas-y-directrices\/","title":{"rendered":"Reglas y pautas"},"content":{"rendered":"<div class=\"wpb-content-wrapper\"><div class=\"vc_row wpb_row vc_row-fluid\"><div class=\"wpb_column vc_column_container vc_col-sm-12\"><div class=\"vc_column-inner\"><div class=\"wpb_wrapper\"><div class=\"vc_empty_space\"   style=\"height: 20px\"><span class=\"vc_empty_space_inner\"><\/span><\/div><\/div><\/div><\/div><\/div><div class=\"vc_row wpb_row vc_row-fluid\"><div class=\"wpb_column vc_column_container vc_col-sm-12\"><div class=\"vc_column-inner\"><div class=\"wpb_wrapper\"><h1 style=\"text-align: left\" class=\"vc_custom_heading vc_do_custom_heading\" >Normas y directrices<\/h1><\/div><\/div><\/div><\/div><div class=\"vc_row wpb_row vc_row-fluid\"><div class=\"wpb_column vc_column_container vc_col-sm-12\"><div class=\"vc_column-inner\"><div class=\"wpb_wrapper\"><div class=\"vc_empty_space\"   style=\"height: 20px\"><span class=\"vc_empty_space_inner\"><\/span><\/div><\/div><\/div><\/div><\/div><div class=\"vc_row wpb_row vc_row-fluid\"><div class=\"wpb_column vc_column_container vc_col-sm-12\"><div class=\"vc_column-inner\"><div class=\"wpb_wrapper\">\n\t<div class=\"wpb_text_column wpb_content_element\" >\n\t\t<div class=\"wpb_wrapper\">\n\t\t\t<p class=\"font_8\"><strong>IMPORTANTE: Debes leer y estar dispuesto a seguir estas normas si deseas asistir a un retiro en El Jard\u00edn de la Paz. Son esenciales para el bienestar.<\/strong><\/p>\n<p><img loading=\"lazy\" decoding=\"async\" class=\"alignright wp-image-2224\" src=\"https:\/\/www.thegardenofpeace.com\/wp-content\/uploads\/2019\/02\/pair-2-550x550.jpg\" alt=\"\" width=\"400\" height=\"400\" srcset=\"https:\/\/www.thegardenofpeace.com\/wp-content\/uploads\/2019\/02\/pair-2-550x550.jpg 550w, https:\/\/www.thegardenofpeace.com\/wp-content\/uploads\/2019\/02\/pair-2-150x150.jpg 150w, https:\/\/www.thegardenofpeace.com\/wp-content\/uploads\/2019\/02\/pair-2-300x300.jpg 300w, https:\/\/www.thegardenofpeace.com\/wp-content\/uploads\/2019\/02\/pair-2-768x768.jpg 768w, https:\/\/www.thegardenofpeace.com\/wp-content\/uploads\/2019\/02\/pair-2-75x75.jpg 75w, https:\/\/www.thegardenofpeace.com\/wp-content\/uploads\/2019\/02\/pair-2-600x600.jpg 600w, https:\/\/www.thegardenofpeace.com\/wp-content\/uploads\/2019\/02\/pair-2-100x100.jpg 100w, https:\/\/www.thegardenofpeace.com\/wp-content\/uploads\/2019\/02\/pair-2.jpg 960w\" sizes=\"auto, (max-width: 400px) 100vw, 400px\" \/><\/p>\n<p class=\"font_8\">El Jard\u00edn de la Paz es un espacio sagrado para la curaci\u00f3n, el trabajo espiritual, el descanso y la relajaci\u00f3n.<\/p>\n<p class=\"font_8\">El personal y los sanadores est\u00e1n aqu\u00ed para facilitar, guiar y proteger el proceso de todos nuestros hu\u00e9spedes y al elegir venir y trabajar con nosotros, se espera que los hu\u00e9spedes se adhieran a ciertas directrices y compromisos en cooperaci\u00f3n con nuestro equipo. Esto es realmente para el bienestar y la comodidad de todos nuestros hu\u00e9spedes. Si tiene problemas con alguno de los siguientes requisitos, hable con nosotros. Si se incumplen los compromisos, siempre intentaremos resolver la situaci\u00f3n discretamente, pero en casos graves nos reservamos el derecho de solicitar y garantizar que esas personas abandonen el centro, sin derecho a reembolso.<\/p>\n<p class=\"font_8\">Por favor, recuerda tambi\u00e9n que las reglas para la dieta Master Plant son mucho m\u00e1s estrictas que para nuestros programas en los que s\u00f3lo participas en ceremonias de Ayahuasca como la desintoxicaci\u00f3n cham\u00e1nica de 7 d\u00edas. Podemos hablar con usted acerca de la diferencia cuando se aplica.<\/p>\n<p class=\"font_8\"><i>Al confirmar su visita y pagar un dep\u00f3sito, usted indica que comprende y cumple estas directrices y compromisos.<\/i><\/p>\n<h3><\/h3>\n<h3><\/h3>\n<h3 class=\"font_8\"><strong>Respetar el silencio noble y la conducta adecuada:<\/strong><\/h3>\n<p>En este trabajo es MUY importante respetar el espacio y la soledad de ti mismo y de los dem\u00e1s en todo momento. Si est\u00e1s en un Programa de Dieta Vegetal Maestra, esto significa abstenerse casi totalmente del contacto verbal o f\u00edsico con otros hu\u00e9spedes, que puede interrumpir el proceso de curaci\u00f3n y fusionar las energ\u00edas de las personas de maneras poco \u00fatiles. Por favor, sepa que el personal est\u00e1 siempre disponible si necesita hablar y tambi\u00e9n facilitar\u00e1 momentos apropiados para compartir en grupo. Tambi\u00e9n, por favor, intenta ser consciente de tu lenguaje, decir palabrotas no es lo ideal, tampoco lo es \"ventilar\" tus procesos a otros hu\u00e9spedes o sentarte a socializar. Ning\u00fan hu\u00e9sped debe entrar en ning\u00fan momento en la caba\u00f1a de otro hu\u00e9sped en dieta. Los comportamientos perturbadores pueden dar lugar a que el personal tome las medidas oportunas para proteger el espacio, incluida la de pedir a la gente que se marche.<\/p>\n<p>Comprom\u00e9tase con la post-dieta. Si emprendes una Dieta Maestra de Plantas hay un periodo de 30 d\u00edas despu\u00e9s de dejar El Jard\u00edn en el que es vital que sigas las pautas diet\u00e9ticas y de comportamiento. Los hu\u00e9spedes que hacen dieta con nosotros dejan una huella energ\u00e9tica y si rompes tu dieta nosotros tambi\u00e9n lo sentimos, pero mucho m\u00e1s importante es que puedes enfermar y deshacer todo tu buen trabajo sin un Cham\u00e1n o plantas que te ayuden a corregirlo una vez que est\u00e9s de vuelta en casa. Las pautas post-dieta son\u00a0<a href=\"http:\/\/www.thegardenofpeace.com\/es\/post-dieta\/\">esbozado aqu\u00ed<\/a>.<\/p>\n<h3 class=\"font_8\"><strong>Respeta las directrices alimentarias:<\/strong><\/h3>\n<p>Nuestras directrices relacionadas con la comida son para el bienestar de todos nuestros hu\u00e9spedes y est\u00e1n desarrolladas para armonizar con las sutilezas de esta medicina sagrada. Por favor, no traiga comida de m\u00e1s, ya que todo estar\u00e1 previsto y comer accidentalmente algo de m\u00e1s puede causar da\u00f1os graves. Si tiene alg\u00fan requisito diet\u00e9tico espec\u00edfico, le rogamos que nos lo comunique con antelaci\u00f3n para que podamos satisfacer mejor sus necesidades; de lo contrario, le serviremos lo que tengamos. No debe pasar por sus labios nada que no le demos.<\/p>\n<h3 class=\"font_8\"><strong>Respeta la tierra no contaminando:<\/strong><\/h3>\n<p>Dejar basura o interferir con las plantas y animales que viven aqu\u00ed.<br \/>\nRespeta los edificios: Por favor, no lleves zapatos dentro de la Maloka ni de tu caba\u00f1a. No enciendas velas en las ventanas ni las dejes desatendidas. Siga las directrices sobre el uso correcto de los aseos, ya que hay varios tipos diferentes.<br \/>\nNo salgas de los l\u00edmites de la propiedad de El Jard\u00edn de la Paz sin hablar antes con el personal. Este es un espacio f\u00edsica y energ\u00e9ticamente protegido para tu dieta. Adentrarse en el pueblo, en el r\u00edo o en la selva no es seguro para ti y te pedimos que hables con nosotros antes de hacerlo.<\/p>\n<h3 class=\"font_8\"><strong>Respete los bienes personales:<\/strong><\/h3>\n<p>No toques ni cojas lo que no es tuyo. Por favor, guarda tus pertenencias en tu caba\u00f1a, no nos hacemos responsables de ning\u00fan objeto perdido y si te dejas algo lo guardaremos durante 1 semana antes de donarlo a familias locales necesitadas.  Los objetos de valor, como tel\u00e9fonos m\u00f3viles, joyas o pasaportes, se pueden guardar en la casa principal si lo deseas. Tambi\u00e9n puedes traer un candado para la puerta de tu caba\u00f1a.<\/p>\n<h3 class=\"font_8\"><strong>Uso de aparatos electr\u00f3nicos como tel\u00e9fonos m\u00f3viles, ipods, etc:<\/strong><\/h3>\n<p>Entendemos que quiera escuchar m\u00fasica o hacer fotos, pero tradicionalmente este proceso no est\u00e1 dise\u00f1ado para que utilice sus dispositivos electr\u00f3nicos en absoluto. Hemos decidido no prohibir el uso de dispositivos electr\u00f3nicos, pero s\u00f3lo los recargaremos una vez a la semana, as\u00ed que conserve su bater\u00eda y limite el tiempo que pasa utiliz\u00e1ndolos. Adem\u00e1s, cualquier da\u00f1o a los aparatos electr\u00f3nicos que se produzca aqu\u00ed ser\u00e1 responsabilidad tuya.<\/p>\n<h3 class=\"font_8\"><strong>Respeta la energ\u00eda sexual y los l\u00edmites:<\/strong><\/h3>\n<p>Como este trabajo trata de la liberaci\u00f3n y transformaci\u00f3n de muchas energ\u00edas fuertes, el contacto sexual de cualquier tipo es absolutamente inapropiado durante su estancia. Si desarrollas sentimientos rom\u00e1nticos por favor abstente de expresarlos verbal o f\u00edsicamente hasta despu\u00e9s de tu dieta. La masturbaci\u00f3n tampoco es apropiada durante las ceremonias de ayahuasca o las dietas de plantas maestras por razones energ\u00e9ticas. Tenga en cuenta que tambi\u00e9n hay restricciones sexuales relacionadas con el per\u00edodo posterior a la dieta que usted necesita entender si se compromete a una dieta con nosotros.<\/p>\n<h3 class=\"font_8\"><strong>Drogas y alcohol:<\/strong><\/h3>\n<p>Se ruega no traer al centro drogas recreativas, cigarrillos no naturales ni alcohol.<\/p>\n<p><img loading=\"lazy\" decoding=\"async\" class=\"alignright wp-image-2248 size-thumbnail\" src=\"https:\/\/www.thegardenofpeace.com\/wp-content\/uploads\/2019\/02\/anti-drugs-2353346_640-150x150.png\" alt=\"\" width=\"150\" height=\"150\" srcset=\"https:\/\/www.thegardenofpeace.com\/wp-content\/uploads\/2019\/02\/anti-drugs-2353346_640-150x150.png 150w, https:\/\/www.thegardenofpeace.com\/wp-content\/uploads\/2019\/02\/anti-drugs-2353346_640-300x300.png 300w, https:\/\/www.thegardenofpeace.com\/wp-content\/uploads\/2019\/02\/anti-drugs-2353346_640-550x550.png 550w, https:\/\/www.thegardenofpeace.com\/wp-content\/uploads\/2019\/02\/anti-drugs-2353346_640-75x75.png 75w, https:\/\/www.thegardenofpeace.com\/wp-content\/uploads\/2019\/02\/anti-drugs-2353346_640-600x600.png 600w, https:\/\/www.thegardenofpeace.com\/wp-content\/uploads\/2019\/02\/anti-drugs-2353346_640-100x100.png 100w, https:\/\/www.thegardenofpeace.com\/wp-content\/uploads\/2019\/02\/anti-drugs-2353346_640.png 640w\" sizes=\"auto, (max-width: 150px) 100vw, 150px\" \/><\/p>\n<p>El consumo de estos productos no es propicio para el trabajo que hacemos e interrumpe la curaci\u00f3n de ti mismo y de los dem\u00e1s con consecuencias potencialmente muy graves. Si usted es fumador, por favor traiga cigarrillos naturales Mapacho, f\u00e1cilmente disponibles para su compra en Tarapoto o Lamas.<\/p>\n<h3 class=\"font_8\"><strong>Productos farmac\u00e9uticos y suplementos:<\/strong><\/h3>\n<p>Los productos farmac\u00e9uticos y los suplementos naturales no son compatibles con estas plantas medicinales. Consulte a su m\u00e9dico e inf\u00f3rmenos con antelaci\u00f3n de cualquier medicamento que est\u00e9 tomando. Tenga en cuenta que debe poder dejar de tomarlos de forma segura durante al menos dos semanas antes del retiro, as\u00ed como durante toda su estancia (a veces m\u00e1s tiempo dependiendo de la sustancia). Tambi\u00e9n es muy aconsejable que te abstengas de tomar f\u00e1rmacos en el periodo posterior al retiro, salvo en caso de emergencia. Algunas condiciones m\u00e9dicas no son compatibles con la ayahuasca, pero a\u00fan as\u00ed puedes tomar otras plantas maestras y venir aqu\u00ed para curarte. Por favor, lee m\u00e1s sobre nuestras Directrices M\u00e9dicas y no dudes en hablar con nosotros sobre tu situaci\u00f3n personal. La divulgaci\u00f3n de las condiciones m\u00e9dicas pasadas y presentes es obligatoria al hacer su reserva.<\/p>\n<h3 class=\"font_8\"><strong>Condiciones m\u00e9dicas:<\/strong><\/h3>\n<p>En el momento de efectuar la reserva, los hu\u00e9spedes deber\u00e1n revelar honestamente todas las condiciones m\u00e9dicas (pasadas y presentes), incluidos el embarazo, las afecciones mentales o psicol\u00f3gicas, las lesiones f\u00edsicas, las dolencias, las enfermedades o las discapacidades.<\/p>\n<h3 class=\"font_8\"><strong>Productos cosm\u00e9ticos y de cuidado personal, lociones y pociones:<\/strong><\/h3>\n<p>El uso de cualquiera de estos productos que no son 100% a base de plantas puede causar reacciones durante la dieta vegetal maestro. Recomendamos encarecidamente s\u00f3lo el uso de aceite de coco org\u00e1nico para cepillarse los dientes y nadar en el r\u00edo sin jab\u00f3n para lavar. Si realmente quieres productos de origen vegetal habla con nosotros sobre las marcas que est\u00e1s eligiendo. El jab\u00f3n de castilla Dr Bronners puede ser una buena opci\u00f3n y est\u00e1 ampliamente disponible en muchos pa\u00edses.<\/p>\n<h3 class=\"font_8\"><strong>Seguridad, emergencias y responsabilidad:<\/strong><\/h3>\n<p>El Jard\u00edn de la Paz se encuentra en una zona rural remota y a veces el transporte puede ser lento dentro y fuera del centro.  En caso de emergencia, haremos todo lo posible para que los hu\u00e9spedes reciban la ayuda que necesiten. No obstante, le rogamos que preste atenci\u00f3n a la seguridad en todo momento, lleve calzado y utilice una linterna cuando se desplace por la noche. No se aleje durante ni despu\u00e9s de las ceremonias de ayahuasca y no interfiera con la flora ni la fauna locales. Si necesita atenci\u00f3n m\u00e9dica, nos encargaremos de llevarle al centro adecuado m\u00e1s cercano, pero los gastos m\u00e9dicos correr\u00e1n a cargo de los hu\u00e9spedes. Al reservar un retiro o ceremonia con nosotros, los hu\u00e9spedes expresan su comprensi\u00f3n y plena responsabilidad por los riesgos que puedan encontrar aqu\u00ed. El Jard\u00edn de la Paz no se hace responsable de las lesiones que puedan sufrir los hu\u00e9spedes entre las fechas de inicio y finalizaci\u00f3n de su retiro o ceremonia y se entiende que los hu\u00e9spedes eximen al centro de tal responsabilidad en el momento de la reserva.<\/p>\n<h3 class=\"font_8\"><strong>Compromiso con el proceso:<\/strong><\/h3>\n<p>A veces puede ser un proceso emocional y f\u00edsico dif\u00edcil para algunas personas. Le ayudaremos a completar su retiro porque sabemos que es para su bienestar y nosotros mismos hemos pasado por estos retos. Sin embargo, el libre albedr\u00edo prevalece y si usted decide salir antes de la finalizaci\u00f3n de su retiro no tiene derecho a un reembolso y muy rara vez se permitir\u00e1 a un hu\u00e9sped para terminar su retiro y salir el mismo d\u00eda, ya que esta es una pr\u00e1ctica insegura energ\u00e9ticamente, si usted siente que no est\u00e1 recibiendo algo que se le prometi\u00f3 o tiene alguna preocupaci\u00f3n, por favor hable con nosotros estamos abiertos y dispuestos a resolver las cosas.<\/p>\n<h3 class=\"font_8\"><strong>Dep\u00f3sitos y cancelaciones:<\/strong><\/h3>\n<p>Para todos los retiros requerimos un dep\u00f3sito del 50% para confirmar su reserva que no es reembolsable y el saldo debe ser pagado en efectivo a su llegada a Tarapoto.  Tenga en cuenta que el pago total debe hacerse antes de comenzar su retiro. El pago se puede hacer a trav\u00e9s de transferwise o paypal.<\/p>\n<h3 class=\"font_8\"><strong>El Derecho Peruano y el Ejercicio de la Medicina:<\/strong><\/h3>\n<p>El Jard\u00edn de la Paz cumple la Ley n\u00ba 28538, Art. 290. El Jard\u00edn de la Paz no es un centro m\u00e9dico y no se practica ning\u00fan tipo de asistencia sanitaria bajo su direcci\u00f3n. Sus propietarios y empleados no son profesionales de la salud y no practican ning\u00fan tipo de asistencia sanitaria.<\/p>\n<p><strong>Importante: En el momento de confirmar su reserva y pagar un dep\u00f3sito, usted indica que comprende y cumple estas directrices y compromisos.<\/strong><\/p>\n\n\t\t<\/div>\n\t<\/div>\n<\/div><\/div><\/div><\/div><div class=\"vc_row wpb_row vc_row-fluid\"><div class=\"wpb_column vc_column_container vc_col-sm-12\"><div class=\"vc_column-inner\"><div class=\"wpb_wrapper\"><div class=\"vc_empty_space\"   style=\"height: 20px\"><span class=\"vc_empty_space_inner\"><\/span><\/div><\/div><\/div><\/div><\/div>\n<\/div>","protected":false},"excerpt":{"rendered":"Rules and Guidelines IMPORTANT: You must read and be prepared to follow these rules if you wish to attend a retreat at The Garden Of Peace. They are essential for [...]","protected":false},"author":1,"featured_media":0,"parent":145,"menu_order":0,"comment_status":"closed","ping_status":"closed","template":"","meta":{"pgc_meta":"","footnotes":""},"class_list":["post-149","page","type-page","status-publish","hentry"],"pgc_meta":"","yoast_head":"<!-- This site is optimized with the Yoast SEO plugin v27.2 - https:\/\/yoast.com\/product\/yoast-seo-wordpress\/ -->\n<title>Rules and Guidelines | Ayahuasca Retreat Peru | The Garden of Peace<\/title>\n<meta name=\"description\" content=\"guest guidelines and commitments, ayahuasca disclaimer\" \/>\n<meta name=\"robots\" content=\"index, follow, max-snippet:-1, max-image-preview:large, max-video-preview:-1\" \/>\n<link rel=\"canonical\" href=\"https:\/\/www.thegardenofpeace.com\/es\/como-prepararse\/normas-y-directrices\/\" \/>\n<meta property=\"og:locale\" content=\"es_ES\" \/>\n<meta property=\"og:type\" content=\"article\" \/>\n<meta property=\"og:title\" content=\"Rules and Guidelines | Ayahuasca Retreat Peru | The Garden of Peace\" \/>\n<meta property=\"og:description\" content=\"guest guidelines and commitments, ayahuasca disclaimer\" \/>\n<meta property=\"og:url\" content=\"https:\/\/www.thegardenofpeace.com\/es\/como-prepararse\/normas-y-directrices\/\" \/>\n<meta property=\"og:site_name\" content=\"The Garden of Peace\" \/>\n<meta property=\"article:publisher\" content=\"https:\/\/www.facebook.com\/eljardindelapaz\/?tn-str=k%2aF\" \/>\n<meta property=\"article:modified_time\" content=\"2023-04-02T12:27:17+00:00\" \/>\n<meta property=\"og:image\" content=\"https:\/\/www.thegardenofpeace.com\/wp-content\/uploads\/2019\/02\/pair-2-550x550.jpg\" \/>\n<meta name=\"twitter:card\" content=\"summary_large_image\" \/>\n<meta name=\"twitter:label1\" content=\"Tiempo de lectura\" \/>\n\t<meta name=\"twitter:data1\" content=\"8 minutos\" \/>\n<script type=\"application\/ld+json\" class=\"yoast-schema-graph\">{\"@context\":\"https:\/\/schema.org\",\"@graph\":[{\"@type\":\"WebPage\",\"@id\":\"https:\/\/www.thegardenofpeace.com\/how-to-prepare\/rules-guidelines\/\",\"url\":\"https:\/\/www.thegardenofpeace.com\/how-to-prepare\/rules-guidelines\/\",\"name\":\"Rules and Guidelines | Ayahuasca Retreat Peru | The Garden of Peace\",\"isPartOf\":{\"@id\":\"https:\/\/www.thegardenofpeace.com\/#website\"},\"primaryImageOfPage\":{\"@id\":\"https:\/\/www.thegardenofpeace.com\/how-to-prepare\/rules-guidelines\/#primaryimage\"},\"image\":{\"@id\":\"https:\/\/www.thegardenofpeace.com\/how-to-prepare\/rules-guidelines\/#primaryimage\"},\"thumbnailUrl\":\"https:\/\/www.thegardenofpeace.com\/wp-content\/uploads\/2019\/02\/pair-2-550x550.jpg\",\"datePublished\":\"2016-11-08T18:41:53+00:00\",\"dateModified\":\"2023-04-02T12:27:17+00:00\",\"description\":\"guest guidelines and commitments, ayahuasca disclaimer\",\"breadcrumb\":{\"@id\":\"https:\/\/www.thegardenofpeace.com\/how-to-prepare\/rules-guidelines\/#breadcrumb\"},\"inLanguage\":\"es\",\"potentialAction\":[{\"@type\":\"ReadAction\",\"target\":[\"https:\/\/www.thegardenofpeace.com\/how-to-prepare\/rules-guidelines\/\"]}]},{\"@type\":\"ImageObject\",\"inLanguage\":\"es\",\"@id\":\"https:\/\/www.thegardenofpeace.com\/how-to-prepare\/rules-guidelines\/#primaryimage\",\"url\":\"https:\/\/www.thegardenofpeace.com\/wp-content\/uploads\/2019\/02\/pair-2-550x550.jpg\",\"contentUrl\":\"https:\/\/www.thegardenofpeace.com\/wp-content\/uploads\/2019\/02\/pair-2-550x550.jpg\"},{\"@type\":\"BreadcrumbList\",\"@id\":\"https:\/\/www.thegardenofpeace.com\/how-to-prepare\/rules-guidelines\/#breadcrumb\",\"itemListElement\":[{\"@type\":\"ListItem\",\"position\":1,\"name\":\"How to Prepare\",\"item\":\"https:\/\/www.thegardenofpeace.com\/how-to-prepare\/\"},{\"@type\":\"ListItem\",\"position\":2,\"name\":\"Rules &#038; Guidelines\"}]},{\"@type\":\"WebSite\",\"@id\":\"https:\/\/www.thegardenofpeace.com\/#website\",\"url\":\"https:\/\/www.thegardenofpeace.com\/\",\"name\":\"The Garden of Peace\",\"description\":\"\",\"publisher\":{\"@id\":\"https:\/\/www.thegardenofpeace.com\/#organization\"},\"potentialAction\":[{\"@type\":\"SearchAction\",\"target\":{\"@type\":\"EntryPoint\",\"urlTemplate\":\"https:\/\/www.thegardenofpeace.com\/?s={search_term_string}\"},\"query-input\":{\"@type\":\"PropertyValueSpecification\",\"valueRequired\":true,\"valueName\":\"search_term_string\"}}],\"inLanguage\":\"es\"},{\"@type\":\"Organization\",\"@id\":\"https:\/\/www.thegardenofpeace.com\/#organization\",\"name\":\"the garden of peace\",\"url\":\"https:\/\/www.thegardenofpeace.com\/\",\"logo\":{\"@type\":\"ImageObject\",\"inLanguage\":\"es\",\"@id\":\"https:\/\/www.thegardenofpeace.com\/#\/schema\/logo\/image\/\",\"url\":\"https:\/\/www.thegardenofpeace.com\/wp-content\/uploads\/2018\/11\/header-three.png\",\"contentUrl\":\"https:\/\/www.thegardenofpeace.com\/wp-content\/uploads\/2018\/11\/header-three.png\",\"width\":558,\"height\":149,\"caption\":\"the garden of peace\"},\"image\":{\"@id\":\"https:\/\/www.thegardenofpeace.com\/#\/schema\/logo\/image\/\"},\"sameAs\":[\"https:\/\/www.facebook.com\/eljardindelapaz\/?tn-str=k*F\",\"https:\/\/www.instagram.com\/thegardenofpeace\/?hl=en\"]}]}<\/script>\n<!-- \/ Yoast SEO plugin. -->","yoast_head_json":{"title":"Rules and Guidelines | Ayahuasca Retreat Peru | The Garden of Peace","description":"guest guidelines and commitments, ayahuasca disclaimer","robots":{"index":"index","follow":"follow","max-snippet":"max-snippet:-1","max-image-preview":"max-image-preview:large","max-video-preview":"max-video-preview:-1"},"canonical":"https:\/\/www.thegardenofpeace.com\/es\/como-prepararse\/normas-y-directrices\/","og_locale":"es_ES","og_type":"article","og_title":"Rules and Guidelines | Ayahuasca Retreat Peru | The Garden of Peace","og_description":"guest guidelines and commitments, ayahuasca disclaimer","og_url":"https:\/\/www.thegardenofpeace.com\/es\/como-prepararse\/normas-y-directrices\/","og_site_name":"The Garden of Peace","article_publisher":"https:\/\/www.facebook.com\/eljardindelapaz\/?tn-str=k%2aF","article_modified_time":"2023-04-02T12:27:17+00:00","og_image":[{"url":"https:\/\/www.thegardenofpeace.com\/wp-content\/uploads\/2019\/02\/pair-2-550x550.jpg","type":"","width":"","height":""}],"twitter_card":"summary_large_image","twitter_misc":{"Tiempo de lectura":"8 minutos"},"schema":{"@context":"https:\/\/schema.org","@graph":[{"@type":"WebPage","@id":"https:\/\/www.thegardenofpeace.com\/how-to-prepare\/rules-guidelines\/","url":"https:\/\/www.thegardenofpeace.com\/how-to-prepare\/rules-guidelines\/","name":"Rules and Guidelines | Ayahuasca Retreat Peru | The Garden of Peace","isPartOf":{"@id":"https:\/\/www.thegardenofpeace.com\/#website"},"primaryImageOfPage":{"@id":"https:\/\/www.thegardenofpeace.com\/how-to-prepare\/rules-guidelines\/#primaryimage"},"image":{"@id":"https:\/\/www.thegardenofpeace.com\/how-to-prepare\/rules-guidelines\/#primaryimage"},"thumbnailUrl":"https:\/\/www.thegardenofpeace.com\/wp-content\/uploads\/2019\/02\/pair-2-550x550.jpg","datePublished":"2016-11-08T18:41:53+00:00","dateModified":"2023-04-02T12:27:17+00:00","description":"guest guidelines and commitments, ayahuasca disclaimer","breadcrumb":{"@id":"https:\/\/www.thegardenofpeace.com\/how-to-prepare\/rules-guidelines\/#breadcrumb"},"inLanguage":"es","potentialAction":[{"@type":"ReadAction","target":["https:\/\/www.thegardenofpeace.com\/how-to-prepare\/rules-guidelines\/"]}]},{"@type":"ImageObject","inLanguage":"es","@id":"https:\/\/www.thegardenofpeace.com\/how-to-prepare\/rules-guidelines\/#primaryimage","url":"https:\/\/www.thegardenofpeace.com\/wp-content\/uploads\/2019\/02\/pair-2-550x550.jpg","contentUrl":"https:\/\/www.thegardenofpeace.com\/wp-content\/uploads\/2019\/02\/pair-2-550x550.jpg"},{"@type":"BreadcrumbList","@id":"https:\/\/www.thegardenofpeace.com\/how-to-prepare\/rules-guidelines\/#breadcrumb","itemListElement":[{"@type":"ListItem","position":1,"name":"How to Prepare","item":"https:\/\/www.thegardenofpeace.com\/how-to-prepare\/"},{"@type":"ListItem","position":2,"name":"Rules &#038; Guidelines"}]},{"@type":"WebSite","@id":"https:\/\/www.thegardenofpeace.com\/#website","url":"https:\/\/www.thegardenofpeace.com\/","name":"The Garden of Peace","description":"","publisher":{"@id":"https:\/\/www.thegardenofpeace.com\/#organization"},"potentialAction":[{"@type":"SearchAction","target":{"@type":"EntryPoint","urlTemplate":"https:\/\/www.thegardenofpeace.com\/?s={search_term_string}"},"query-input":{"@type":"PropertyValueSpecification","valueRequired":true,"valueName":"search_term_string"}}],"inLanguage":"es"},{"@type":"Organization","@id":"https:\/\/www.thegardenofpeace.com\/#organization","name":"the garden of peace","url":"https:\/\/www.thegardenofpeace.com\/","logo":{"@type":"ImageObject","inLanguage":"es","@id":"https:\/\/www.thegardenofpeace.com\/#\/schema\/logo\/image\/","url":"https:\/\/www.thegardenofpeace.com\/wp-content\/uploads\/2018\/11\/header-three.png","contentUrl":"https:\/\/www.thegardenofpeace.com\/wp-content\/uploads\/2018\/11\/header-three.png","width":558,"height":149,"caption":"the garden of peace"},"image":{"@id":"https:\/\/www.thegardenofpeace.com\/#\/schema\/logo\/image\/"},"sameAs":["https:\/\/www.facebook.com\/eljardindelapaz\/?tn-str=k*F","https:\/\/www.instagram.com\/thegardenofpeace\/?hl=en"]}]}},"_links":{"self":[{"href":"https:\/\/www.thegardenofpeace.com\/es\/wp-json\/wp\/v2\/pages\/149","targetHints":{"allow":["GET"]}}],"collection":[{"href":"https:\/\/www.thegardenofpeace.com\/es\/wp-json\/wp\/v2\/pages"}],"about":[{"href":"https:\/\/www.thegardenofpeace.com\/es\/wp-json\/wp\/v2\/types\/page"}],"author":[{"embeddable":true,"href":"https:\/\/www.thegardenofpeace.com\/es\/wp-json\/wp\/v2\/users\/1"}],"replies":[{"embeddable":true,"href":"https:\/\/www.thegardenofpeace.com\/es\/wp-json\/wp\/v2\/comments?post=149"}],"version-history":[{"count":15,"href":"https:\/\/www.thegardenofpeace.com\/es\/wp-json\/wp\/v2\/pages\/149\/revisions"}],"predecessor-version":[{"id":2293,"href":"https:\/\/www.thegardenofpeace.com\/es\/wp-json\/wp\/v2\/pages\/149\/revisions\/2293"}],"up":[{"embeddable":true,"href":"https:\/\/www.thegardenofpeace.com\/es\/wp-json\/wp\/v2\/pages\/145"}],"wp:attachment":[{"href":"https:\/\/www.thegardenofpeace.com\/es\/wp-json\/wp\/v2\/media?parent=149"}],"curies":[{"name":"wp","href":"https:\/\/api.w.org\/{rel}","templated":true}]}}