{"id":143,"date":"2016-11-08T18:30:53","date_gmt":"2016-11-08T18:30:53","guid":{"rendered":"http:\/\/69.89.31.166\/~plantsp2\/?page_id=143"},"modified":"2019-03-02T09:24:45","modified_gmt":"2019-03-02T09:24:45","slug":"medical-guidelines","status":"publish","type":"page","link":"https:\/\/www.thegardenofpeace.com\/es\/como-prepararse\/directrices-medicas\/","title":{"rendered":"Pautas m\u00e9dicas"},"content":{"rendered":"<div class=\"wpb-content-wrapper\"><div class=\"vc_row wpb_row vc_row-fluid\"><div class=\"wpb_column vc_column_container vc_col-sm-12\"><div class=\"vc_column-inner\"><div class=\"wpb_wrapper\"><h1 style=\"text-align: left\" class=\"vc_custom_heading vc_do_custom_heading\" >Pautas m\u00e9dicas<\/h1><\/div><\/div><\/div><\/div><div class=\"vc_row wpb_row vc_row-fluid\"><div class=\"wpb_column vc_column_container vc_col-sm-12\"><div class=\"vc_column-inner\"><div class=\"wpb_wrapper\">\n\t<div class=\"wpb_text_column wpb_content_element\" >\n\t\t<div class=\"wpb_wrapper\">\n\t\t\t<p class=\"font_8\">Nuestro trabajo de sanaci\u00f3n se basa en la medicina vegetal cham\u00e1nica tradicional amaz\u00f3nica. Las plantas medicinales que utilizamos, incluyendo pero no limitado a la ayahuasca, son bioqu\u00edmica y energ\u00e9ticamente muy poderosas y no se mezclan bien con todas las dem\u00e1s sustancias.<\/p>\n<p class=\"font_8\">Muchas drogas farmac\u00e9uticas, suplementos naturales y hierbas no son compatibles con la ayahuasca y algunas condiciones m\u00e9dicas o psicol\u00f3gicas tampoco son apropiadas para el tratamiento con esta medicina.<\/p>\n<p class=\"font_8\">Sin embargo, incluso si no puedes beber ayahuasca, puede haber otras plantas que podamos utilizar para ayudarte, as\u00ed que cons\u00faltalo con nosotros antes de descartar la oportunidad por completo.<\/p>\n<p class=\"font_8\">Es responsabilidad de todos los hu\u00e9spedes consultar con nosotros y con sus m\u00e9dicos sobre la seguridad de dejar la medicaci\u00f3n dentro de los plazos requeridos por El Jard\u00edn de la Paz. Adem\u00e1s, en el momento de solicitar un retiro o una ceremonia, es obligatorio revelar todas las afecciones m\u00e9dicas pasadas y presentes.<\/p>\n<p class=\"font_8\">A continuaci\u00f3n se muestra una lista de ALGUNAS condiciones m\u00e9dicas, productos farmac\u00e9uticos y suplementos que no son compatibles con el consumo de Ayahuasca. Por favor, hable con nosotros y con su m\u00e9dico si su condici\u00f3n no est\u00e1 en la lista.<\/p>\n<p class=\"font_8\">Recomendamos encarecidamente a todos los hu\u00e9spedes que se sometan a un chequeo m\u00e9dico completo antes de trabajar con nosotros, incluido un ECG para detectar cualquier anomal\u00eda de la funci\u00f3n cardiaca, ya que puede pasar desapercibida hasta que se realiza la prueba. Si viaja, podemos recomendarle un m\u00e9dico local.<\/p>\n<h3 class=\"font_3\">Condiciones m\u00e9dicas no adecuadas para el tratamiento con Ayahuasca.<\/h3>\n<ul>\n<li class=\"font_8\">Esquizofrenia<\/li>\n<li class=\"font_8\">Trastorno bipolar<\/li>\n<li class=\"font_8\">Otros trastornos disociativos, incluidos los antisociales, las tendencias suicidas y los trastornos del estado de \u00e1nimo.<\/li>\n<li class=\"font_8\">Cardiopat\u00edas graves<\/li>\n<\/ul>\n<h3 class=\"font_3\">Productos farmac\u00e9uticos y suplementos que no deben mezclarse con la ayahuasca<\/h3>\n<p class=\"font_8\">Requerimos que todos los hu\u00e9spedes se abstengan de tomar cualquier producto farmac\u00e9utico o suplementos durante su estancia a menos que haya sido aprobado por nosotros en circunstancias especiales. Algunos medicamentos deben ser suspendidos con bastante antelaci\u00f3n (al menos 1 mes) antes de tomar Ayahuasca u otras Plantas Maestras. Diferentes sustancias requieren m\u00e1s tiempo para ser eliminadas de su sistema, as\u00ed que por favor hable con nosotros y consulte a su m\u00e9dico para establecer cu\u00e1nto tiempo necesita dejar de tomarlas antes de trabajar con nosotros y cu\u00e1les pueden ser los efectos secundarios cuando lo haga.<\/p>\n\n\t\t<\/div>\n\t<\/div>\n<\/div><\/div><\/div><\/div><div class=\"vc_row wpb_row vc_row-fluid\"><div class=\"wpb_column vc_column_container vc_col-sm-12\"><div class=\"vc_column-inner\"><div class=\"wpb_wrapper\"><div class=\"vc_empty_space\"   style=\"height: 35px\"><span class=\"vc_empty_space_inner\"><\/span><\/div><\/div><\/div><\/div><\/div><div class=\"vc_row wpb_row vc_row-fluid\"><div class=\"wpb_column vc_column_container vc_col-sm-12\"><div class=\"vc_column-inner\"><div class=\"wpb_wrapper\">\n\t<div class=\"wpb_text_column wpb_content_element\" >\n\t\t<div class=\"wpb_wrapper\">\n\t\t\t<h3 class=\"font_3\">\u00c9stos son algunos de los medicamentos especialmente contraindicativos con la ayahuasca.<\/h3>\n<ul>\n<li class=\"font_8\">ISRS (cualquier inhibidor selectivo de la recaptaci\u00f3n de serotonina)<\/li>\n<li class=\"font_8\">anfetaminas (met-, dex-, anfetamina)<\/li>\n<li class=\"font_8\">antihipertensivos (medicamentos para la hipertensi\u00f3n)<\/li>\n<li class=\"font_8\">supresores del apetito (pastillas para adelgazar)<\/li>\n<li class=\"font_8\">medicamentos para el asma, la bronquitis u otros problemas respiratorios<\/li>\n<li class=\"font_8\">antihistam\u00ednicos, medicamentos para resfriados, sinusitis, fiebre del heno o alergias (Actifed DM, Benadryl, Benylin, Chlor-Trimeton, Compoz, etc.)<\/li>\n<li class=\"font_8\">Depresores del SNC (sistema nervioso central)<\/li>\n<li class=\"font_8\">antipsic\u00f3ticos<\/li>\n<li class=\"font_8\">alcohol<\/li>\n<\/ul>\n<h3 class=\"font_8\"><strong>Hierbas y suplementos no compatibles<\/strong><\/h3>\n<ul>\n<li>St. Johns Wort<\/li>\n<li>Kava<\/li>\n<li>Ephedra<\/li>\n<li>Ginseng<\/li>\n<li>YohimbeSinicuichi<\/li>\n<\/ul>\n\n\t\t<\/div>\n\t<\/div>\n<div class=\"vc_empty_space\"   style=\"height: 35px\"><span class=\"vc_empty_space_inner\"><\/span><\/div><\/div><\/div><\/div><\/div><div class=\"vc_row wpb_row vc_row-fluid\"><div class=\"wpb_column vc_column_container vc_col-sm-12\"><div class=\"vc_column-inner\"><div class=\"wpb_wrapper\"><div class=\"sc_table alignleft\" style=\"width:100%;\"><\/p>\n<h3 class=\"font_3\"><strong>F\u00e1rmacos espec\u00edficos que no deben ser combinados con Ayahuasca:<\/strong><\/h3>\n<p>Actifed<br \/>\nAmantadine hydrochloride (Symmetrel)<br \/>\nAmoxapine (Asendin)<br \/>\nBenadryl<br \/>\nBenylin<br \/>\nBupropion (Wellbutrin)<br \/>\nBuspirone (BuSpar)<br \/>\nCarbamazepine (Tegretol, Epitol)<br \/>\nChlor-Trimeton<br \/>\nClomipramine (Anafranil)<br \/>\nCocaine<br \/>\nCyclobenzaprine (Flexeril)<br \/>\nCyclizine (Marezine)<br \/>\nDesipramine (Pertofrane)<br \/>\nDextromethorphan (DXM)<br \/>\nDisopyramide (Norpace)<br \/>\nDoxepin (Sinequan)<br \/>\nEphedrine<br \/>\nFlavoxate Hydrochloride (Urispas)<br \/>\nFluoxetine (Prozac)<br \/>\nImipramine (Tofranil)<br \/>\nIsocarboxazid (Marplan)<br \/>\nLevodopa (Dopar, Larodopa)<br \/>\nLoratadine (Claritin)<br \/>\nMaprotiline (Ludiomil)<br \/>\nMeperidine (Demerol)<br \/>\nMethylphenidate (Ritalin)<br \/>\nNortriptyline (Aventyl)<br \/>\nOxybutynin chloride (Ditropan)<br \/>\nOrphenadrine (Norflex)<br \/>\nParnate<br \/>\nParoxetine (Paxil)<br \/>\nPhenergen<br \/>\nPhenelzine (Nardil)<br \/>\nProcainamide (Pronestyl)<br \/>\nProtriptyline (Vivactil)<br \/>\nPseudoephedrine<br \/>\nQuinidine (Quinidex)<br \/>\nSalbutemol<br \/>\nSalmeterol<br \/>\nSelegiline (Eldepryl)<br \/>\nSertraline (Zoloft)<br \/>\nTegretol<br \/>\nTemaril<br \/>\nTranylcypromine (Parnate)<br \/>\nTricyclic antidepressants (Amitriptyline, Elavil)<br \/>\nTrimipramine (Surmontil)<br \/>\nYohimbine<\/div><\/div><\/div><\/div><\/div>\n<\/div>","protected":false},"excerpt":{"rendered":"Medical Guidelines Our healing work is based on traditional Amazonian shamanic plant medicine. The medicinal plants we use, including but not limited to ayahuasca are biochemically and energetically very powerful [...]","protected":false},"author":1,"featured_media":0,"parent":145,"menu_order":0,"comment_status":"closed","ping_status":"closed","template":"","meta":{"pgc_meta":"","footnotes":""},"class_list":["post-143","page","type-page","status-publish","hentry"],"pgc_meta":"","yoast_head":"<!-- This site is optimized with the Yoast SEO plugin v27.2 - https:\/\/yoast.com\/product\/yoast-seo-wordpress\/ -->\n<title>Medical Guidelines | Ayahuasca Retreat Peru | The Garden of Peace<\/title>\n<meta name=\"description\" content=\"Many medications, natural supplements and herbs are not compatible with ayahuasca and some medical conditions are also not appropriate.\" \/>\n<meta name=\"robots\" content=\"index, follow, max-snippet:-1, max-image-preview:large, max-video-preview:-1\" \/>\n<link rel=\"canonical\" href=\"https:\/\/www.thegardenofpeace.com\/es\/como-prepararse\/directrices-medicas\/\" \/>\n<meta property=\"og:locale\" content=\"es_ES\" \/>\n<meta property=\"og:type\" content=\"article\" \/>\n<meta property=\"og:title\" content=\"Medical Guidelines | Ayahuasca Retreat Peru | The Garden of Peace\" \/>\n<meta property=\"og:description\" content=\"Many medications, natural supplements and herbs are not compatible with ayahuasca and some medical conditions are also not appropriate.\" \/>\n<meta property=\"og:url\" content=\"https:\/\/www.thegardenofpeace.com\/es\/como-prepararse\/directrices-medicas\/\" \/>\n<meta property=\"og:site_name\" content=\"The Garden of Peace\" \/>\n<meta property=\"article:publisher\" content=\"https:\/\/www.facebook.com\/eljardindelapaz\/?tn-str=k%2aF\" \/>\n<meta property=\"article:modified_time\" content=\"2019-03-02T09:24:45+00:00\" \/>\n<meta name=\"twitter:card\" content=\"summary_large_image\" \/>\n<meta name=\"twitter:label1\" content=\"Tiempo de lectura\" \/>\n\t<meta name=\"twitter:data1\" content=\"3 minutos\" \/>\n<script type=\"application\/ld+json\" class=\"yoast-schema-graph\">{\"@context\":\"https:\/\/schema.org\",\"@graph\":[{\"@type\":\"WebPage\",\"@id\":\"https:\/\/www.thegardenofpeace.com\/how-to-prepare\/medical-guidelines\/\",\"url\":\"https:\/\/www.thegardenofpeace.com\/how-to-prepare\/medical-guidelines\/\",\"name\":\"Medical Guidelines | Ayahuasca Retreat Peru | The Garden of Peace\",\"isPartOf\":{\"@id\":\"https:\/\/www.thegardenofpeace.com\/#website\"},\"datePublished\":\"2016-11-08T18:30:53+00:00\",\"dateModified\":\"2019-03-02T09:24:45+00:00\",\"description\":\"Many medications, natural supplements and herbs are not compatible with ayahuasca and some medical conditions are also not appropriate.\",\"breadcrumb\":{\"@id\":\"https:\/\/www.thegardenofpeace.com\/how-to-prepare\/medical-guidelines\/#breadcrumb\"},\"inLanguage\":\"es\",\"potentialAction\":[{\"@type\":\"ReadAction\",\"target\":[\"https:\/\/www.thegardenofpeace.com\/how-to-prepare\/medical-guidelines\/\"]}]},{\"@type\":\"BreadcrumbList\",\"@id\":\"https:\/\/www.thegardenofpeace.com\/how-to-prepare\/medical-guidelines\/#breadcrumb\",\"itemListElement\":[{\"@type\":\"ListItem\",\"position\":1,\"name\":\"How to Prepare\",\"item\":\"https:\/\/www.thegardenofpeace.com\/how-to-prepare\/\"},{\"@type\":\"ListItem\",\"position\":2,\"name\":\"Medical Guidelines\"}]},{\"@type\":\"WebSite\",\"@id\":\"https:\/\/www.thegardenofpeace.com\/#website\",\"url\":\"https:\/\/www.thegardenofpeace.com\/\",\"name\":\"The Garden of Peace\",\"description\":\"\",\"publisher\":{\"@id\":\"https:\/\/www.thegardenofpeace.com\/#organization\"},\"potentialAction\":[{\"@type\":\"SearchAction\",\"target\":{\"@type\":\"EntryPoint\",\"urlTemplate\":\"https:\/\/www.thegardenofpeace.com\/?s={search_term_string}\"},\"query-input\":{\"@type\":\"PropertyValueSpecification\",\"valueRequired\":true,\"valueName\":\"search_term_string\"}}],\"inLanguage\":\"es\"},{\"@type\":\"Organization\",\"@id\":\"https:\/\/www.thegardenofpeace.com\/#organization\",\"name\":\"the garden of peace\",\"url\":\"https:\/\/www.thegardenofpeace.com\/\",\"logo\":{\"@type\":\"ImageObject\",\"inLanguage\":\"es\",\"@id\":\"https:\/\/www.thegardenofpeace.com\/#\/schema\/logo\/image\/\",\"url\":\"https:\/\/www.thegardenofpeace.com\/wp-content\/uploads\/2018\/11\/header-three.png\",\"contentUrl\":\"https:\/\/www.thegardenofpeace.com\/wp-content\/uploads\/2018\/11\/header-three.png\",\"width\":558,\"height\":149,\"caption\":\"the garden of peace\"},\"image\":{\"@id\":\"https:\/\/www.thegardenofpeace.com\/#\/schema\/logo\/image\/\"},\"sameAs\":[\"https:\/\/www.facebook.com\/eljardindelapaz\/?tn-str=k*F\",\"https:\/\/www.instagram.com\/thegardenofpeace\/?hl=en\"]}]}<\/script>\n<!-- \/ Yoast SEO plugin. -->","yoast_head_json":{"title":"Medical Guidelines | Ayahuasca Retreat Peru | The Garden of Peace","description":"Many medications, natural supplements and herbs are not compatible with ayahuasca and some medical conditions are also not appropriate.","robots":{"index":"index","follow":"follow","max-snippet":"max-snippet:-1","max-image-preview":"max-image-preview:large","max-video-preview":"max-video-preview:-1"},"canonical":"https:\/\/www.thegardenofpeace.com\/es\/como-prepararse\/directrices-medicas\/","og_locale":"es_ES","og_type":"article","og_title":"Medical Guidelines | Ayahuasca Retreat Peru | The Garden of Peace","og_description":"Many medications, natural supplements and herbs are not compatible with ayahuasca and some medical conditions are also not appropriate.","og_url":"https:\/\/www.thegardenofpeace.com\/es\/como-prepararse\/directrices-medicas\/","og_site_name":"The Garden of Peace","article_publisher":"https:\/\/www.facebook.com\/eljardindelapaz\/?tn-str=k%2aF","article_modified_time":"2019-03-02T09:24:45+00:00","twitter_card":"summary_large_image","twitter_misc":{"Tiempo de lectura":"3 minutos"},"schema":{"@context":"https:\/\/schema.org","@graph":[{"@type":"WebPage","@id":"https:\/\/www.thegardenofpeace.com\/how-to-prepare\/medical-guidelines\/","url":"https:\/\/www.thegardenofpeace.com\/how-to-prepare\/medical-guidelines\/","name":"Medical Guidelines | Ayahuasca Retreat Peru | The Garden of Peace","isPartOf":{"@id":"https:\/\/www.thegardenofpeace.com\/#website"},"datePublished":"2016-11-08T18:30:53+00:00","dateModified":"2019-03-02T09:24:45+00:00","description":"Many medications, natural supplements and herbs are not compatible with ayahuasca and some medical conditions are also not appropriate.","breadcrumb":{"@id":"https:\/\/www.thegardenofpeace.com\/how-to-prepare\/medical-guidelines\/#breadcrumb"},"inLanguage":"es","potentialAction":[{"@type":"ReadAction","target":["https:\/\/www.thegardenofpeace.com\/how-to-prepare\/medical-guidelines\/"]}]},{"@type":"BreadcrumbList","@id":"https:\/\/www.thegardenofpeace.com\/how-to-prepare\/medical-guidelines\/#breadcrumb","itemListElement":[{"@type":"ListItem","position":1,"name":"How to Prepare","item":"https:\/\/www.thegardenofpeace.com\/how-to-prepare\/"},{"@type":"ListItem","position":2,"name":"Medical Guidelines"}]},{"@type":"WebSite","@id":"https:\/\/www.thegardenofpeace.com\/#website","url":"https:\/\/www.thegardenofpeace.com\/","name":"The Garden of Peace","description":"","publisher":{"@id":"https:\/\/www.thegardenofpeace.com\/#organization"},"potentialAction":[{"@type":"SearchAction","target":{"@type":"EntryPoint","urlTemplate":"https:\/\/www.thegardenofpeace.com\/?s={search_term_string}"},"query-input":{"@type":"PropertyValueSpecification","valueRequired":true,"valueName":"search_term_string"}}],"inLanguage":"es"},{"@type":"Organization","@id":"https:\/\/www.thegardenofpeace.com\/#organization","name":"the garden of peace","url":"https:\/\/www.thegardenofpeace.com\/","logo":{"@type":"ImageObject","inLanguage":"es","@id":"https:\/\/www.thegardenofpeace.com\/#\/schema\/logo\/image\/","url":"https:\/\/www.thegardenofpeace.com\/wp-content\/uploads\/2018\/11\/header-three.png","contentUrl":"https:\/\/www.thegardenofpeace.com\/wp-content\/uploads\/2018\/11\/header-three.png","width":558,"height":149,"caption":"the garden of peace"},"image":{"@id":"https:\/\/www.thegardenofpeace.com\/#\/schema\/logo\/image\/"},"sameAs":["https:\/\/www.facebook.com\/eljardindelapaz\/?tn-str=k*F","https:\/\/www.instagram.com\/thegardenofpeace\/?hl=en"]}]}},"_links":{"self":[{"href":"https:\/\/www.thegardenofpeace.com\/es\/wp-json\/wp\/v2\/pages\/143","targetHints":{"allow":["GET"]}}],"collection":[{"href":"https:\/\/www.thegardenofpeace.com\/es\/wp-json\/wp\/v2\/pages"}],"about":[{"href":"https:\/\/www.thegardenofpeace.com\/es\/wp-json\/wp\/v2\/types\/page"}],"author":[{"embeddable":true,"href":"https:\/\/www.thegardenofpeace.com\/es\/wp-json\/wp\/v2\/users\/1"}],"replies":[{"embeddable":true,"href":"https:\/\/www.thegardenofpeace.com\/es\/wp-json\/wp\/v2\/comments?post=143"}],"version-history":[{"count":11,"href":"https:\/\/www.thegardenofpeace.com\/es\/wp-json\/wp\/v2\/pages\/143\/revisions"}],"predecessor-version":[{"id":2078,"href":"https:\/\/www.thegardenofpeace.com\/es\/wp-json\/wp\/v2\/pages\/143\/revisions\/2078"}],"up":[{"embeddable":true,"href":"https:\/\/www.thegardenofpeace.com\/es\/wp-json\/wp\/v2\/pages\/145"}],"wp:attachment":[{"href":"https:\/\/www.thegardenofpeace.com\/es\/wp-json\/wp\/v2\/media?parent=143"}],"curies":[{"name":"wp","href":"https:\/\/api.w.org\/{rel}","templated":true}]}}