{"id":141,"date":"2016-11-08T18:30:31","date_gmt":"2016-11-08T18:30:31","guid":{"rendered":"http:\/\/69.89.31.166\/~plantsp2\/?page_id=141"},"modified":"2020-02-28T13:36:37","modified_gmt":"2020-02-28T13:36:37","slug":"master-plants","status":"publish","type":"page","link":"https:\/\/www.thegardenofpeace.com\/es\/chamanismo-y-ayahuasca\/plantas-maestras\/","title":{"rendered":"Plantas Maestras"},"content":{"rendered":"<div class=\"wpb-content-wrapper\"><div class=\"vc_row wpb_row vc_row-fluid\"><div class=\"wpb_column vc_column_container vc_col-sm-12\"><div class=\"vc_column-inner\"><div class=\"wpb_wrapper\"><div class=\"vc_empty_space\"   style=\"height: 20px\"><span class=\"vc_empty_space_inner\"><\/span><\/div><\/div><\/div><\/div><\/div><div class=\"vc_row wpb_row vc_row-fluid\"><div class=\"wpb_column vc_column_container vc_col-sm-12\"><div class=\"vc_column-inner\"><div class=\"wpb_wrapper\"><h1 style=\"text-align: left\" class=\"vc_custom_heading vc_do_custom_heading\" >Plantas Maestras<\/h1><\/div><\/div><\/div><\/div><div class=\"vc_row wpb_row vc_row-fluid\"><div class=\"wpb_column vc_column_container vc_col-sm-12\"><div class=\"vc_column-inner\"><div class=\"wpb_wrapper\"><div class=\"vc_empty_space\"   style=\"height: 20px\"><span class=\"vc_empty_space_inner\"><\/span><\/div><\/div><\/div><\/div><\/div><div class=\"vc_row wpb_row vc_row-fluid\"><div class=\"wpb_column vc_column_container vc_col-sm-12\"><div class=\"vc_column-inner\"><div class=\"wpb_wrapper\">\n\t<div class=\"wpb_text_column wpb_content_element\" >\n\t\t<div class=\"wpb_wrapper\">\n\t\t\t<p><img loading=\"lazy\" decoding=\"async\" class=\"alignright wp-image-565\" src=\"https:\/\/www.thegardenofpeace.com\/wp-content\/uploads\/2017\/03\/17195376_10154863160050240_1788143200_o-1-300x225.jpg\" alt=\"\" width=\"350\" height=\"263\" srcset=\"https:\/\/www.thegardenofpeace.com\/wp-content\/uploads\/2017\/03\/17195376_10154863160050240_1788143200_o-1-300x225.jpg 300w, https:\/\/www.thegardenofpeace.com\/wp-content\/uploads\/2017\/03\/17195376_10154863160050240_1788143200_o-1-768x576.jpg 768w, https:\/\/www.thegardenofpeace.com\/wp-content\/uploads\/2017\/03\/17195376_10154863160050240_1788143200_o-1-1024x768.jpg 1024w, https:\/\/www.thegardenofpeace.com\/wp-content\/uploads\/2017\/03\/17195376_10154863160050240_1788143200_o-1-600x450.jpg 600w, https:\/\/www.thegardenofpeace.com\/wp-content\/uploads\/2017\/03\/17195376_10154863160050240_1788143200_o-1-400x300.jpg 400w, https:\/\/www.thegardenofpeace.com\/wp-content\/uploads\/2017\/03\/17195376_10154863160050240_1788143200_o-1.jpg 1136w\" sizes=\"auto, (max-width: 350px) 100vw, 350px\" \/><\/p>\n<p class=\"font_2\">El t\u00e9rmino Plantas Maestras es un t\u00e9rmino que se refiere a plantas con poderes curativos y espirituales especialmente fuertes. Estas plantas incluyen las grandes plantas maestras como Ayahuasca, Chacruna, Toe, San Pedro (Huachuma) y Peyote junto con muchas otras encontradas exclusivamente en la regi\u00f3n Amaz\u00f3nica. A continuaci\u00f3n se enumeran algunas de las Plantas Maestras con las que trabajamos habitualmente en El Jard\u00edn de la Paz junto con informaci\u00f3n sobre algunos de sus efectos.<\/p>\n<p class=\"font_8\">Hay que tener en cuenta que cada una de estas plantas tiene un esp\u00edritu o una personalidad dif\u00edcil de expresar con palabras, y que estas cualidades s\u00f3lo son una muestra superficial de los poderes de cada una de ellas.<\/p>\n<p class=\"font_8\"><strong>Ayahuasca:<\/strong> El brebaje de ayahuasca que bebemos en las ceremonias es una combinaci\u00f3n de la liana de la ayahuasca y otra planta, la chacruna. Es la combinaci\u00f3n de estas dos plantas sagradas lo que permite al cuerpo absorber la gama de sustancias qu\u00edmicas activas necesarias para producir algunos de los efectos que se experimentan en una ceremonia de ayahuasca. La ayahuasca es un esp\u00edritu vegetal incre\u00edble que cura, limpia y ense\u00f1a de formas que deben experimentarse para comprenderse plenamente.<\/p>\n<p><img loading=\"lazy\" decoding=\"async\" class=\"alignleft wp-image-432\" src=\"https:\/\/www.thegardenofpeace.com\/wp-content\/uploads\/2016\/01\/bobinsana-medicine-open-heart-1-1-300x225.jpg\" alt=\"\" width=\"350\" height=\"263\" srcset=\"https:\/\/www.thegardenofpeace.com\/wp-content\/uploads\/2016\/01\/bobinsana-medicine-open-heart-1-1-300x225.jpg 300w, https:\/\/www.thegardenofpeace.com\/wp-content\/uploads\/2016\/01\/bobinsana-medicine-open-heart-1-1-768x576.jpg 768w, https:\/\/www.thegardenofpeace.com\/wp-content\/uploads\/2016\/01\/bobinsana-medicine-open-heart-1-1-600x450.jpg 600w, https:\/\/www.thegardenofpeace.com\/wp-content\/uploads\/2016\/01\/bobinsana-medicine-open-heart-1-1-400x300.jpg 400w, https:\/\/www.thegardenofpeace.com\/wp-content\/uploads\/2016\/01\/bobinsana-medicine-open-heart-1-1.jpg 800w\" sizes=\"auto, (max-width: 350px) 100vw, 350px\" \/><\/p>\n<p class=\"font_8\"><strong>Tabaco (Mapacho):<\/strong> El tabacco natural es sagrado para muchas culturas de todo el mundo y se utiliza tanto en rituales espirituales como para el alivio f\u00edsico. El mapacho es uno de los aliados m\u00e1s cercanos del curandero de ayahuasca y forma parte integral de su pr\u00e1ctica. Bebido como t\u00e9 es un potente purgante y tambi\u00e9n puede dietarse. El tabacco limpia, purifica y es un comunicador entre el hombre y el esp\u00edritu.<\/p>\n<p class=\"font_8\"><strong>Bovinzana:<\/strong> \u00c1rbol de tama\u00f1o medio con hermosas flores rosas, esta planta potente pero suave se utiliza para limpiar la sangre, mejorar la flexibilidad de los tejidos blandos, limpiar el sistema reproductor femenino y abrir y curar el coraz\u00f3n.<\/p>\n<p class=\"font_8\"><strong>Mucura:<\/strong> Una ra\u00edz blanca picante que energiza el cuerpo y el esp\u00edritu, fortificando, desestresando, desintoxicando y protegiendo a muchos niveles.<\/p>\n<p class=\"font_8\"><strong>Renaco:<\/strong> Un gran \u00e1rbol que sostiene los huesos, los ligamentos, la limpieza y el fortalecimiento del sistema respiratorio.<\/p>\n<p class=\"font_8\"><strong>Ajo Sacha:<\/strong> Este nombre se traduce como \"ajo de monta\u00f1a\" por el penetrante olor de sus hojas. Potente desintoxicante que limpia en profundidad todo el sistema, tambi\u00e9n se utiliza como protecci\u00f3n y para mejorar la circulaci\u00f3n.<\/p>\n<p><img loading=\"lazy\" decoding=\"async\" class=\"alignright wp-image-1086 size-medium\" src=\"https:\/\/www.thegardenofpeace.com\/wp-content\/uploads\/2017\/03\/chiricsanangoplant-1-225x300.jpg\" alt=\"\" width=\"225\" height=\"300\" srcset=\"https:\/\/www.thegardenofpeace.com\/wp-content\/uploads\/2017\/03\/chiricsanangoplant-1-225x300.jpg 225w, https:\/\/www.thegardenofpeace.com\/wp-content\/uploads\/2017\/03\/chiricsanangoplant-1-600x800.jpg 600w, https:\/\/www.thegardenofpeace.com\/wp-content\/uploads\/2017\/03\/chiricsanangoplant-1.jpg 720w\" sizes=\"auto, (max-width: 225px) 100vw, 225px\" \/><\/p>\n<p class=\"font_8\"><strong>Chuchuwasi:<\/strong> Un gran \u00e1rbol de madera dura famoso en la Amazonia por mejorar la fuerza general, la vitalidad, la concentraci\u00f3n, la virilidad en los hombres y por proporcionar protecci\u00f3n espiritual y f\u00edsica.<\/p>\n<p class=\"font_8\"><strong>Albaca:<\/strong> Esta suave variedad de albahaca silvestre aporta claridad mental, mejora la concentraci\u00f3n, calma y fortalece el sistema nervioso y es maravillosa para tratar dolores de cabeza y migra\u00f1as.<\/p>\n<p class=\"font_8\"><strong>Pinon:<\/strong> Planta de tama\u00f1o medio con variaciones de color para limpiar los pulmones, se puede utilizar como purgante y para curar lesiones, problemas de la mujer o abrasiones.<\/p>\n<p class=\"font_8\"><strong>Abuta:<\/strong> Esta planta se ha utilizado con excelentes resultados para tratar la diabetes de tipo 1.<\/p>\n<p class=\"font_8\"><strong>Chiric Sanango:<\/strong> Alivia la artritis y es antiinflamatorio, ayudando a las articulaciones y los ligamentos. Chiric Sanago es tambi\u00e9n un remedio utilizado particularmente para la enfermedad de Parkinson, produce fuertes sensaciones de calor y fr\u00edo a trav\u00e9s del cuerpo.<\/p>\n\n\t\t<\/div>\n\t<\/div>\n<\/div><\/div><\/div><\/div><div class=\"vc_row wpb_row vc_row-fluid\"><div class=\"wpb_column vc_column_container vc_col-sm-12\"><div class=\"vc_column-inner\"><div class=\"wpb_wrapper\"><div class=\"vc_empty_space\"   style=\"height: 20px\"><span class=\"vc_empty_space_inner\"><\/span><\/div><\/div><\/div><\/div><\/div><div class=\"vc_row wpb_row vc_row-fluid\"><div class=\"wpb_column vc_column_container vc_col-sm-12\"><div class=\"vc_column-inner\"><div class=\"wpb_wrapper\"><\/div><\/div><\/div><\/div>\n<\/div>","protected":false},"excerpt":{"rendered":"Master Plants The term Master Plants is a term that refers to plants with especially strong curative and spiritual powers. These plants include the great teacher plants such as Ayahuasca, [...]","protected":false},"author":1,"featured_media":0,"parent":1204,"menu_order":0,"comment_status":"closed","ping_status":"closed","template":"","meta":{"pgc_meta":"","footnotes":""},"class_list":["post-141","page","type-page","status-publish","hentry"],"pgc_meta":"","yoast_head":"<!-- This site is optimized with the Yoast SEO plugin v27.2 - https:\/\/yoast.com\/product\/yoast-seo-wordpress\/ -->\n<title>Master Plants | Ayahuasca Healing Retreat Peru | The Garden of Peace<\/title>\n<meta name=\"description\" content=\"Each of these master plants has a spirit that is difficult to put into words and these listed qualities only address a surface level of each plants powers.\" \/>\n<meta name=\"robots\" content=\"index, follow, max-snippet:-1, max-image-preview:large, max-video-preview:-1\" \/>\n<link rel=\"canonical\" href=\"https:\/\/www.thegardenofpeace.com\/es\/chamanismo-y-ayahuasca\/plantas-maestras\/\" \/>\n<meta property=\"og:locale\" content=\"es_ES\" \/>\n<meta property=\"og:type\" content=\"article\" \/>\n<meta property=\"og:title\" content=\"Master Plants | Ayahuasca Healing Retreat Peru | The Garden of Peace\" \/>\n<meta property=\"og:description\" content=\"Each of these master plants has a spirit that is difficult to put into words and these listed qualities only address a surface level of each plants powers.\" \/>\n<meta property=\"og:url\" content=\"https:\/\/www.thegardenofpeace.com\/es\/chamanismo-y-ayahuasca\/plantas-maestras\/\" \/>\n<meta property=\"og:site_name\" content=\"The Garden of Peace\" \/>\n<meta property=\"article:publisher\" content=\"https:\/\/www.facebook.com\/eljardindelapaz\/?tn-str=k%2aF\" \/>\n<meta property=\"article:modified_time\" content=\"2020-02-28T13:36:37+00:00\" \/>\n<meta property=\"og:image\" content=\"https:\/\/www.thegardenofpeace.com\/wp-content\/uploads\/2017\/03\/17195376_10154863160050240_1788143200_o-1-300x225.jpg\" \/>\n<meta name=\"twitter:card\" content=\"summary_large_image\" \/>\n<meta name=\"twitter:label1\" content=\"Tiempo de lectura\" \/>\n\t<meta name=\"twitter:data1\" content=\"3 minutos\" \/>\n<script type=\"application\/ld+json\" class=\"yoast-schema-graph\">{\"@context\":\"https:\/\/schema.org\",\"@graph\":[{\"@type\":\"WebPage\",\"@id\":\"https:\/\/www.thegardenofpeace.com\/shamanism-and-ayahuasca\/master-plants\/\",\"url\":\"https:\/\/www.thegardenofpeace.com\/shamanism-and-ayahuasca\/master-plants\/\",\"name\":\"Master Plants | Ayahuasca Healing Retreat Peru | The Garden of Peace\",\"isPartOf\":{\"@id\":\"https:\/\/www.thegardenofpeace.com\/#website\"},\"primaryImageOfPage\":{\"@id\":\"https:\/\/www.thegardenofpeace.com\/shamanism-and-ayahuasca\/master-plants\/#primaryimage\"},\"image\":{\"@id\":\"https:\/\/www.thegardenofpeace.com\/shamanism-and-ayahuasca\/master-plants\/#primaryimage\"},\"thumbnailUrl\":\"https:\/\/www.thegardenofpeace.com\/wp-content\/uploads\/2017\/03\/17195376_10154863160050240_1788143200_o-1-300x225.jpg\",\"datePublished\":\"2016-11-08T18:30:31+00:00\",\"dateModified\":\"2020-02-28T13:36:37+00:00\",\"description\":\"Each of these master plants has a spirit that is difficult to put into words and these listed qualities only address a surface level of each plants powers.\",\"breadcrumb\":{\"@id\":\"https:\/\/www.thegardenofpeace.com\/shamanism-and-ayahuasca\/master-plants\/#breadcrumb\"},\"inLanguage\":\"es\",\"potentialAction\":[{\"@type\":\"ReadAction\",\"target\":[\"https:\/\/www.thegardenofpeace.com\/shamanism-and-ayahuasca\/master-plants\/\"]}]},{\"@type\":\"ImageObject\",\"inLanguage\":\"es\",\"@id\":\"https:\/\/www.thegardenofpeace.com\/shamanism-and-ayahuasca\/master-plants\/#primaryimage\",\"url\":\"https:\/\/www.thegardenofpeace.com\/wp-content\/uploads\/2017\/03\/17195376_10154863160050240_1788143200_o-1-300x225.jpg\",\"contentUrl\":\"https:\/\/www.thegardenofpeace.com\/wp-content\/uploads\/2017\/03\/17195376_10154863160050240_1788143200_o-1-300x225.jpg\"},{\"@type\":\"BreadcrumbList\",\"@id\":\"https:\/\/www.thegardenofpeace.com\/shamanism-and-ayahuasca\/master-plants\/#breadcrumb\",\"itemListElement\":[{\"@type\":\"ListItem\",\"position\":1,\"name\":\"Plant Medicine\",\"item\":\"https:\/\/www.thegardenofpeace.com\/shamanism-and-ayahuasca\/\"},{\"@type\":\"ListItem\",\"position\":2,\"name\":\"Master Plants\"}]},{\"@type\":\"WebSite\",\"@id\":\"https:\/\/www.thegardenofpeace.com\/#website\",\"url\":\"https:\/\/www.thegardenofpeace.com\/\",\"name\":\"The Garden of Peace\",\"description\":\"\",\"publisher\":{\"@id\":\"https:\/\/www.thegardenofpeace.com\/#organization\"},\"potentialAction\":[{\"@type\":\"SearchAction\",\"target\":{\"@type\":\"EntryPoint\",\"urlTemplate\":\"https:\/\/www.thegardenofpeace.com\/?s={search_term_string}\"},\"query-input\":{\"@type\":\"PropertyValueSpecification\",\"valueRequired\":true,\"valueName\":\"search_term_string\"}}],\"inLanguage\":\"es\"},{\"@type\":\"Organization\",\"@id\":\"https:\/\/www.thegardenofpeace.com\/#organization\",\"name\":\"the garden of peace\",\"url\":\"https:\/\/www.thegardenofpeace.com\/\",\"logo\":{\"@type\":\"ImageObject\",\"inLanguage\":\"es\",\"@id\":\"https:\/\/www.thegardenofpeace.com\/#\/schema\/logo\/image\/\",\"url\":\"https:\/\/www.thegardenofpeace.com\/wp-content\/uploads\/2018\/11\/header-three.png\",\"contentUrl\":\"https:\/\/www.thegardenofpeace.com\/wp-content\/uploads\/2018\/11\/header-three.png\",\"width\":558,\"height\":149,\"caption\":\"the garden of peace\"},\"image\":{\"@id\":\"https:\/\/www.thegardenofpeace.com\/#\/schema\/logo\/image\/\"},\"sameAs\":[\"https:\/\/www.facebook.com\/eljardindelapaz\/?tn-str=k*F\",\"https:\/\/www.instagram.com\/thegardenofpeace\/?hl=en\"]}]}<\/script>\n<!-- \/ Yoast SEO plugin. -->","yoast_head_json":{"title":"Master Plants | Ayahuasca Healing Retreat Peru | The Garden of Peace","description":"Each of these master plants has a spirit that is difficult to put into words and these listed qualities only address a surface level of each plants powers.","robots":{"index":"index","follow":"follow","max-snippet":"max-snippet:-1","max-image-preview":"max-image-preview:large","max-video-preview":"max-video-preview:-1"},"canonical":"https:\/\/www.thegardenofpeace.com\/es\/chamanismo-y-ayahuasca\/plantas-maestras\/","og_locale":"es_ES","og_type":"article","og_title":"Master Plants | Ayahuasca Healing Retreat Peru | The Garden of Peace","og_description":"Each of these master plants has a spirit that is difficult to put into words and these listed qualities only address a surface level of each plants powers.","og_url":"https:\/\/www.thegardenofpeace.com\/es\/chamanismo-y-ayahuasca\/plantas-maestras\/","og_site_name":"The Garden of Peace","article_publisher":"https:\/\/www.facebook.com\/eljardindelapaz\/?tn-str=k%2aF","article_modified_time":"2020-02-28T13:36:37+00:00","og_image":[{"url":"https:\/\/www.thegardenofpeace.com\/wp-content\/uploads\/2017\/03\/17195376_10154863160050240_1788143200_o-1-300x225.jpg","type":"","width":"","height":""}],"twitter_card":"summary_large_image","twitter_misc":{"Tiempo de lectura":"3 minutos"},"schema":{"@context":"https:\/\/schema.org","@graph":[{"@type":"WebPage","@id":"https:\/\/www.thegardenofpeace.com\/shamanism-and-ayahuasca\/master-plants\/","url":"https:\/\/www.thegardenofpeace.com\/shamanism-and-ayahuasca\/master-plants\/","name":"Master Plants | Ayahuasca Healing Retreat Peru | The Garden of Peace","isPartOf":{"@id":"https:\/\/www.thegardenofpeace.com\/#website"},"primaryImageOfPage":{"@id":"https:\/\/www.thegardenofpeace.com\/shamanism-and-ayahuasca\/master-plants\/#primaryimage"},"image":{"@id":"https:\/\/www.thegardenofpeace.com\/shamanism-and-ayahuasca\/master-plants\/#primaryimage"},"thumbnailUrl":"https:\/\/www.thegardenofpeace.com\/wp-content\/uploads\/2017\/03\/17195376_10154863160050240_1788143200_o-1-300x225.jpg","datePublished":"2016-11-08T18:30:31+00:00","dateModified":"2020-02-28T13:36:37+00:00","description":"Each of these master plants has a spirit that is difficult to put into words and these listed qualities only address a surface level of each plants powers.","breadcrumb":{"@id":"https:\/\/www.thegardenofpeace.com\/shamanism-and-ayahuasca\/master-plants\/#breadcrumb"},"inLanguage":"es","potentialAction":[{"@type":"ReadAction","target":["https:\/\/www.thegardenofpeace.com\/shamanism-and-ayahuasca\/master-plants\/"]}]},{"@type":"ImageObject","inLanguage":"es","@id":"https:\/\/www.thegardenofpeace.com\/shamanism-and-ayahuasca\/master-plants\/#primaryimage","url":"https:\/\/www.thegardenofpeace.com\/wp-content\/uploads\/2017\/03\/17195376_10154863160050240_1788143200_o-1-300x225.jpg","contentUrl":"https:\/\/www.thegardenofpeace.com\/wp-content\/uploads\/2017\/03\/17195376_10154863160050240_1788143200_o-1-300x225.jpg"},{"@type":"BreadcrumbList","@id":"https:\/\/www.thegardenofpeace.com\/shamanism-and-ayahuasca\/master-plants\/#breadcrumb","itemListElement":[{"@type":"ListItem","position":1,"name":"Plant Medicine","item":"https:\/\/www.thegardenofpeace.com\/shamanism-and-ayahuasca\/"},{"@type":"ListItem","position":2,"name":"Master Plants"}]},{"@type":"WebSite","@id":"https:\/\/www.thegardenofpeace.com\/#website","url":"https:\/\/www.thegardenofpeace.com\/","name":"The Garden of Peace","description":"","publisher":{"@id":"https:\/\/www.thegardenofpeace.com\/#organization"},"potentialAction":[{"@type":"SearchAction","target":{"@type":"EntryPoint","urlTemplate":"https:\/\/www.thegardenofpeace.com\/?s={search_term_string}"},"query-input":{"@type":"PropertyValueSpecification","valueRequired":true,"valueName":"search_term_string"}}],"inLanguage":"es"},{"@type":"Organization","@id":"https:\/\/www.thegardenofpeace.com\/#organization","name":"the garden of peace","url":"https:\/\/www.thegardenofpeace.com\/","logo":{"@type":"ImageObject","inLanguage":"es","@id":"https:\/\/www.thegardenofpeace.com\/#\/schema\/logo\/image\/","url":"https:\/\/www.thegardenofpeace.com\/wp-content\/uploads\/2018\/11\/header-three.png","contentUrl":"https:\/\/www.thegardenofpeace.com\/wp-content\/uploads\/2018\/11\/header-three.png","width":558,"height":149,"caption":"the garden of peace"},"image":{"@id":"https:\/\/www.thegardenofpeace.com\/#\/schema\/logo\/image\/"},"sameAs":["https:\/\/www.facebook.com\/eljardindelapaz\/?tn-str=k*F","https:\/\/www.instagram.com\/thegardenofpeace\/?hl=en"]}]}},"_links":{"self":[{"href":"https:\/\/www.thegardenofpeace.com\/es\/wp-json\/wp\/v2\/pages\/141","targetHints":{"allow":["GET"]}}],"collection":[{"href":"https:\/\/www.thegardenofpeace.com\/es\/wp-json\/wp\/v2\/pages"}],"about":[{"href":"https:\/\/www.thegardenofpeace.com\/es\/wp-json\/wp\/v2\/types\/page"}],"author":[{"embeddable":true,"href":"https:\/\/www.thegardenofpeace.com\/es\/wp-json\/wp\/v2\/users\/1"}],"replies":[{"embeddable":true,"href":"https:\/\/www.thegardenofpeace.com\/es\/wp-json\/wp\/v2\/comments?post=141"}],"version-history":[{"count":14,"href":"https:\/\/www.thegardenofpeace.com\/es\/wp-json\/wp\/v2\/pages\/141\/revisions"}],"predecessor-version":[{"id":2441,"href":"https:\/\/www.thegardenofpeace.com\/es\/wp-json\/wp\/v2\/pages\/141\/revisions\/2441"}],"up":[{"embeddable":true,"href":"https:\/\/www.thegardenofpeace.com\/es\/wp-json\/wp\/v2\/pages\/1204"}],"wp:attachment":[{"href":"https:\/\/www.thegardenofpeace.com\/es\/wp-json\/wp\/v2\/media?parent=141"}],"curies":[{"name":"wp","href":"https:\/\/api.w.org\/{rel}","templated":true}]}}