{"id":14,"date":"2016-08-22T08:45:50","date_gmt":"2016-08-22T08:45:50","guid":{"rendered":"http:\/\/holisticenter.axiomthemes.com\/?page_id=14"},"modified":"2019-03-02T04:09:00","modified_gmt":"2019-03-02T04:09:00","slug":"who-we-are","status":"publish","type":"page","link":"https:\/\/www.thegardenofpeace.com\/es\/quienes-somos\/","title":{"rendered":"Qui\u00e9nes somos"},"content":{"rendered":"<div class=\"wpb-content-wrapper\"><div class=\"vc_row wpb_row vc_row-fluid\"><div class=\"wpb_column vc_column_container vc_col-sm-12\"><div class=\"vc_column-inner\"><div class=\"wpb_wrapper\"><div class=\"vc_empty_space\"   style=\"height: 20px\"><span class=\"vc_empty_space_inner\"><\/span><\/div><\/div><\/div><\/div><\/div><div class=\"vc_row wpb_row vc_row-fluid\"><div class=\"wpb_column vc_column_container vc_col-sm-12\"><div class=\"vc_column-inner\"><div class=\"wpb_wrapper\"><h1 style=\"text-align: left\" class=\"vc_custom_heading vc_do_custom_heading\" >Sobre nosotros<\/h1><\/div><\/div><\/div><\/div><div class=\"vc_row wpb_row vc_row-fluid\"><div class=\"wpb_column vc_column_container vc_col-sm-12\"><div class=\"vc_column-inner\"><div class=\"wpb_wrapper\">\n\t<div class=\"wpb_text_column wpb_content_element\" >\n\t\t<div class=\"wpb_wrapper\">\n\t\t\t<p>Fundado como un acto de servicio sagrado. El Jard\u00edn de la Paz es un espacio seguro para acceder a las terapias cham\u00e1nicas de plantas medicinales del Per\u00fa, incluyendo La Madre Ayahuasca. Nuestro deseo es ayudarte a sanar en muchos niveles y crecer para que puedas vivir plenamente y desde el coraz\u00f3n, as\u00ed de simple. Conoce a nuestro equipo de <a href=\"https:\/\/www.thegardenofpeace.com\/es\/healers-staff\/\">curanderos y personal<\/a> aqu\u00ed.<\/p>\n<p>Nuestros sanadores tradicionales te guiar\u00e1n a trav\u00e9s de este trabajo transformador basado en miles de a\u00f1os de sabidur\u00eda en un entorno seguro y centrado, con acceso las 24 horas del d\u00eda a personal de habla inglesa. Para aquellos que se sientan llamados a ello, este camino de sanaci\u00f3n es un verdadero cambio de vida. Estamos aqu\u00ed para facilitar ese cambio.<\/p>\n<p>La Ayahuasca y las plantas maestras pueden ayudar en el tratamiento de muchas condiciones f\u00edsicas, emocionales, psicol\u00f3gicas y espirituales. Hemos tenido un excelente \u00e9xito en particular con la depresi\u00f3n y la ansiedad, fatiga cr\u00f3nica, artritis, enfermedades autoinmunes, trauma, dolor, adicciones, trastornos emocionales y m\u00e1s. A menudo, las afecciones graves requieren una estancia m\u00e1s larga, que podemos acomodar caso por caso.<\/p>\n<p>Muchas personas tambi\u00e9n experimentan una profunda limpieza, perspicacia e inspiraci\u00f3n, <a href=\"https:\/\/www.thegardenofpeace.com\/es\/testimonials\/\">M\u00e1s informaci\u00f3n sobre las experiencias de nuestros hu\u00e9spedes<\/a><\/p>\n\n\t\t<\/div>\n\t<\/div>\n<\/div><\/div><\/div><\/div><div class=\"vc_row wpb_row vc_row-fluid\"><div class=\"wpb_column vc_column_container vc_col-sm-12\"><div class=\"vc_column-inner\"><div class=\"wpb_wrapper\"><div class=\"vc_empty_space\"   style=\"height: 20px\"><span class=\"vc_empty_space_inner\"><\/span><\/div><\/div><\/div><\/div><\/div><div class=\"vc_row wpb_row vc_row-fluid\"><div class=\"wpb_column vc_column_container vc_col-sm-12\"><div class=\"vc_column-inner\"><div class=\"wpb_wrapper\">\n\t<div class=\"wpb_video_widget wpb_content_element vc_clearfix   vc_video-aspect-ratio-169 vc_video-el-width-100 vc_video-align-left\" >\n\t\t<div class=\"wpb_wrapper\">\n\t\t\t\n\t\t\t<div class=\"wpb_video_wrapper\"><iframe loading=\"lazy\" title=\"Jard\u00edn de la Paz, Per\u00fa\" src=\"https:\/\/player.vimeo.com\/video\/277326380?h=bc2496214c&amp;dnt=1&amp;app_id=122963\" width=\"500\" height=\"281\" frameborder=\"0\" allow=\"autoplay; fullscreen; picture-in-picture; clipboard-write\"><\/iframe><\/div>\n\t\t<\/div>\n\t<\/div>\n<div class=\"vc_empty_space\"   style=\"height: 20px\"><span class=\"vc_empty_space_inner\"><\/span><\/div><\/div><\/div><\/div><\/div><div class=\"vc_row wpb_row vc_row-fluid\"><div class=\"wpb_column vc_column_container vc_col-sm-12\"><div class=\"vc_column-inner\"><div class=\"wpb_wrapper\"><h2 style=\"text-align: left\" class=\"vc_custom_heading vc_do_custom_heading\" >Misi\u00f3n y visi\u00f3n<\/h2><\/div><\/div><\/div><\/div><div class=\"vc_row wpb_row vc_row-fluid\"><div class=\"wpb_column vc_column_container vc_col-sm-12\"><div class=\"vc_column-inner\"><div class=\"wpb_wrapper\">\n\t<div class=\"wpb_text_column wpb_content_element\" >\n\t\t<div class=\"wpb_wrapper\">\n\t\t\t<ul>\n<li>Facilitar humildemente el compartir este medio sagrado de sanaci\u00f3n con aquellos que se sientan llamados a ello en un entorno seguro, honesto y centrado, con el fin de alimentar el bienestar y la armon\u00eda tanto individual como colectiva.<\/li>\n<li>Respetar y honrar las tradiciones, los conocimientos, la cultura, la comunidad y el entorno en el que vivimos y trabajamos.<\/li>\n<li>Canalizar los recursos materiales generados por El Jard\u00edn de la Paz hacia actividades filantr\u00f3picas de apoyo a la comunidad local y al medio ambiente. Entre ellas se incluyen la compra de m\u00e1s tierras para proteger la selva aut\u00f3ctona de la deforestaci\u00f3n, la ejecuci\u00f3n de proyectos de energ\u00eda sostenible en la comunidad local y la contrataci\u00f3n de trabajadores locales siempre que sea posible.<\/li>\n<li>Respetar las creencias, objetivos, necesidades e identidades individuales de todas las personas y facilitar el intercambio de sabidur\u00eda en beneficio de todos.<\/li>\n<li>Cultivar y replantar flora medicinal, incluida la ayahuasca, como parte de una filosof\u00eda general de vida sostenible, responsabiliz\u00e1ndonos de lo que utilizamos y producimos.<\/li>\n<\/ul>\n\n\t\t<\/div>\n\t<\/div>\n<\/div><\/div><\/div><\/div><div class=\"vc_row wpb_row vc_row-fluid\"><div class=\"wpb_column vc_column_container vc_col-sm-12\"><div class=\"vc_column-inner\"><div class=\"wpb_wrapper\"><div class=\"vc_empty_space\"   style=\"height: 20px\"><span class=\"vc_empty_space_inner\"><\/span><\/div><\/div><\/div><\/div><\/div>\n<\/div>","protected":false},"excerpt":{"rendered":"About Us Founded as an act of sacred service. The Garden Of Peace is a safe space to access Peru's shamanic plant medicine therapies including La Madre Ayahuasca. Our wish [...]","protected":false},"author":1,"featured_media":0,"parent":0,"menu_order":0,"comment_status":"closed","ping_status":"closed","template":"","meta":{"pgc_meta":"","footnotes":""},"class_list":["post-14","page","type-page","status-publish","hentry"],"pgc_meta":"","yoast_head":"<!-- This site is optimized with the Yoast SEO plugin v27.2 - https:\/\/yoast.com\/product\/yoast-seo-wordpress\/ -->\n<title>About us | Ayahuasca Healing Retreat Peru | The Garden of Peace<\/title>\n<meta name=\"description\" content=\"A safe space to access Peru\u2019s shamanic plant medicine therapies in a focused environment with 24 hour access to English speaking staff.\" \/>\n<meta name=\"robots\" content=\"index, follow, max-snippet:-1, max-image-preview:large, max-video-preview:-1\" \/>\n<link rel=\"canonical\" href=\"https:\/\/www.thegardenofpeace.com\/es\/quienes-somos\/\" \/>\n<meta property=\"og:locale\" content=\"es_ES\" \/>\n<meta property=\"og:type\" content=\"article\" \/>\n<meta property=\"og:title\" content=\"About us | Ayahuasca Healing Retreat Peru | The Garden of Peace\" \/>\n<meta property=\"og:description\" content=\"A safe space to access Peru\u2019s shamanic plant medicine therapies in a focused environment with 24 hour access to English speaking staff.\" \/>\n<meta property=\"og:url\" content=\"https:\/\/www.thegardenofpeace.com\/es\/quienes-somos\/\" \/>\n<meta property=\"og:site_name\" content=\"The Garden of Peace\" \/>\n<meta property=\"article:publisher\" content=\"https:\/\/www.facebook.com\/eljardindelapaz\/?tn-str=k%2aF\" \/>\n<meta property=\"article:modified_time\" content=\"2019-03-02T04:09:00+00:00\" \/>\n<meta name=\"twitter:card\" content=\"summary_large_image\" \/>\n<meta name=\"twitter:label1\" content=\"Tiempo de lectura\" \/>\n\t<meta name=\"twitter:data1\" content=\"2 minutos\" \/>\n<script type=\"application\/ld+json\" class=\"yoast-schema-graph\">{\"@context\":\"https:\/\/schema.org\",\"@graph\":[{\"@type\":\"WebPage\",\"@id\":\"https:\/\/www.thegardenofpeace.com\/who-we-are\/\",\"url\":\"https:\/\/www.thegardenofpeace.com\/who-we-are\/\",\"name\":\"About us | Ayahuasca Healing Retreat Peru | The Garden of Peace\",\"isPartOf\":{\"@id\":\"https:\/\/www.thegardenofpeace.com\/#website\"},\"datePublished\":\"2016-08-22T08:45:50+00:00\",\"dateModified\":\"2019-03-02T04:09:00+00:00\",\"description\":\"A safe space to access Peru\u2019s shamanic plant medicine therapies in a focused environment with 24 hour access to English speaking staff.\",\"inLanguage\":\"es\",\"potentialAction\":[{\"@type\":\"ReadAction\",\"target\":[\"https:\/\/www.thegardenofpeace.com\/who-we-are\/\"]}]},{\"@type\":\"WebSite\",\"@id\":\"https:\/\/www.thegardenofpeace.com\/#website\",\"url\":\"https:\/\/www.thegardenofpeace.com\/\",\"name\":\"The Garden of Peace\",\"description\":\"\",\"publisher\":{\"@id\":\"https:\/\/www.thegardenofpeace.com\/#organization\"},\"potentialAction\":[{\"@type\":\"SearchAction\",\"target\":{\"@type\":\"EntryPoint\",\"urlTemplate\":\"https:\/\/www.thegardenofpeace.com\/?s={search_term_string}\"},\"query-input\":{\"@type\":\"PropertyValueSpecification\",\"valueRequired\":true,\"valueName\":\"search_term_string\"}}],\"inLanguage\":\"es\"},{\"@type\":\"Organization\",\"@id\":\"https:\/\/www.thegardenofpeace.com\/#organization\",\"name\":\"the garden of peace\",\"url\":\"https:\/\/www.thegardenofpeace.com\/\",\"logo\":{\"@type\":\"ImageObject\",\"inLanguage\":\"es\",\"@id\":\"https:\/\/www.thegardenofpeace.com\/#\/schema\/logo\/image\/\",\"url\":\"https:\/\/www.thegardenofpeace.com\/wp-content\/uploads\/2018\/11\/header-three.png\",\"contentUrl\":\"https:\/\/www.thegardenofpeace.com\/wp-content\/uploads\/2018\/11\/header-three.png\",\"width\":558,\"height\":149,\"caption\":\"the garden of peace\"},\"image\":{\"@id\":\"https:\/\/www.thegardenofpeace.com\/#\/schema\/logo\/image\/\"},\"sameAs\":[\"https:\/\/www.facebook.com\/eljardindelapaz\/?tn-str=k*F\",\"https:\/\/www.instagram.com\/thegardenofpeace\/?hl=en\"]}]}<\/script>\n<!-- \/ Yoast SEO plugin. -->","yoast_head_json":{"title":"About us | Ayahuasca Healing Retreat Peru | The Garden of Peace","description":"A safe space to access Peru\u2019s shamanic plant medicine therapies in a focused environment with 24 hour access to English speaking staff.","robots":{"index":"index","follow":"follow","max-snippet":"max-snippet:-1","max-image-preview":"max-image-preview:large","max-video-preview":"max-video-preview:-1"},"canonical":"https:\/\/www.thegardenofpeace.com\/es\/quienes-somos\/","og_locale":"es_ES","og_type":"article","og_title":"About us | Ayahuasca Healing Retreat Peru | The Garden of Peace","og_description":"A safe space to access Peru\u2019s shamanic plant medicine therapies in a focused environment with 24 hour access to English speaking staff.","og_url":"https:\/\/www.thegardenofpeace.com\/es\/quienes-somos\/","og_site_name":"The Garden of Peace","article_publisher":"https:\/\/www.facebook.com\/eljardindelapaz\/?tn-str=k%2aF","article_modified_time":"2019-03-02T04:09:00+00:00","twitter_card":"summary_large_image","twitter_misc":{"Tiempo de lectura":"2 minutos"},"schema":{"@context":"https:\/\/schema.org","@graph":[{"@type":"WebPage","@id":"https:\/\/www.thegardenofpeace.com\/who-we-are\/","url":"https:\/\/www.thegardenofpeace.com\/who-we-are\/","name":"About us | Ayahuasca Healing Retreat Peru | The Garden of Peace","isPartOf":{"@id":"https:\/\/www.thegardenofpeace.com\/#website"},"datePublished":"2016-08-22T08:45:50+00:00","dateModified":"2019-03-02T04:09:00+00:00","description":"A safe space to access Peru\u2019s shamanic plant medicine therapies in a focused environment with 24 hour access to English speaking staff.","inLanguage":"es","potentialAction":[{"@type":"ReadAction","target":["https:\/\/www.thegardenofpeace.com\/who-we-are\/"]}]},{"@type":"WebSite","@id":"https:\/\/www.thegardenofpeace.com\/#website","url":"https:\/\/www.thegardenofpeace.com\/","name":"The Garden of Peace","description":"","publisher":{"@id":"https:\/\/www.thegardenofpeace.com\/#organization"},"potentialAction":[{"@type":"SearchAction","target":{"@type":"EntryPoint","urlTemplate":"https:\/\/www.thegardenofpeace.com\/?s={search_term_string}"},"query-input":{"@type":"PropertyValueSpecification","valueRequired":true,"valueName":"search_term_string"}}],"inLanguage":"es"},{"@type":"Organization","@id":"https:\/\/www.thegardenofpeace.com\/#organization","name":"the garden of peace","url":"https:\/\/www.thegardenofpeace.com\/","logo":{"@type":"ImageObject","inLanguage":"es","@id":"https:\/\/www.thegardenofpeace.com\/#\/schema\/logo\/image\/","url":"https:\/\/www.thegardenofpeace.com\/wp-content\/uploads\/2018\/11\/header-three.png","contentUrl":"https:\/\/www.thegardenofpeace.com\/wp-content\/uploads\/2018\/11\/header-three.png","width":558,"height":149,"caption":"the garden of peace"},"image":{"@id":"https:\/\/www.thegardenofpeace.com\/#\/schema\/logo\/image\/"},"sameAs":["https:\/\/www.facebook.com\/eljardindelapaz\/?tn-str=k*F","https:\/\/www.instagram.com\/thegardenofpeace\/?hl=en"]}]}},"_links":{"self":[{"href":"https:\/\/www.thegardenofpeace.com\/es\/wp-json\/wp\/v2\/pages\/14","targetHints":{"allow":["GET"]}}],"collection":[{"href":"https:\/\/www.thegardenofpeace.com\/es\/wp-json\/wp\/v2\/pages"}],"about":[{"href":"https:\/\/www.thegardenofpeace.com\/es\/wp-json\/wp\/v2\/types\/page"}],"author":[{"embeddable":true,"href":"https:\/\/www.thegardenofpeace.com\/es\/wp-json\/wp\/v2\/users\/1"}],"replies":[{"embeddable":true,"href":"https:\/\/www.thegardenofpeace.com\/es\/wp-json\/wp\/v2\/comments?post=14"}],"version-history":[{"count":31,"href":"https:\/\/www.thegardenofpeace.com\/es\/wp-json\/wp\/v2\/pages\/14\/revisions"}],"predecessor-version":[{"id":1796,"href":"https:\/\/www.thegardenofpeace.com\/es\/wp-json\/wp\/v2\/pages\/14\/revisions\/1796"}],"wp:attachment":[{"href":"https:\/\/www.thegardenofpeace.com\/es\/wp-json\/wp\/v2\/media?parent=14"}],"curies":[{"name":"wp","href":"https:\/\/api.w.org\/{rel}","templated":true}]}}