{"id":139,"date":"2016-11-08T18:29:55","date_gmt":"2016-11-08T18:29:55","guid":{"rendered":"http:\/\/69.89.31.166\/~plantsp2\/?page_id=139"},"modified":"2021-07-22T04:08:01","modified_gmt":"2021-07-22T04:08:01","slug":"ayahuasca-ceremonies","status":"publish","type":"page","link":"https:\/\/www.thegardenofpeace.com\/es\/chamanismo-y-ayahuasca\/ceremonias-de-ayahuasca\/","title":{"rendered":"Ceremonias de Ayahuasca"},"content":{"rendered":"<div class=\"wpb-content-wrapper\"><div class=\"vc_row wpb_row vc_row-fluid\"><div class=\"wpb_column vc_column_container vc_col-sm-12\"><div class=\"vc_column-inner\"><div class=\"wpb_wrapper\"><div class=\"vc_empty_space\"   style=\"height: 20px\"><span class=\"vc_empty_space_inner\"><\/span><\/div><\/div><\/div><\/div><\/div><div class=\"vc_row wpb_row vc_row-fluid\"><div class=\"wpb_column vc_column_container vc_col-sm-12\"><div class=\"vc_column-inner\"><div class=\"wpb_wrapper\"><h1 style=\"text-align: left\" class=\"vc_custom_heading vc_do_custom_heading\" >Ceremonias de Ayahuasca<\/h1><\/div><\/div><\/div><\/div><div class=\"vc_row wpb_row vc_row-fluid\"><div class=\"wpb_column vc_column_container vc_col-sm-12\"><div class=\"vc_column-inner\"><div class=\"wpb_wrapper\"><div class=\"vc_empty_space\"   style=\"height: 20px\"><span class=\"vc_empty_space_inner\"><\/span><\/div><\/div><\/div><\/div><\/div><div class=\"vc_row wpb_row vc_row-fluid\"><div class=\"wpb_column vc_column_container vc_col-sm-12\"><div class=\"vc_column-inner\"><div class=\"wpb_wrapper\">\n\t<div class=\"wpb_text_column wpb_content_element\" >\n\t\t<div class=\"wpb_wrapper\">\n\t\t\t<p class=\"font_8\">Ceremonias de Ayahuasca en el Jard\u00edn de la Paz se llevan a cabo m\u00e1s o menos en l\u00ednea con Shipibo Ayahuasca chamanismo de la Amazon\u00eda peruana, que en s\u00ed mismo no es una ciencia exacta, cada curandero tiene su propio estilo y se puede leer m\u00e1s sobre esto en nuestro <a href=\"http:\/\/www.thegardenofpeace.com\/es\/ayahuasca-master-plants\/\" target=\"_self\" rel=\"noopener noreferrer\">Chamanismo Ayahuasquero<\/a>\u00a0p\u00e1gina.<\/p>\n<p class=\"font_8\">El Curandero (Cham\u00e1n) principal en<a href=\"http:\/\/www.thegardenofpeace.com\/es\/healers-staff\/\" target=\"_self\" rel=\"noopener noreferrer\">\u00a0El jard\u00edn de la paz<\/a> es Reshin Nika, curandero shipibo de la regi\u00f3n peruana de Ucayali. Puedes leer m\u00e1s sobre \u00e9l en nuestra p\u00e1gina de personal.<\/p>\n<p class=\"font_8\">En cuanto a la estructura de la ceremonia, empecemos por lo b\u00e1sico.<\/p>\n\n\t\t<\/div>\n\t<\/div>\n<h2 class=\"sc_title sc_title_regular\"><\/p>\n<h2>\u00bfEn qu\u00e9 consiste una ceremonia de Ayahuasca en el Jard\u00edn de la Paz?<\/h2>\n<p><\/h2>\n\t<div class=\"wpb_text_column wpb_content_element\" >\n\t\t<div class=\"wpb_wrapper\">\n\t\t\t<p class=\"font_8\">Hacia las 20.00 horas, todos los participantes se re\u00fanen en la Maloka (templo) y ocupan su lugar en\u00a0<span class=\"color_15\">colchones individuales. Cada persona tiene una manta, una almohada, un cubo, papel higi\u00e9nico y se sugiere que traigas una botella de agua, ropa de abrigo y una peque\u00f1a linterna, junto con cualquier otro objeto significativo que quieras sostener o con el que meditar en la ceremonia, cristales, etc. Tambi\u00e9n puedes colocar un objeto significativo en el altar central. Lea nuestra\u00a0<a href=\"https:\/\/www.thegardenofpeace.com\/es\/como-prepararse\/\" target=\"_self\" rel=\"noopener noreferrer\">c\u00f3mo preparar la p\u00e1gina\u00a0<\/a>para m\u00e1s detalles.<\/span><\/p>\n<p class=\"font_8\">Al caer la noche, la Maloka se limpia con Palo Santo y humo de Tabaco, luego el Curandero abre el espacio energ\u00e9ticamente. Se enciende una vela y hablamos unas palabras, respondiendo tambi\u00e9n a cualquier pregunta que los invitados puedan tener.<\/p>\n<p class=\"font_8\">Al caer la noche, la Maloka se limpia con Palo Santo y humo de Tabaco, luego el Curandero abre el espacio energ\u00e9ticamente. Se enciende una vela y hablamos unas palabras, respondiendo tambi\u00e9n a cualquier pregunta que los invitados puedan tener.<\/p>\n<p class=\"font_8\"><span class=\"color_15\">Despu\u00e9s de unos 40 minutos, el Curandero comenzar\u00e1 a cantar, estas canciones \u00fanicas y hermosas se llaman\u00a0<a href=\"https:\/\/www.thegardenofpeace.com\/es\/blog\/\" target=\"_self\" rel=\"noopener noreferrer\">Icaro's (canciones medicinales)<\/a>y son parte integral de la ceremonia, guiando la Ayahuasca, las energ\u00edas de las otras plantas y dirigiendo el sentimiento general de la ceremonia.<\/span><\/p>\n<p class=\"font_8\">Si despu\u00e9s de una hora y media no siente nada, puede pedir m\u00e1s ayahuasca, que se le dar\u00e1 a discreci\u00f3n del curandero.<\/p>\n<p class=\"font_8\">A medida que avanza la ceremonia, otros miembros del equipo tambi\u00e9n pueden cantar, algunas canciones son en ingl\u00e9s y otras m\u00e1s parecidas al folk o al gospel, tambi\u00e9n puede haber periodos de silencio. A veces, cuando se considera oportuno, se invita a cantar a los invitados, aunque esto suele discutirse con los curanderos y el personal antes de que comience la ceremonia.<\/p>\n<p class=\"font_8\">En alg\u00fan momento puede que te llamen al Curandero para cantarte directamente, es entonces cuando el Curandero lee tu energ\u00eda m\u00e1s de cerca, limpi\u00e1ndote y purific\u00e1ndote con tabaco y Agua Florida. Es un momento realmente poderoso.<\/p>\n<p class=\"font_8\">Despu\u00e9s de 4 \u00f3 5 horas, la ceremonia ha concluido, normalmente se enciende la vela y puede haber tiempo para compartir en grupo de forma opcional. Generalmente se invita a los invitados a decir unas palabras sobre su ceremonia si lo desean. Tras la ceremonia, los invitados pueden dormir en la maloka (templo) o regresar a sus casitas con la ayuda del personal.<\/p>\n<p class=\"font_8\">Aunque se pide a los invitados que se abstengan de hablar durante las ceremonias, en cualquier momento puede simplemente decir el nombre de un miembro del personal y le ayudaremos, quiz\u00e1s al ba\u00f1o o si se siente abrumado podemos ayudarle. Nunca sea demasiado t\u00edmido para pedir ayuda, para eso estamos.<\/p>\n\n\t\t<\/div>\n\t<\/div>\n<h2 class=\"sc_title sc_title_regular\"><\/p>\n<h2>\u00bfQu\u00e9 experimentar\u00e1 en una Ceremonia de Ayahuasca?<\/h2>\n<p><\/h2>\n\t<div class=\"wpb_text_column wpb_content_element\" >\n\t\t<div class=\"wpb_wrapper\">\n\t\t\t<p class=\"font_8\">Esta pregunta se responde mejor con \"todo y cualquier cosa\" cada ceremonia es diferente y es nuestra opini\u00f3n que siempre recibes exactamente lo que necesitas en ese momento para sanar, aprender y crecer. Sin embargo, a medida que realizas m\u00e1s dietas, te vuelves m\u00e1s limpio f\u00edsica y energ\u00e9ticamente, lo que con el tiempo profundiza tu experiencia con la Ayahuasca a medida que \"llegas a conocer\" el esp\u00edritu de esta poderosa planta, desarrollando tu propia y \u00fanica relaci\u00f3n con ella.<\/p>\n<p class=\"font_8\">Estas son algunas de las cosas que puede experimentar en una ceremonia de Ayahuasca:<\/p>\n<ul>\n<li>N\u00e1useas, v\u00f3mitos, sudoraci\u00f3n y otras formas de purga<\/li>\n<li>Calor f\u00edsico, fr\u00edo, placer o dolores<\/li>\n<li>Visiones psicod\u00e9licas desde suaves patrones a intensos viajes c\u00f3smicos<\/li>\n<li>Liberaci\u00f3n y procesamiento emocional<\/li>\n<li>Pensamientos, realizaciones, epifan\u00edas<\/li>\n<li>Una profunda sensaci\u00f3n de conexi\u00f3n y despertar espiritual<\/li>\n<li>Percepci\u00f3n multidimensional<\/li>\n<li>Inspiraci\u00f3n e ideas creativas<\/li>\n<li>Im\u00e1genes aparentemente aleatorias que pueden tener un significado simb\u00f3lico<\/li>\n<li>Puedes sentir el esp\u00edritu de la Ayahuasca a veces como una gran Anaconda o Colibr\u00ed, habl\u00e1ndote o movi\u00e9ndose a trav\u00e9s de tu ser.<\/li>\n<li>A veces no sientes mucho<\/li>\n<\/ul>\n<p>.<\/p>\n\n\t\t<\/div>\n\t<\/div>\n<h2 class=\"sc_title sc_title_regular\"><\/p>\n<h2>\u00bfQu\u00e9 beneficios puede reportar una ceremonia?<\/h2>\n<p><\/h2>\n\t<div class=\"wpb_text_column wpb_content_element\" >\n\t\t<div class=\"wpb_wrapper\">\n\t\t\t<p class=\"font_8\">La ayahuasca se ha utilizado para tratar una pl\u00e9tora de dolencias f\u00edsicas, emocionales, mentales y espirituales. Ayuda en la curaci\u00f3n profunda y el crecimiento personal, la purificaci\u00f3n y la iluminaci\u00f3n.<\/p>\n<p class=\"font_8\">En las ceremonias, la gente suele experimentar una profunda conexi\u00f3n espiritual y comprensi\u00f3n de s\u00ed misma, de la vida y de la propia existencia.\u00a0<a href=\"http:\/\/www.thegardenofpeace.com\/es\/master-plants\/\" target=\"_self\" rel=\"noopener noreferrer\">plantas maestras<\/a>\u00a0es una poderosa herramienta para curar toda una serie de enfermedades que afligen la mente, el cuerpo y el esp\u00edritu.<\/p>\n<p class=\"font_8\">Tambi\u00e9n puede visitar nuestra\u00a0<a href=\"http:\/\/www.thegardenofpeace.com\/es\/testimonials\/\" target=\"_self\" rel=\"noopener noreferrer\">historias de curaci\u00f3n\u00a0<\/a>p\u00e1gina para leer las experiencias de otros hu\u00e9spedes, y no dude en<a href=\"https:\/\/www.thegardenofpeace.com\/es\/contact\/\" target=\"_self\" rel=\"noopener noreferrer\">\u00a0ponerse en contacto\u00a0<\/a>si tiene alguna pregunta.<\/p>\n<p class=\"font_8\">La realidad es que cada ceremonia es diferente, entregarse a lo que venga, confiar en el proceso y pasar tiempo despu\u00e9s contemplando tu experiencia te ayudar\u00e1 a sacar el m\u00e1ximo provecho de tus ceremonias de Ayahuasca. La medicina cambia los niveles celulares profundos de la enfermedad, la emoci\u00f3n y la energ\u00eda y esto lleva tiempo para integrarse plenamente.<\/p>\n<p class=\"font_8\">\u00bfNuestro consejo? S\u00e9 amable contigo mismo y conf\u00eda en el proceso.<\/p>\n\n\t\t<\/div>\n\t<\/div>\n<div class=\"vc_empty_space\"   style=\"height: 20px\"><span class=\"vc_empty_space_inner\"><\/span><\/div><\/div><\/div><\/div><\/div>\n<\/div>","protected":false},"excerpt":{"rendered":"Ayahuasca Ceremonies Ayahuasca Ceremonies at The Garden Of Peace are more or less conducted in line with Shipibo Ayahuasca Shamanism from the Peruvian Amazon, which in itself is not an [...]","protected":false},"author":1,"featured_media":0,"parent":1204,"menu_order":0,"comment_status":"closed","ping_status":"closed","template":"","meta":{"pgc_meta":"","footnotes":""},"class_list":["post-139","page","type-page","status-publish","hentry"],"pgc_meta":"","yoast_head":"<!-- This site is optimized with the Yoast SEO plugin v27.2 - https:\/\/yoast.com\/product\/yoast-seo-wordpress\/ -->\n<title>Ayahuasca Ceremonies | Ayahuasca Retreat Peru | The Garden of Peace<\/title>\n<meta name=\"description\" content=\"As darkness falls, the Maloka is cleansed with Palo Santo and Tobacco smoke then the Curandero opens the space energetically.\" \/>\n<meta name=\"robots\" content=\"index, follow, max-snippet:-1, max-image-preview:large, max-video-preview:-1\" \/>\n<link rel=\"canonical\" href=\"https:\/\/www.thegardenofpeace.com\/es\/chamanismo-y-ayahuasca\/ceremonias-de-ayahuasca\/\" \/>\n<meta property=\"og:locale\" content=\"es_ES\" \/>\n<meta property=\"og:type\" content=\"article\" \/>\n<meta property=\"og:title\" content=\"Ayahuasca Ceremonies | Ayahuasca Retreat Peru | The Garden of Peace\" \/>\n<meta property=\"og:description\" content=\"As darkness falls, the Maloka is cleansed with Palo Santo and Tobacco smoke then the Curandero opens the space energetically.\" \/>\n<meta property=\"og:url\" content=\"https:\/\/www.thegardenofpeace.com\/es\/chamanismo-y-ayahuasca\/ceremonias-de-ayahuasca\/\" \/>\n<meta property=\"og:site_name\" content=\"The Garden of Peace\" \/>\n<meta property=\"article:publisher\" content=\"https:\/\/www.facebook.com\/eljardindelapaz\/?tn-str=k%2aF\" \/>\n<meta property=\"article:modified_time\" content=\"2021-07-22T04:08:01+00:00\" \/>\n<meta name=\"twitter:card\" content=\"summary_large_image\" \/>\n<meta name=\"twitter:label1\" content=\"Tiempo de lectura\" \/>\n\t<meta name=\"twitter:data1\" content=\"5 minutos\" \/>\n<script type=\"application\/ld+json\" class=\"yoast-schema-graph\">{\"@context\":\"https:\/\/schema.org\",\"@graph\":[{\"@type\":\"WebPage\",\"@id\":\"https:\/\/www.thegardenofpeace.com\/shamanism-and-ayahuasca\/ayahuasca-ceremonies\/\",\"url\":\"https:\/\/www.thegardenofpeace.com\/shamanism-and-ayahuasca\/ayahuasca-ceremonies\/\",\"name\":\"Ayahuasca Ceremonies | Ayahuasca Retreat Peru | The Garden of Peace\",\"isPartOf\":{\"@id\":\"https:\/\/www.thegardenofpeace.com\/#website\"},\"datePublished\":\"2016-11-08T18:29:55+00:00\",\"dateModified\":\"2021-07-22T04:08:01+00:00\",\"description\":\"As darkness falls, the Maloka is cleansed with Palo Santo and Tobacco smoke then the Curandero opens the space energetically.\",\"breadcrumb\":{\"@id\":\"https:\/\/www.thegardenofpeace.com\/shamanism-and-ayahuasca\/ayahuasca-ceremonies\/#breadcrumb\"},\"inLanguage\":\"es\",\"potentialAction\":[{\"@type\":\"ReadAction\",\"target\":[\"https:\/\/www.thegardenofpeace.com\/shamanism-and-ayahuasca\/ayahuasca-ceremonies\/\"]}]},{\"@type\":\"BreadcrumbList\",\"@id\":\"https:\/\/www.thegardenofpeace.com\/shamanism-and-ayahuasca\/ayahuasca-ceremonies\/#breadcrumb\",\"itemListElement\":[{\"@type\":\"ListItem\",\"position\":1,\"name\":\"Plant Medicine\",\"item\":\"https:\/\/www.thegardenofpeace.com\/shamanism-and-ayahuasca\/\"},{\"@type\":\"ListItem\",\"position\":2,\"name\":\"Ayahuasca Ceremonies\"}]},{\"@type\":\"WebSite\",\"@id\":\"https:\/\/www.thegardenofpeace.com\/#website\",\"url\":\"https:\/\/www.thegardenofpeace.com\/\",\"name\":\"The Garden of Peace\",\"description\":\"\",\"publisher\":{\"@id\":\"https:\/\/www.thegardenofpeace.com\/#organization\"},\"potentialAction\":[{\"@type\":\"SearchAction\",\"target\":{\"@type\":\"EntryPoint\",\"urlTemplate\":\"https:\/\/www.thegardenofpeace.com\/?s={search_term_string}\"},\"query-input\":{\"@type\":\"PropertyValueSpecification\",\"valueRequired\":true,\"valueName\":\"search_term_string\"}}],\"inLanguage\":\"es\"},{\"@type\":\"Organization\",\"@id\":\"https:\/\/www.thegardenofpeace.com\/#organization\",\"name\":\"the garden of peace\",\"url\":\"https:\/\/www.thegardenofpeace.com\/\",\"logo\":{\"@type\":\"ImageObject\",\"inLanguage\":\"es\",\"@id\":\"https:\/\/www.thegardenofpeace.com\/#\/schema\/logo\/image\/\",\"url\":\"https:\/\/www.thegardenofpeace.com\/wp-content\/uploads\/2018\/11\/header-three.png\",\"contentUrl\":\"https:\/\/www.thegardenofpeace.com\/wp-content\/uploads\/2018\/11\/header-three.png\",\"width\":558,\"height\":149,\"caption\":\"the garden of peace\"},\"image\":{\"@id\":\"https:\/\/www.thegardenofpeace.com\/#\/schema\/logo\/image\/\"},\"sameAs\":[\"https:\/\/www.facebook.com\/eljardindelapaz\/?tn-str=k*F\",\"https:\/\/www.instagram.com\/thegardenofpeace\/?hl=en\"]}]}<\/script>\n<!-- \/ Yoast SEO plugin. -->","yoast_head_json":{"title":"Ayahuasca Ceremonies | Ayahuasca Retreat Peru | The Garden of Peace","description":"As darkness falls, the Maloka is cleansed with Palo Santo and Tobacco smoke then the Curandero opens the space energetically.","robots":{"index":"index","follow":"follow","max-snippet":"max-snippet:-1","max-image-preview":"max-image-preview:large","max-video-preview":"max-video-preview:-1"},"canonical":"https:\/\/www.thegardenofpeace.com\/es\/chamanismo-y-ayahuasca\/ceremonias-de-ayahuasca\/","og_locale":"es_ES","og_type":"article","og_title":"Ayahuasca Ceremonies | Ayahuasca Retreat Peru | The Garden of Peace","og_description":"As darkness falls, the Maloka is cleansed with Palo Santo and Tobacco smoke then the Curandero opens the space energetically.","og_url":"https:\/\/www.thegardenofpeace.com\/es\/chamanismo-y-ayahuasca\/ceremonias-de-ayahuasca\/","og_site_name":"The Garden of Peace","article_publisher":"https:\/\/www.facebook.com\/eljardindelapaz\/?tn-str=k%2aF","article_modified_time":"2021-07-22T04:08:01+00:00","twitter_card":"summary_large_image","twitter_misc":{"Tiempo de lectura":"5 minutos"},"schema":{"@context":"https:\/\/schema.org","@graph":[{"@type":"WebPage","@id":"https:\/\/www.thegardenofpeace.com\/shamanism-and-ayahuasca\/ayahuasca-ceremonies\/","url":"https:\/\/www.thegardenofpeace.com\/shamanism-and-ayahuasca\/ayahuasca-ceremonies\/","name":"Ayahuasca Ceremonies | Ayahuasca Retreat Peru | The Garden of Peace","isPartOf":{"@id":"https:\/\/www.thegardenofpeace.com\/#website"},"datePublished":"2016-11-08T18:29:55+00:00","dateModified":"2021-07-22T04:08:01+00:00","description":"As darkness falls, the Maloka is cleansed with Palo Santo and Tobacco smoke then the Curandero opens the space energetically.","breadcrumb":{"@id":"https:\/\/www.thegardenofpeace.com\/shamanism-and-ayahuasca\/ayahuasca-ceremonies\/#breadcrumb"},"inLanguage":"es","potentialAction":[{"@type":"ReadAction","target":["https:\/\/www.thegardenofpeace.com\/shamanism-and-ayahuasca\/ayahuasca-ceremonies\/"]}]},{"@type":"BreadcrumbList","@id":"https:\/\/www.thegardenofpeace.com\/shamanism-and-ayahuasca\/ayahuasca-ceremonies\/#breadcrumb","itemListElement":[{"@type":"ListItem","position":1,"name":"Plant Medicine","item":"https:\/\/www.thegardenofpeace.com\/shamanism-and-ayahuasca\/"},{"@type":"ListItem","position":2,"name":"Ayahuasca Ceremonies"}]},{"@type":"WebSite","@id":"https:\/\/www.thegardenofpeace.com\/#website","url":"https:\/\/www.thegardenofpeace.com\/","name":"The Garden of Peace","description":"","publisher":{"@id":"https:\/\/www.thegardenofpeace.com\/#organization"},"potentialAction":[{"@type":"SearchAction","target":{"@type":"EntryPoint","urlTemplate":"https:\/\/www.thegardenofpeace.com\/?s={search_term_string}"},"query-input":{"@type":"PropertyValueSpecification","valueRequired":true,"valueName":"search_term_string"}}],"inLanguage":"es"},{"@type":"Organization","@id":"https:\/\/www.thegardenofpeace.com\/#organization","name":"the garden of peace","url":"https:\/\/www.thegardenofpeace.com\/","logo":{"@type":"ImageObject","inLanguage":"es","@id":"https:\/\/www.thegardenofpeace.com\/#\/schema\/logo\/image\/","url":"https:\/\/www.thegardenofpeace.com\/wp-content\/uploads\/2018\/11\/header-three.png","contentUrl":"https:\/\/www.thegardenofpeace.com\/wp-content\/uploads\/2018\/11\/header-three.png","width":558,"height":149,"caption":"the garden of peace"},"image":{"@id":"https:\/\/www.thegardenofpeace.com\/#\/schema\/logo\/image\/"},"sameAs":["https:\/\/www.facebook.com\/eljardindelapaz\/?tn-str=k*F","https:\/\/www.instagram.com\/thegardenofpeace\/?hl=en"]}]}},"_links":{"self":[{"href":"https:\/\/www.thegardenofpeace.com\/es\/wp-json\/wp\/v2\/pages\/139","targetHints":{"allow":["GET"]}}],"collection":[{"href":"https:\/\/www.thegardenofpeace.com\/es\/wp-json\/wp\/v2\/pages"}],"about":[{"href":"https:\/\/www.thegardenofpeace.com\/es\/wp-json\/wp\/v2\/types\/page"}],"author":[{"embeddable":true,"href":"https:\/\/www.thegardenofpeace.com\/es\/wp-json\/wp\/v2\/users\/1"}],"replies":[{"embeddable":true,"href":"https:\/\/www.thegardenofpeace.com\/es\/wp-json\/wp\/v2\/comments?post=139"}],"version-history":[{"count":6,"href":"https:\/\/www.thegardenofpeace.com\/es\/wp-json\/wp\/v2\/pages\/139\/revisions"}],"predecessor-version":[{"id":3268,"href":"https:\/\/www.thegardenofpeace.com\/es\/wp-json\/wp\/v2\/pages\/139\/revisions\/3268"}],"up":[{"embeddable":true,"href":"https:\/\/www.thegardenofpeace.com\/es\/wp-json\/wp\/v2\/pages\/1204"}],"wp:attachment":[{"href":"https:\/\/www.thegardenofpeace.com\/es\/wp-json\/wp\/v2\/media?parent=139"}],"curies":[{"name":"wp","href":"https:\/\/api.w.org\/{rel}","templated":true}]}}