{"id":1213,"date":"2018-11-22T07:40:13","date_gmt":"2018-11-22T07:40:13","guid":{"rendered":"https:\/\/www.thegardenofpeace.com\/staginggop\/?page_id=1213"},"modified":"2020-03-01T04:07:29","modified_gmt":"2020-03-01T04:07:29","slug":"shamanism-in-peru","status":"publish","type":"page","link":"https:\/\/www.thegardenofpeace.com\/es\/chamanismo-y-ayahuasca\/chamanismo-en-peru\/","title":{"rendered":"Chamanismo en Per\u00fa"},"content":{"rendered":"<div class=\"wpb-content-wrapper\"><div class=\"vc_row wpb_row vc_row-fluid\"><div class=\"wpb_column vc_column_container vc_col-sm-12\"><div class=\"vc_column-inner\"><div class=\"wpb_wrapper\"><div class=\"vc_empty_space\"   style=\"height: 20px\"><span class=\"vc_empty_space_inner\"><\/span><\/div><\/div><\/div><\/div><\/div><div class=\"vc_row wpb_row vc_row-fluid\"><div class=\"wpb_column vc_column_container vc_col-sm-12\"><div class=\"vc_column-inner\"><div class=\"wpb_wrapper\"><h1 style=\"text-align: left\" class=\"vc_custom_heading vc_do_custom_heading\" >Chamanismo en Per\u00fa<\/h1><\/div><\/div><\/div><\/div><div class=\"vc_row wpb_row vc_row-fluid\"><div class=\"wpb_column vc_column_container vc_col-sm-12\"><div class=\"vc_column-inner\"><div class=\"wpb_wrapper\"><div class=\"vc_empty_space\"   style=\"height: 20px\"><span class=\"vc_empty_space_inner\"><\/span><\/div><\/div><\/div><\/div><\/div><div class=\"vc_row wpb_row vc_row-fluid\"><div class=\"wpb_column vc_column_container vc_col-sm-12\"><div class=\"vc_column-inner\"><div class=\"wpb_wrapper\">\n\t<div class=\"wpb_text_column wpb_content_element\" >\n\t\t<div class=\"wpb_wrapper\">\n\t\t\t<p><img loading=\"lazy\" decoding=\"async\" class=\"alignright wp-image-1309 size-medium\" src=\"https:\/\/www.thegardenofpeace.com\/wp-content\/uploads\/2018\/11\/Screen-Shot-2018-03-06-at-11.48.06-2-300x287.jpg\" alt=\"\" width=\"300\" height=\"287\" srcset=\"https:\/\/www.thegardenofpeace.com\/wp-content\/uploads\/2018\/11\/Screen-Shot-2018-03-06-at-11.48.06-2-300x287.jpg 300w, https:\/\/www.thegardenofpeace.com\/wp-content\/uploads\/2018\/11\/Screen-Shot-2018-03-06-at-11.48.06-2.jpg 568w\" sizes=\"auto, (max-width: 300px) 100vw, 300px\" \/>Durante miles de a\u00f1os, los ind\u00edgenas de la Amazonia peruana han trabajado con plantas sagradas para curar enfermedades, resolver problemas cotidianos y conectar con el esp\u00edritu. Una parte fundamental de esta pr\u00e1ctica es el consumo ritual de ayahuasca, un preparado de dos plantas, la liana ayahuasca y la chacruna. Los poderes curativos, los estados alterados de conciencia y los efectos de despertar espiritual de la ayahuasca han captado recientemente mucha atenci\u00f3n fuera de Latinoam\u00e9rica, generando un amplio debate y curiosidad.<\/p>\n<p>Durante miles de a\u00f1os, los ind\u00edgenas de la Amazonia peruana han trabajado con plantas sagradas para curar enfermedades, resolver problemas cotidianos y conectar con el esp\u00edritu. Una parte fundamental de esta pr\u00e1ctica es el consumo ritual de ayahuasca, un preparado de dos plantas, la liana ayahuasca y la chacruna. Los poderes curativos, los estados alterados de conciencia y los efectos de despertar espiritual de la ayahuasca han captado recientemente mucha atenci\u00f3n fuera de Latinoam\u00e9rica, generando un amplio debate y curiosidad.<\/p>\n<p>Esta p\u00e1gina est\u00e1 dise\u00f1ada para introducirle brevemente en el contexto hist\u00f3rico y cultural del chamanismo ayahuasquero y la medicina vegetal en Per\u00fa, y para observar c\u00f3mo est\u00e1 evolucionando a medida que el resto del mundo empieza a experimentar, debatir y explorar estos poderosos dones de la naturaleza.<\/p>\n\n\t\t<\/div>\n\t<\/div>\n<div class=\"vc_empty_space\"   style=\"height: 20px\"><span class=\"vc_empty_space_inner\"><\/span><\/div><h1 class=\"sc_title sc_title_regular\"><\/p>\n<h2>Visi\u00f3n del mundo y contexto<\/h2>\n<p><\/h1>\n\t<div class=\"wpb_text_column wpb_content_element\" >\n\t\t<div class=\"wpb_wrapper\">\n\t\t\t<p class=\"font_8\"><img loading=\"lazy\" decoding=\"async\" class=\"alignleft wp-image-1173\" src=\"https:\/\/www.thegardenofpeace.com\/wp-content\/uploads\/2018\/11\/IMG_8387-1-300x200.jpg\" alt=\"\" width=\"450\" height=\"300\" srcset=\"https:\/\/www.thegardenofpeace.com\/wp-content\/uploads\/2018\/11\/IMG_8387-1-300x200.jpg 300w, https:\/\/www.thegardenofpeace.com\/wp-content\/uploads\/2018\/11\/IMG_8387-1-768x512.jpg 768w, https:\/\/www.thegardenofpeace.com\/wp-content\/uploads\/2018\/11\/IMG_8387-1-1024x683.jpg 1024w, https:\/\/www.thegardenofpeace.com\/wp-content\/uploads\/2018\/11\/IMG_8387-1-600x400.jpg 600w\" sizes=\"auto, (max-width: 450px) 100vw, 450px\" \/>Como ocurre con muchos caminos de sanaci\u00f3n ind\u00edgenas o alternativos, el mundo del chamanismo amaz\u00f3nico es multidimensional. Desde esta perspectiva, la ceremonia de la ayahuasca, las dietas maestras de plantas y las pr\u00e1cticas m\u00e1s amplias sirven como un puente intencional entre estas dimensiones, conect\u00e1ndonos con fuerzas que existen m\u00e1s all\u00e1 de nuestra realidad inmediata, pero que tienen un impacto directo en la vida cotidiana y el bienestar.<\/p>\n<p class=\"font_8\">No cabe duda de que hay poderosos procesos bioqu\u00edmicos que contribuyen a la curaci\u00f3n f\u00edsica que se produce en esta tradici\u00f3n, pero tambi\u00e9n hay una realidad vibratoria distinta que desempe\u00f1a un papel igualmente importante. Se trata de la perspectiva de la coexistencia del esp\u00edritu y la materia. De esta forma, se entiende que los \"esp\u00edritus de las plantas\" o la inteligencia consciente que reside en la vid de la ayahuasca y en todas las dem\u00e1s plantas maestras son fuerzas sanadoras, ense\u00f1adoras y sagradas con las que se interact\u00faa ceremonialmente con el prop\u00f3sito de curar.<\/p>\n<p class=\"font_8\">En este contexto, estas plantas medicinales no se consideran \"drogas\", independientemente de sus propiedades psicoactivas, sino esp\u00edritus y medicinas.<\/p>\n\n\t\t<\/div>\n\t<\/div>\n<div class=\"vc_empty_space\"   style=\"height: 20px\"><span class=\"vc_empty_space_inner\"><\/span><\/div><h1 class=\"sc_title sc_title_regular\"><\/p>\n<h2>Ra\u00edces y globalizaci\u00f3n<\/h2>\n<p><\/h1>\n\t<div class=\"wpb_text_column wpb_content_element\" >\n\t\t<div class=\"wpb_wrapper\">\n\t\t\t<p><img loading=\"lazy\" decoding=\"async\" class=\"alignright wp-image-1077\" src=\"https:\/\/www.thegardenofpeace.com\/wp-content\/uploads\/2016\/12\/10-ceremony-peru-1-300x150.jpg\" alt=\"\" width=\"450\" height=\"225\" srcset=\"https:\/\/www.thegardenofpeace.com\/wp-content\/uploads\/2016\/12\/10-ceremony-peru-1-300x150.jpg 300w, https:\/\/www.thegardenofpeace.com\/wp-content\/uploads\/2016\/12\/10-ceremony-peru-1-768x384.jpg 768w, https:\/\/www.thegardenofpeace.com\/wp-content\/uploads\/2016\/12\/10-ceremony-peru-1-1024x512.jpg 1024w, https:\/\/www.thegardenofpeace.com\/wp-content\/uploads\/2016\/12\/10-ceremony-peru-1-600x300.jpg 600w, https:\/\/www.thegardenofpeace.com\/wp-content\/uploads\/2016\/12\/10-ceremony-peru-1.jpg 1200w\" sizes=\"auto, (max-width: 450px) 100vw, 450px\" \/>Los investigadores estiman que la ayahuasca ha sido utilizada por los pueblos ind\u00edgenas peruanos desde hace 5000 a\u00f1os. Tras la llegada de los colonialistas espa\u00f1oles hace unos 500 a\u00f1os, comenz\u00f3 la lenta integraci\u00f3n de la religi\u00f3n y la ideolog\u00eda occidentales con los sistemas de creencias cham\u00e1nicas ind\u00edgenas. En el Per\u00fa actual, un peque\u00f1o n\u00famero de personas sigue practicando exclusivamente desde la perspectiva tradicional no occidental, mientras que el grupo m\u00e1s numeroso de chamanes \"mestizos\" ha desarrollado sistemas de pr\u00e1ctica que incorporan elementos del catolicismo espa\u00f1ol y otros objetos o rituales m\u00e1s occidentales con los fundamentos ind\u00edgenas. Algunos ejemplos son las referencias a los santos y a Jes\u00fas, la recitaci\u00f3n de oraciones cristianas, el uso de rosarios, Agua Florida, alcanfor o velas para hacer bendiciones y como protecci\u00f3n, todo ello junto con aspectos m\u00e1s tradicionales como las conexiones con los esp\u00edritus de animales y plantas, el uso del tabaco y los important\u00edsimos Icaros (cantos medicinales), a menudo cantados en una mezcla de espa\u00f1ol y quechua.<\/p>\n<p>&nbsp;<\/p>\n<p>En general, no existe un c\u00f3digo de conducta inamovible para el chamanismo amaz\u00f3nico en Per\u00fa, a pesar de cierta coherencia en diversas pr\u00e1cticas. El uso de la ayahuasca en el Per\u00fa de hoy es hasta cierto punto un arte expresado individualmente, cada curandero desarrollar\u00e1 su propia combinaci\u00f3n \u00fanica de creencias y pr\u00e1cticas basadas en una mezcla de conocimientos heredados y el aprendizaje experiencial personal, un Curandero en el Per\u00fa le dir\u00e1, \"las plantas me ense\u00f1an\".<\/p>\n<p>Varios buscadores no latinoamericanos han experimentado la ayahuasca a lo largo de los a\u00f1os, desde los famosos poetas beat Allen Ginsberg y William Burroughs en la d\u00e9cada de 1960 hasta el mundialmente conocido etn\u00f3grafo y psiconauta Graham Hancock. Sin embargo, en la \u00faltima d\u00e9cada, el creciente inter\u00e9s por la ayahuasca ha atra\u00eddo a miles de personas a Per\u00fa y al Amazonas en busca de curaci\u00f3n f\u00edsica, crecimiento personal y despertar espiritual. Profundamente vinculado al movimiento de la Nueva Era, el chamanismo de la ayahuasca est\u00e1 ahora firmemente arraigado en el mundo moderno del descubrimiento espiritual y la salud alternativa. Existen documentales, libros y muchos sitios web, y el t\u00e9rmino \"turismo ayahuasquero\" se oye ahora con frecuencia en todo Per\u00fa.<\/p>\n\n\t\t<\/div>\n\t<\/div>\n<div class=\"vc_empty_space\"   style=\"height: 20px\"><span class=\"vc_empty_space_inner\"><\/span><\/div><h1 class=\"sc_title sc_title_regular\"><\/p>\n<h2>Mantener el espacio en tiempos de cambio<\/h2>\n<p><\/h1>\n\t<div class=\"wpb_text_column wpb_content_element\" >\n\t\t<div class=\"wpb_wrapper\">\n\t\t\t<p class=\"font_8\"><img loading=\"lazy\" decoding=\"async\" class=\"alignleft wp-image-1314\" src=\"https:\/\/www.thegardenofpeace.com\/wp-content\/uploads\/2018\/11\/IMG_5580-1-1024x1024.jpg\" alt=\"\" width=\"450\" height=\"450\" srcset=\"https:\/\/www.thegardenofpeace.com\/wp-content\/uploads\/2018\/11\/IMG_5580-1-1024x1024.jpg 1024w, https:\/\/www.thegardenofpeace.com\/wp-content\/uploads\/2018\/11\/IMG_5580-1-150x150.jpg 150w, https:\/\/www.thegardenofpeace.com\/wp-content\/uploads\/2018\/11\/IMG_5580-1-300x300.jpg 300w, https:\/\/www.thegardenofpeace.com\/wp-content\/uploads\/2018\/11\/IMG_5580-1-768x768.jpg 768w, https:\/\/www.thegardenofpeace.com\/wp-content\/uploads\/2018\/11\/IMG_5580-1-75x75.jpg 75w, https:\/\/www.thegardenofpeace.com\/wp-content\/uploads\/2018\/11\/IMG_5580-1-600x600.jpg 600w, https:\/\/www.thegardenofpeace.com\/wp-content\/uploads\/2018\/11\/IMG_5580-1-100x100.jpg 100w, https:\/\/www.thegardenofpeace.com\/wp-content\/uploads\/2018\/11\/IMG_5580-1.jpg 1773w\" sizes=\"auto, (max-width: 450px) 100vw, 450px\" \/>Aqu\u00ed en el Jard\u00edn de la Paz, reconocemos y somos positivos sobre el paradigma cambiante del uso de la ayahuasca, pero tambi\u00e9n mantenemos un profundo respeto y humilde reverencia por la antigua sabidur\u00eda de sus custodios tradicionales, los curanderos ind\u00edgenas y chamanes de las regiones amaz\u00f3nicas. Somos conscientes de los problemas de apropiaci\u00f3n cultural y nos tomamos en serio el hecho de compartir esta sabidur\u00eda de forma responsable.<\/p>\n<p class=\"font_8\">El enfoque espec\u00edfico para trabajar con ayahuasca utilizado por nuestros Curanderos que podr\u00edan clasificarse como chamanes mestizos peruanos, incorpora dietas de plantas maestras; un enfoque peruano muy tradicional que debe seguirse con dedicaci\u00f3n para beneficiarse de forma segura y eficaz, m\u00e1s informaci\u00f3n sobre esto en nuestro\u00a0<a href=\"https:\/\/www.thegardenofpeace.com\/es\/ayahuasca-master-plant-retreats\/\">ayhahuasca &amp; plantas maestras p\u00e1gina de retiro<\/a>. Todos tenemos mucho que aprender de todas estas tradiciones y plantas. Del mismo modo, todos los que nos hemos acercado a la medicina tenemos mucho que ofrecer al mundo que nos rodea, la oportunidad de transmitirlo de la forma que podamos a trav\u00e9s de nuestras propias experiencias y conocimientos curativos.<\/p>\n<p class=\"font_8\">Desde sus ra\u00edces ind\u00edgenas en las profundidades del Amazonas hasta su aparici\u00f3n global en las comunidades de la Nueva Era y del bienestar, quiz\u00e1s la ayahuasca se est\u00e1 extendiendo intencionadamente m\u00e1s all\u00e1 de su entorno nativo para ayudar a curarnos y guiarnos fuera de la devastaci\u00f3n que nos estamos imponiendo unos a otros y a nuestro entorno, para reconectarnos con nuestra naturaleza divina y unificarnos con una visi\u00f3n m\u00e1s amplia para el futuro de esta realidad, sea cual sea el prop\u00f3sito m\u00e1s profundo, este es verdaderamente un incre\u00edble regalo de la naturaleza.<\/p>\n<p class=\"font_8\">Aqu\u00ed en El Jard\u00edn de la Paz esperamos sobre todo facilitar un espacio para aquellos que se sientan llamados a este camino, para que puedan venir y encontrarse con la medicina y conectar con su potencial m\u00e1s profundo para el bienestar hol\u00edstico. Porque, desde ese espacio, nos resulta mucho m\u00e1s f\u00e1cil a todos caminar por la tierra en armon\u00eda.<\/p>\n<p class=\"font_8\">Namaste.<\/p>\n\n\t\t<\/div>\n\t<\/div>\n<div class=\"vc_empty_space\"   style=\"height: 20px\"><span class=\"vc_empty_space_inner\"><\/span><\/div><\/div><\/div><\/div><\/div><div class=\"vc_row wpb_row vc_row-fluid\"><div class=\"wpb_column vc_column_container vc_col-sm-12\"><div class=\"vc_column-inner\"><div class=\"wpb_wrapper\"><\/div><\/div><\/div><\/div><div class=\"vc_row wpb_row vc_row-fluid\"><div class=\"wpb_column vc_column_container vc_col-sm-12\"><div class=\"vc_column-inner\"><div class=\"wpb_wrapper\"><h1 class=\"sc_title sc_title_regular\"><\/h1><\/div><\/div><\/div><\/div><div class=\"vc_row wpb_row vc_row-fluid\"><div class=\"wpb_column vc_column_container vc_col-sm-12\"><div class=\"vc_column-inner\"><div class=\"wpb_wrapper\"><h1 class=\"sc_title sc_title_regular\"><\/h1><\/div><\/div><\/div><\/div>\n<\/div>","protected":false},"excerpt":{"rendered":"Shamanism in Peru For thousands of years, indigenous people of Peruvian Amazon have worked with sacred plants to heal illness, solve everyday problems and connect with spirit. A central part [...]","protected":false},"author":2,"featured_media":0,"parent":1204,"menu_order":0,"comment_status":"closed","ping_status":"closed","template":"","meta":{"pgc_meta":"","footnotes":""},"class_list":["post-1213","page","type-page","status-publish","hentry"],"pgc_meta":"","yoast_head":"<!-- This site is optimized with the Yoast SEO plugin v27.2 - https:\/\/yoast.com\/product\/yoast-seo-wordpress\/ -->\n<title>Shamanism in Peru | Ayahuasca Retreat Centre | The Garden of Peace<\/title>\n<meta name=\"robots\" content=\"index, follow, max-snippet:-1, max-image-preview:large, max-video-preview:-1\" \/>\n<link rel=\"canonical\" href=\"https:\/\/www.thegardenofpeace.com\/es\/chamanismo-y-ayahuasca\/chamanismo-en-peru\/\" \/>\n<meta property=\"og:locale\" content=\"es_ES\" \/>\n<meta property=\"og:type\" content=\"article\" \/>\n<meta property=\"og:title\" content=\"Shamanism in Peru | Ayahuasca Retreat Centre | The Garden of Peace\" \/>\n<meta property=\"og:url\" content=\"https:\/\/www.thegardenofpeace.com\/es\/chamanismo-y-ayahuasca\/chamanismo-en-peru\/\" \/>\n<meta property=\"og:site_name\" content=\"The Garden of Peace\" \/>\n<meta property=\"article:publisher\" content=\"https:\/\/www.facebook.com\/eljardindelapaz\/?tn-str=k%2aF\" \/>\n<meta property=\"article:modified_time\" content=\"2020-03-01T04:07:29+00:00\" \/>\n<meta property=\"og:image\" content=\"https:\/\/www.thegardenofpeace.com\/wp-content\/uploads\/2018\/11\/Screen-Shot-2018-03-06-at-11.48.06-2-300x287.jpg\" \/>\n<meta name=\"twitter:card\" content=\"summary_large_image\" \/>\n<meta name=\"twitter:label1\" content=\"Tiempo de lectura\" \/>\n\t<meta name=\"twitter:data1\" content=\"6 minutos\" \/>\n<script type=\"application\/ld+json\" class=\"yoast-schema-graph\">{\"@context\":\"https:\/\/schema.org\",\"@graph\":[{\"@type\":\"WebPage\",\"@id\":\"https:\/\/www.thegardenofpeace.com\/shamanism-and-ayahuasca\/shamanism-in-peru\/\",\"url\":\"https:\/\/www.thegardenofpeace.com\/shamanism-and-ayahuasca\/shamanism-in-peru\/\",\"name\":\"Shamanism in Peru | Ayahuasca Retreat Centre | The Garden of Peace\",\"isPartOf\":{\"@id\":\"https:\/\/www.thegardenofpeace.com\/#website\"},\"primaryImageOfPage\":{\"@id\":\"https:\/\/www.thegardenofpeace.com\/shamanism-and-ayahuasca\/shamanism-in-peru\/#primaryimage\"},\"image\":{\"@id\":\"https:\/\/www.thegardenofpeace.com\/shamanism-and-ayahuasca\/shamanism-in-peru\/#primaryimage\"},\"thumbnailUrl\":\"https:\/\/www.thegardenofpeace.com\/wp-content\/uploads\/2018\/11\/Screen-Shot-2018-03-06-at-11.48.06-2-300x287.jpg\",\"datePublished\":\"2018-11-22T07:40:13+00:00\",\"dateModified\":\"2020-03-01T04:07:29+00:00\",\"breadcrumb\":{\"@id\":\"https:\/\/www.thegardenofpeace.com\/shamanism-and-ayahuasca\/shamanism-in-peru\/#breadcrumb\"},\"inLanguage\":\"es\",\"potentialAction\":[{\"@type\":\"ReadAction\",\"target\":[\"https:\/\/www.thegardenofpeace.com\/shamanism-and-ayahuasca\/shamanism-in-peru\/\"]}]},{\"@type\":\"ImageObject\",\"inLanguage\":\"es\",\"@id\":\"https:\/\/www.thegardenofpeace.com\/shamanism-and-ayahuasca\/shamanism-in-peru\/#primaryimage\",\"url\":\"https:\/\/www.thegardenofpeace.com\/wp-content\/uploads\/2018\/11\/Screen-Shot-2018-03-06-at-11.48.06-2-300x287.jpg\",\"contentUrl\":\"https:\/\/www.thegardenofpeace.com\/wp-content\/uploads\/2018\/11\/Screen-Shot-2018-03-06-at-11.48.06-2-300x287.jpg\"},{\"@type\":\"BreadcrumbList\",\"@id\":\"https:\/\/www.thegardenofpeace.com\/shamanism-and-ayahuasca\/shamanism-in-peru\/#breadcrumb\",\"itemListElement\":[{\"@type\":\"ListItem\",\"position\":1,\"name\":\"Plant Medicine\",\"item\":\"https:\/\/www.thegardenofpeace.com\/shamanism-and-ayahuasca\/\"},{\"@type\":\"ListItem\",\"position\":2,\"name\":\"Shamanism in Peru\"}]},{\"@type\":\"WebSite\",\"@id\":\"https:\/\/www.thegardenofpeace.com\/#website\",\"url\":\"https:\/\/www.thegardenofpeace.com\/\",\"name\":\"The Garden of Peace\",\"description\":\"\",\"publisher\":{\"@id\":\"https:\/\/www.thegardenofpeace.com\/#organization\"},\"potentialAction\":[{\"@type\":\"SearchAction\",\"target\":{\"@type\":\"EntryPoint\",\"urlTemplate\":\"https:\/\/www.thegardenofpeace.com\/?s={search_term_string}\"},\"query-input\":{\"@type\":\"PropertyValueSpecification\",\"valueRequired\":true,\"valueName\":\"search_term_string\"}}],\"inLanguage\":\"es\"},{\"@type\":\"Organization\",\"@id\":\"https:\/\/www.thegardenofpeace.com\/#organization\",\"name\":\"the garden of peace\",\"url\":\"https:\/\/www.thegardenofpeace.com\/\",\"logo\":{\"@type\":\"ImageObject\",\"inLanguage\":\"es\",\"@id\":\"https:\/\/www.thegardenofpeace.com\/#\/schema\/logo\/image\/\",\"url\":\"https:\/\/www.thegardenofpeace.com\/wp-content\/uploads\/2018\/11\/header-three.png\",\"contentUrl\":\"https:\/\/www.thegardenofpeace.com\/wp-content\/uploads\/2018\/11\/header-three.png\",\"width\":558,\"height\":149,\"caption\":\"the garden of peace\"},\"image\":{\"@id\":\"https:\/\/www.thegardenofpeace.com\/#\/schema\/logo\/image\/\"},\"sameAs\":[\"https:\/\/www.facebook.com\/eljardindelapaz\/?tn-str=k*F\",\"https:\/\/www.instagram.com\/thegardenofpeace\/?hl=en\"]}]}<\/script>\n<!-- \/ Yoast SEO plugin. -->","yoast_head_json":{"title":"Shamanism in Peru | Ayahuasca Retreat Centre | The Garden of Peace","robots":{"index":"index","follow":"follow","max-snippet":"max-snippet:-1","max-image-preview":"max-image-preview:large","max-video-preview":"max-video-preview:-1"},"canonical":"https:\/\/www.thegardenofpeace.com\/es\/chamanismo-y-ayahuasca\/chamanismo-en-peru\/","og_locale":"es_ES","og_type":"article","og_title":"Shamanism in Peru | Ayahuasca Retreat Centre | The Garden of Peace","og_url":"https:\/\/www.thegardenofpeace.com\/es\/chamanismo-y-ayahuasca\/chamanismo-en-peru\/","og_site_name":"The Garden of Peace","article_publisher":"https:\/\/www.facebook.com\/eljardindelapaz\/?tn-str=k%2aF","article_modified_time":"2020-03-01T04:07:29+00:00","og_image":[{"url":"https:\/\/www.thegardenofpeace.com\/wp-content\/uploads\/2018\/11\/Screen-Shot-2018-03-06-at-11.48.06-2-300x287.jpg","type":"","width":"","height":""}],"twitter_card":"summary_large_image","twitter_misc":{"Tiempo de lectura":"6 minutos"},"schema":{"@context":"https:\/\/schema.org","@graph":[{"@type":"WebPage","@id":"https:\/\/www.thegardenofpeace.com\/shamanism-and-ayahuasca\/shamanism-in-peru\/","url":"https:\/\/www.thegardenofpeace.com\/shamanism-and-ayahuasca\/shamanism-in-peru\/","name":"Shamanism in Peru | Ayahuasca Retreat Centre | The Garden of Peace","isPartOf":{"@id":"https:\/\/www.thegardenofpeace.com\/#website"},"primaryImageOfPage":{"@id":"https:\/\/www.thegardenofpeace.com\/shamanism-and-ayahuasca\/shamanism-in-peru\/#primaryimage"},"image":{"@id":"https:\/\/www.thegardenofpeace.com\/shamanism-and-ayahuasca\/shamanism-in-peru\/#primaryimage"},"thumbnailUrl":"https:\/\/www.thegardenofpeace.com\/wp-content\/uploads\/2018\/11\/Screen-Shot-2018-03-06-at-11.48.06-2-300x287.jpg","datePublished":"2018-11-22T07:40:13+00:00","dateModified":"2020-03-01T04:07:29+00:00","breadcrumb":{"@id":"https:\/\/www.thegardenofpeace.com\/shamanism-and-ayahuasca\/shamanism-in-peru\/#breadcrumb"},"inLanguage":"es","potentialAction":[{"@type":"ReadAction","target":["https:\/\/www.thegardenofpeace.com\/shamanism-and-ayahuasca\/shamanism-in-peru\/"]}]},{"@type":"ImageObject","inLanguage":"es","@id":"https:\/\/www.thegardenofpeace.com\/shamanism-and-ayahuasca\/shamanism-in-peru\/#primaryimage","url":"https:\/\/www.thegardenofpeace.com\/wp-content\/uploads\/2018\/11\/Screen-Shot-2018-03-06-at-11.48.06-2-300x287.jpg","contentUrl":"https:\/\/www.thegardenofpeace.com\/wp-content\/uploads\/2018\/11\/Screen-Shot-2018-03-06-at-11.48.06-2-300x287.jpg"},{"@type":"BreadcrumbList","@id":"https:\/\/www.thegardenofpeace.com\/shamanism-and-ayahuasca\/shamanism-in-peru\/#breadcrumb","itemListElement":[{"@type":"ListItem","position":1,"name":"Plant Medicine","item":"https:\/\/www.thegardenofpeace.com\/shamanism-and-ayahuasca\/"},{"@type":"ListItem","position":2,"name":"Shamanism in Peru"}]},{"@type":"WebSite","@id":"https:\/\/www.thegardenofpeace.com\/#website","url":"https:\/\/www.thegardenofpeace.com\/","name":"The Garden of Peace","description":"","publisher":{"@id":"https:\/\/www.thegardenofpeace.com\/#organization"},"potentialAction":[{"@type":"SearchAction","target":{"@type":"EntryPoint","urlTemplate":"https:\/\/www.thegardenofpeace.com\/?s={search_term_string}"},"query-input":{"@type":"PropertyValueSpecification","valueRequired":true,"valueName":"search_term_string"}}],"inLanguage":"es"},{"@type":"Organization","@id":"https:\/\/www.thegardenofpeace.com\/#organization","name":"the garden of peace","url":"https:\/\/www.thegardenofpeace.com\/","logo":{"@type":"ImageObject","inLanguage":"es","@id":"https:\/\/www.thegardenofpeace.com\/#\/schema\/logo\/image\/","url":"https:\/\/www.thegardenofpeace.com\/wp-content\/uploads\/2018\/11\/header-three.png","contentUrl":"https:\/\/www.thegardenofpeace.com\/wp-content\/uploads\/2018\/11\/header-three.png","width":558,"height":149,"caption":"the garden of peace"},"image":{"@id":"https:\/\/www.thegardenofpeace.com\/#\/schema\/logo\/image\/"},"sameAs":["https:\/\/www.facebook.com\/eljardindelapaz\/?tn-str=k*F","https:\/\/www.instagram.com\/thegardenofpeace\/?hl=en"]}]}},"_links":{"self":[{"href":"https:\/\/www.thegardenofpeace.com\/es\/wp-json\/wp\/v2\/pages\/1213","targetHints":{"allow":["GET"]}}],"collection":[{"href":"https:\/\/www.thegardenofpeace.com\/es\/wp-json\/wp\/v2\/pages"}],"about":[{"href":"https:\/\/www.thegardenofpeace.com\/es\/wp-json\/wp\/v2\/types\/page"}],"author":[{"embeddable":true,"href":"https:\/\/www.thegardenofpeace.com\/es\/wp-json\/wp\/v2\/users\/2"}],"replies":[{"embeddable":true,"href":"https:\/\/www.thegardenofpeace.com\/es\/wp-json\/wp\/v2\/comments?post=1213"}],"version-history":[{"count":41,"href":"https:\/\/www.thegardenofpeace.com\/es\/wp-json\/wp\/v2\/pages\/1213\/revisions"}],"predecessor-version":[{"id":3228,"href":"https:\/\/www.thegardenofpeace.com\/es\/wp-json\/wp\/v2\/pages\/1213\/revisions\/3228"}],"up":[{"embeddable":true,"href":"https:\/\/www.thegardenofpeace.com\/es\/wp-json\/wp\/v2\/pages\/1204"}],"wp:attachment":[{"href":"https:\/\/www.thegardenofpeace.com\/es\/wp-json\/wp\/v2\/media?parent=1213"}],"curies":[{"name":"wp","href":"https:\/\/api.w.org\/{rel}","templated":true}]}}