{"id":1059,"date":"2016-11-08T20:34:07","date_gmt":"2016-11-08T20:34:07","guid":{"rendered":"http:\/\/69.89.31.166\/~plantsp2\/?page_id=177"},"modified":"2019-03-17T18:19:49","modified_gmt":"2019-03-17T18:19:49","slug":"retreat-application","status":"publish","type":"page","link":"https:\/\/www.thegardenofpeace.com\/es\/todo-retiros\/retiro-solicitud\/","title":{"rendered":"Solicitud de retiro"},"content":{"rendered":"<div class=\"wpb-content-wrapper\"><div class=\"vc_row wpb_row vc_row-fluid\"><div class=\"wpb_column vc_column_container vc_col-sm-12\"><div class=\"vc_column-inner\"><div class=\"wpb_wrapper\"><div class=\"vc_empty_space\"   style=\"height: 20px\"><span class=\"vc_empty_space_inner\"><\/span><\/div><\/div><\/div><\/div><\/div><div class=\"vc_row wpb_row vc_row-fluid\"><div class=\"wpb_column vc_column_container vc_col-sm-12\"><div class=\"vc_column-inner\"><div class=\"wpb_wrapper\"><h1 style=\"text-align: left\" class=\"vc_custom_heading vc_do_custom_heading\" >Formulario de solicitud de retiro<\/h1><\/div><\/div><\/div><\/div><div class=\"vc_row wpb_row vc_row-fluid\"><div class=\"wpb_column vc_column_container vc_col-sm-12\"><div class=\"vc_column-inner\"><div class=\"wpb_wrapper\"><div class=\"vc_empty_space\"   style=\"height: 20px\"><span class=\"vc_empty_space_inner\"><\/span><\/div><\/div><\/div><\/div><\/div><div class=\"vc_row wpb_row vc_row-fluid\"><div class=\"wpb_column vc_column_container vc_col-sm-12\"><div class=\"vc_column-inner\"><div class=\"wpb_wrapper\">\n\t<div class=\"wpb_text_column wpb_content_element\" >\n\t\t<div class=\"wpb_wrapper\">\n\t\t\t<p class=\"font_8\">El trabajo que hacemos en El Jard\u00edn de la Paz es profundo, poderoso y requiere altos niveles de madurez, compromiso y disciplina. Queremos asegurarnos de que nuestro centro es el lugar adecuado para cada persona que entra por nuestra gran puerta verde. La Dieta y la Ayahuasca no son compatibles con todas las condiciones de salud. Como la seguridad es de suma importancia para nosotros, todos los hu\u00e9spedes deben pasar por un proceso de solicitud. Tenemos espacios limitados y no aceptamos m\u00e1s de 8 personas a la vez, as\u00ed que por favor ten en cuenta que normalmente reservamos con 3-6 meses de antelaci\u00f3n.<\/p>\n<p class=\"font_8\">Estaremos encantados de hablar con usted sobre cualquier duda y ayudarle con el proceso de solicitud si es necesario.<\/p>\n<p class=\"font_8\">Muchas bendiciones.<\/p>\n<p class=\"font_8\">El equipo del Jard\u00edn de la Paz.<\/p>\n<link property=\"stylesheet\" rel='stylesheet' id='formidable-css' href='https:\/\/www.thegardenofpeace.com\/wp-content\/plugins\/formidable\/css\/formidableforms.css?ver=1123907' type='text\/css' media='all' \/>\n<div class=\"frm_forms  with_frm_style frm_inline_form frm_inline_top frm_style_formidable-style\" id=\"frm_form_1_container\" >\n<form enctype=\"multipart\/form-data\" method=\"post\" class=\"frm-show-form  frm_ajax_submit  frm_pro_form\" id=\"form_contact-form\" action=\"\" >\n<div class=\"frm_form_fields\">\n<fieldset>\n<legend class=\"frm_screen_reader\">Solicitud de retiro en el Jard\u00edn de la Paz<\/legend>\r\n\r\n<div class=\"frm_fields_container\">\n<input type=\"hidden\" name=\"frm_action\" value=\"create\" \/>\n<input type=\"hidden\" name=\"form_id\" value=\"1\" \/>\n<input type=\"hidden\" name=\"frm_hide_fields_1\" id=\"frm_hide_fields_1\" value=\"\" \/>\n<input type=\"hidden\" name=\"form_key\" value=\"contact-form\" \/>\n<input type=\"hidden\" name=\"item_meta[0]\" value=\"\" \/>\n<input type=\"hidden\" id=\"frm_submit_entry_1\" name=\"frm_submit_entry_1\" value=\"9428671802\" \/><input type=\"hidden\" name=\"_wp_http_referer\" value=\"\/es\/wp-json\/wp\/v2\/pages\/1059\" \/><div id=\"frm_field_1_container\" class=\"frm_form_field form-field  frm_required_field frm_left_container frm_full\">\r\n    <label for=\"field_qh4icy\" id=\"field_qh4icy_label\" class=\"frm_primary_label\">Nombre\r\n        <span class=\"frm_required\">*<\/span>\r\n    <\/label>\r\n    <input type=\"text\" id=\"field_qh4icy\" name=\"item_meta[1]\" value=\"\"  data-reqmsg=\"Name cannot be blank.\" aria-required=\"true\" data-invmsg=\"Name is invalid\" aria-invalid=\"false\"  \/>\r\n    \r\n    \r\n<\/div>\n<div id=\"frm_field_22_container\" class=\"frm_form_field form-field  frm_required_field frm_left_container frm_full\">\r\n    <label for=\"field_wa1fa\" id=\"field_wa1fa_label\" class=\"frm_primary_label\">Email\r\n        <span class=\"frm_required\">*<\/span>\r\n    <\/label>\r\n    <input type=\"email\" id=\"field_wa1fa\" name=\"item_meta[22]\" value=\"\"  data-reqmsg=\"Email cannot be blank.\" aria-required=\"true\" data-invmsg=\"Email is invalid\" aria-invalid=\"false\"  \/>\r\n    \r\n    \r\n<\/div>\n<div id=\"frm_field_34_container\" class=\"frm_form_field form-field  frm_required_field frm_top_container frm_alignleft fr m_first frm12\">\r\n    <label for=\"field_9brb0\" id=\"field_9brb0_label\" class=\"frm_primary_label\">\u00bfQu\u00e9 fecha solicita?\r\n        <span class=\"frm_required\">*<\/span>\r\n    <\/label>\r\n    <input type=\"text\" id=\"field_9brb0\" name=\"item_meta[34]\" value=\"\"  style=\"width:100%\" maxlength=\"10\" data-reqmsg=\"Which date are you applying for? cannot be blank.\" aria-required=\"true\" data-invmsg=\"Date is invalid\" class=\"frm_date auto_width\" aria-invalid=\"false\"  \/>\r\n    \r\n    \r\n<\/div>\n<div id=\"frm_field_47_container\" class=\"frm_form_field form-field  frm_top_container frm_full\">\r\n    <label for=\"field_2dfmw\" id=\"field_2dfmw_label\" class=\"frm_primary_label\">\u00bfPor qu\u00e9 le interesa un retiro con nosotros?\r\n        <span class=\"frm_required\"><\/span>\r\n    <\/label>\r\n    <textarea name=\"item_meta[47]\" id=\"field_2dfmw\" rows=\"5\"  data-invmsg=\"Text is invalid\" aria-invalid=\"false\"  ><\/textarea>\r\n    \r\n    \r\n<\/div>\n<div id=\"frm_field_51_container\" class=\"frm_form_field form-field  frm_top_container\">\r\n    <label for=\"field_oqjab\" id=\"field_oqjab_label\" class=\"frm_primary_label\">\u00bfHa sufrido alguna vez una psicosis o ha pensado o intentado suicidarse? En caso afirmativo, \u00bfcu\u00e1ndo?\r\n        <span class=\"frm_required\"><\/span>\r\n    <\/label>\r\n    <input type=\"text\" id=\"field_oqjab\" name=\"item_meta[51]\" value=\"\"  data-invmsg=\"Text is invalid\" aria-invalid=\"false\"  \/>\r\n    \r\n    \r\n<\/div>\n<div id=\"frm_field_50_container\" class=\"frm_form_field form-field  frm_top_container frm12\">\r\n    <label for=\"field_63hxz\" id=\"field_63hxz_label\" class=\"frm_primary_label\">\u00bfTiene experiencia con plantas psicod\u00e9licas o viajes cham\u00e1nicos?\r\n        <span class=\"frm_required\"><\/span>\r\n    <\/label>\r\n    <input type=\"text\" id=\"field_63hxz\" name=\"item_meta[50]\" value=\"\"  data-invmsg=\"Text is invalid\" aria-invalid=\"false\"  \/>\r\n    \r\n    \r\n<\/div>\n<div id=\"frm_field_53_container\" class=\"frm_form_field form-field  frm_required_field frm_top_container frm6 frm_first vertical_radio\">\r\n    <div  id=\"field_xz79w_label\" class=\"frm_primary_label\">\u00bfC\u00f3mo nos conoci\u00f3?\r\n        <span class=\"frm_required\" aria-hidden=\"true\">*<\/span>\r\n    <\/div>\r\n    <div class=\"frm_opt_container\" aria-labelledby=\"field_xz79w_label\" role=\"radiogroup\" aria-required=\"true\">\t\t<div class=\"frm_radio\" id=\"frm_radio_53-0\">\t\t\t<label  for=\"field_xz79w-0\">\n\t\t\t\t\t<input type=\"radio\" name=\"item_meta[53]\" id=\"field_xz79w-0\" value=\"Facebook\/Instagram Advert\"\n\t\t   data-reqmsg=\"How did you hear about us? cannot be blank.\" data-invmsg=\"How did you hear about us? no es v\u00e1lido\" aria-invalid=\"false\"  \/> Anuncio en Facebook\/Instagram<\/label><\/div>\n\t\t<div class=\"frm_radio\" id=\"frm_radio_53-1\">\t\t\t<label  for=\"field_xz79w-1\">\n\t\t\t\t\t<input type=\"radio\" name=\"item_meta[53]\" id=\"field_xz79w-1\" value=\"Word of mouth\"\n\t\t   data-reqmsg=\"How did you hear about us? cannot be blank.\" data-invmsg=\"How did you hear about us? no es v\u00e1lido\" aria-invalid=\"false\"  \/> De boca en boca<\/label><\/div>\n\t\t<div class=\"frm_radio\" id=\"frm_radio_53-2\">\t\t\t<label  for=\"field_xz79w-2\">\n\t\t\t\t\t<input type=\"radio\" name=\"item_meta[53]\" id=\"field_xz79w-2\" value=\"Retreat.guru\"\n\t\t   data-reqmsg=\"How did you hear about us? cannot be blank.\" data-invmsg=\"How did you hear about us? no es v\u00e1lido\" aria-invalid=\"false\"  \/> Retreat.guru<\/label><\/div>\n\t\t<div class=\"frm_radio\" id=\"frm_radio_53-3\">\t\t\t<label  for=\"field_xz79w-3\">\n\t\t\t\t\t<input type=\"radio\" name=\"item_meta[53]\" id=\"field_xz79w-3\" value=\"Google search\"\n\t\t   data-reqmsg=\"How did you hear about us? cannot be blank.\" data-invmsg=\"How did you hear about us? no es v\u00e1lido\" aria-invalid=\"false\"  \/> B\u00fasqueda en Google<\/label><\/div>\n\t\t<div class=\"frm_radio\" id=\"frm_radio_53-4\">\t\t\t<label  for=\"field_xz79w-4\">\n\t\t\t\t\t<input type=\"radio\" name=\"item_meta[53]\" id=\"field_xz79w-4\" value=\"Facebook\/Instagram Page\"\n\t\t   data-reqmsg=\"How did you hear about us? cannot be blank.\" data-invmsg=\"How did you hear about us? no es v\u00e1lido\" aria-invalid=\"false\"  \/> P\u00e1gina Facebook\/Instagram<\/label><\/div>\n<\/div>\r\n    \r\n    \r\n<\/div>\n<div id=\"frm_field_36_container\" class=\"frm_form_field form-field  frm_top_container frm_alignleft frm_first frm12\">\r\n    <label for=\"field_8odjp\" id=\"field_8odjp_label\" class=\"frm_primary_label\">Si ha sido remitido por alguien, h\u00e1ganoslo saber.\r\n        <span class=\"frm_required\"><\/span>\r\n    <\/label>\r\n    <input type=\"text\" id=\"field_8odjp\" name=\"item_meta[36]\" value=\"\"  style=\"width:100%\" data-invmsg=\"Text is invalid\" class=\"auto_width\" aria-invalid=\"false\"  \/>\r\n    \r\n    \r\n<\/div>\n<div id=\"frm_field_48_container\" class=\"frm_form_field form-field  frm_top_container\">\r\n    <label for=\"field_9dz68\" id=\"field_9dz68_label\" class=\"frm_primary_label\">Indique los medicamentos o suplementos que est\u00e1 tomando activamente\r\n        <span class=\"frm_required\"><\/span>\r\n    <\/label>\r\n    <input type=\"text\" id=\"field_9dz68\" name=\"item_meta[48]\" value=\"\"  data-invmsg=\"Text is invalid\" aria-invalid=\"false\"  \/>\r\n    \r\n    \r\n<\/div>\n<div id=\"frm_field_46_container\" class=\"frm_form_field form-field  frm_top_container\">\r\n    <label for=\"field_ketf4\" id=\"field_ketf4_label\" class=\"frm_primary_label\">Por favor, describa su historial m\u00e9dico, condiciones pasadas y presentes\r\n        <span class=\"frm_required\"><\/span>\r\n    <\/label>\r\n    <input type=\"text\" id=\"field_ketf4\" name=\"item_meta[46]\" value=\"\"  data-invmsg=\"Text is invalid\" aria-invalid=\"false\"  \/>\r\n    \r\n    \r\n<\/div>\n<div id=\"frm_field_49_container\" class=\"frm_form_field form-field  frm_top_container\">\r\n    <label for=\"field_13mql\" id=\"field_13mql_label\" class=\"frm_primary_label\">\u00bfPadece alguna enfermedad cardiaca o se ha sometido alguna vez a una prueba de ECG para detectarla?\r\n        <span class=\"frm_required\"><\/span>\r\n    <\/label>\r\n    <input type=\"text\" id=\"field_13mql\" name=\"item_meta[49]\" value=\"\"  data-invmsg=\"Text is invalid\" aria-invalid=\"false\"  \/>\r\n    \r\n    \r\n<\/div>\n<div id=\"frm_field_55_container\" class=\"frm_form_field form-field  frm_required_field frm_top_container frm6 frm_first vertical_radio\">\r\n    <div  id=\"field_pdb63_label\" class=\"frm_primary_label\">How long do you wish to stay with us?\r\n        <span class=\"frm_required\" aria-hidden=\"true\">*<\/span>\r\n    <\/div>\r\n    <div class=\"frm_opt_container\" aria-labelledby=\"field_pdb63_label\" role=\"radiogroup\" aria-required=\"true\">\t\t<div class=\"frm_radio\" id=\"frm_radio_55-0\">\t\t\t<label  for=\"field_pdb63-0\">\n\t\t\t\t\t<input type=\"radio\" name=\"item_meta[55]\" id=\"field_pdb63-0\" value=\"10 days\"\n\t\t   data-reqmsg=\"How long do you wish to stay with us? cannot be blank.\" data-invmsg=\"How long do you wish to stay with us? no es v\u00e1lido\" aria-invalid=\"false\"  \/> 10 days<\/label><\/div>\n\t\t<div class=\"frm_radio\" id=\"frm_radio_55-1\">\t\t\t<label  for=\"field_pdb63-1\">\n\t\t\t\t\t<input type=\"radio\" name=\"item_meta[55]\" id=\"field_pdb63-1\" value=\"14 days\"\n\t\t   data-reqmsg=\"How long do you wish to stay with us? cannot be blank.\" data-invmsg=\"How long do you wish to stay with us? no es v\u00e1lido\" aria-invalid=\"false\"  \/> 14 days<\/label><\/div>\n\t\t<div class=\"frm_radio\" id=\"frm_radio_55-2\">\t\t\t<label  for=\"field_pdb63-2\">\n\t\t\t\t\t<input type=\"radio\" name=\"item_meta[55]\" id=\"field_pdb63-2\" value=\"21 days\"\n\t\t   data-reqmsg=\"How long do you wish to stay with us? cannot be blank.\" data-invmsg=\"How long do you wish to stay with us? no es v\u00e1lido\" aria-invalid=\"false\"  \/> 21 days<\/label><\/div>\n\t\t<div class=\"frm_radio\" id=\"frm_radio_55-3\">\t\t\t<label  for=\"field_pdb63-3\">\n\t\t\t\t\t<input type=\"radio\" name=\"item_meta[55]\" id=\"field_pdb63-3\" value=\"30 days\"\n\t\t   data-reqmsg=\"How long do you wish to stay with us? cannot be blank.\" data-invmsg=\"How long do you wish to stay with us? no es v\u00e1lido\" aria-invalid=\"false\"  \/> 30 days<\/label><\/div>\n<\/div>\r\n    \r\n    \r\n<\/div>\n<div id=\"frm_field_37_container\" class=\"frm_form_field form-field  frm_top_container frm_full\">\r\n    <label for=\"field_6xz97\" id=\"field_6xz97_label\" class=\"frm_primary_label\">\u00bfDesea transmitirnos alguna otra informaci\u00f3n que quiz\u00e1 no le hayamos preguntado?\r\n        <span class=\"frm_required\"><\/span>\r\n    <\/label>\r\n    <textarea name=\"item_meta[37]\" id=\"field_6xz97\" rows=\"5\"  data-invmsg=\"Any other information you would like to convey that we may not have asked? is invalid\" aria-invalid=\"false\"  ><\/textarea>\r\n    \r\n    \r\n<\/div>\n<div id=\"frm_field_43_container\" class=\"frm_form_field form-field  frm_required_field frm_top_container vertical_radio\">\r\n    <div  id=\"field_8agpg_label\" class=\"frm_primary_label\">Una vez aprobada su solicitud, recibir\u00e1 un enlace a nuestra p\u00e1gina de pago a trav\u00e9s del correo electr\u00f3nico que ha indicado anteriormente. Por favor, comprueba tu carpeta de correo no deseado si no ves que el correo electr\u00f3nico ha llegado. Este proceso no es inmediato y puede tardar hasta una semana si usted ha transmitido algo que necesita ser discutido con el cham\u00e1n antes de la aprobaci\u00f3n. Por favor, no haga arreglos de viaje hasta que haya sido aprobado. Tenga en cuenta que su espacio de retiro no est\u00e1 confirmado hasta que haya hecho su dep\u00f3sito.\r\n        <span class=\"frm_required\">*<\/span>\r\n    <\/div>\r\n    <div class=\"frm_opt_container\" aria-labelledby=\"field_8agpg_label\" role=\"group\">\t\t<div class=\"frm_checkbox\" id=\"frm_checkbox_43-0\">\t\t\t<label  for=\"field_8agpg-0\">\n\t\t\t<input type=\"checkbox\" name=\"item_meta[43][]\" id=\"field_8agpg-0\" value=\"I understand that until my deposit is made my reservation is not confirmed.\t*\"  data-reqmsg=\"Once your application has been approved you will receive a link to our payment page via the email you have listed above. Please check your junk folder if you do not see the email come in. This process is not immediate and can take up to a week if you have conveyed something that needs to be discussed with the shaman prior to approval. Please do not make travel arrangements until you have been approved. Please note, your retreat space is not confirmed until you have made your deposit. cannot be blank.\" data-invmsg=\"Once your application has been approved you will receive a link to our payment page via the email you have listed above. Please check your junk folder if you do not see the email come in. This process is not immediate and can take up to a week if you have conveyed something that needs to be discussed with the shaman prior to approval. Please do not make travel arrangements until you have been approved. Please note, your retreat space is not confirmed until you have made your deposit. no es v\u00e1lido\" aria-invalid=\"false\"   aria-required=\"true\"  \/> Entiendo que hasta que no se haga el dep\u00f3sito mi reserva no est\u00e1 confirmada.\t*<\/label><\/div>\n<\/div>\r\n    \r\n    \r\n<\/div>\n<div id=\"frm_field_54_container\" class=\"frm_form_field form-field\">\n\t<div class=\"frm_submit\">\r\n\r\n<button class=\"frm_button_submit frm_final_submit\" type=\"submit\"   formnovalidate=\"formnovalidate\">Enviar<\/button>\r\n\r\n<\/div>\n<\/div>\n\t<input type=\"hidden\" name=\"item_key\" value=\"\" \/>\n\t\t\t\t<div class=\"frm__668f77afe6b47\">\n\t\t\t\t<label for=\"frm_email_1\" >\n\t\t\t\t\tSi eres humano, deja este campo en blanco.\t\t\t\t<\/label>\n\t\t\t\t<input  id=\"frm_email_1\" type=\"text\" class=\"frm_verify\" name=\"frm__668f77afe6b47\" value=\"\" autocomplete=\"off\"  \/>\n\t\t\t<\/div>\n\t\t<input name=\"frm_state\" type=\"hidden\" value=\"YTey3gmmYKLxIBlv+DG+aY1p9kJE6S04wUPW8pmBWA0=\" \/><\/div>\n<\/fieldset>\n<\/div>\n\n<input type=\"hidden\" name=\"trp-form-language\" value=\"es\"\/><\/form>\n<\/div>\n\n\n\t\t<\/div>\n\t<\/div>\n<\/div><\/div><\/div><\/div><div class=\"vc_row wpb_row vc_row-fluid\"><div class=\"wpb_column vc_column_container vc_col-sm-12\"><div class=\"vc_column-inner\"><div class=\"wpb_wrapper\"><div class=\"vc_empty_space\"   style=\"height: 32px\"><span class=\"vc_empty_space_inner\"><\/span><\/div><\/div><\/div><\/div><\/div><div class=\"vc_row wpb_row vc_row-fluid\"><div class=\"wpb_column vc_column_container vc_col-sm-12\"><div class=\"vc_column-inner\"><div class=\"wpb_wrapper\">\n\t<div class=\"wpb_text_column wpb_content_element\" >\n\t\t<div class=\"wpb_wrapper\">\n\t\t\t<p>NOTA: Al hacer clic en \"Enviar\", despl\u00e1cese hasta la parte superior de la p\u00e1gina para confirmar que el formulario se ha enviado correctamente.<\/p>\n\n\t\t<\/div>\n\t<\/div>\n<div class=\"vc_empty_space\"   style=\"height: 40px\"><span class=\"vc_empty_space_inner\"><\/span><\/div><\/div><\/div><\/div><\/div>\n<\/div>","protected":false},"excerpt":{"rendered":"Retreat Application Form The work we do at The Garden of Peace is deep, powerful and requires high levels of maturity, commitment and discipline. We want to make sure our [...]","protected":false},"author":1,"featured_media":0,"parent":28,"menu_order":0,"comment_status":"closed","ping_status":"closed","template":"","meta":{"pgc_meta":"","footnotes":""},"class_list":["post-1059","page","type-page","status-publish","hentry"],"pgc_meta":"","yoast_head":"<!-- This site is optimized with the Yoast SEO plugin v27.2 - https:\/\/yoast.com\/product\/yoast-seo-wordpress\/ -->\n<title>Application Form | Ayahuasca Healing Retreat Peru | The Garden of Peace<\/title>\n<meta name=\"description\" content=\"For safety, all guests must go through an application process. Please take the time to fill out our retreat application form.\" \/>\n<meta name=\"robots\" content=\"index, follow, max-snippet:-1, max-image-preview:large, max-video-preview:-1\" \/>\n<link rel=\"canonical\" href=\"https:\/\/www.thegardenofpeace.com\/es\/todo-retiros\/retiro-solicitud\/\" \/>\n<meta property=\"og:locale\" content=\"es_ES\" \/>\n<meta property=\"og:type\" content=\"article\" \/>\n<meta property=\"og:title\" content=\"Application Form | Ayahuasca Healing Retreat Peru | The Garden of Peace\" \/>\n<meta property=\"og:description\" content=\"For safety, all guests must go through an application process. Please take the time to fill out our retreat application form.\" \/>\n<meta property=\"og:url\" content=\"https:\/\/www.thegardenofpeace.com\/es\/todo-retiros\/retiro-solicitud\/\" \/>\n<meta property=\"og:site_name\" content=\"The Garden of Peace\" \/>\n<meta property=\"article:publisher\" content=\"https:\/\/www.facebook.com\/eljardindelapaz\/?tn-str=k%2aF\" \/>\n<meta property=\"article:modified_time\" content=\"2019-03-17T18:19:49+00:00\" \/>\n<meta name=\"twitter:card\" content=\"summary_large_image\" \/>\n<meta name=\"twitter:label1\" content=\"Tiempo de lectura\" \/>\n\t<meta name=\"twitter:data1\" content=\"1 minuto\" \/>\n<script type=\"application\/ld+json\" class=\"yoast-schema-graph\">{\"@context\":\"https:\/\/schema.org\",\"@graph\":[{\"@type\":\"WebPage\",\"@id\":\"https:\/\/www.thegardenofpeace.com\/all-retreats\/retreat-application\/\",\"url\":\"https:\/\/www.thegardenofpeace.com\/all-retreats\/retreat-application\/\",\"name\":\"Application Form | Ayahuasca Healing Retreat Peru | The Garden of Peace\",\"isPartOf\":{\"@id\":\"https:\/\/www.thegardenofpeace.com\/#website\"},\"datePublished\":\"2016-11-08T20:34:07+00:00\",\"dateModified\":\"2019-03-17T18:19:49+00:00\",\"description\":\"For safety, all guests must go through an application process. Please take the time to fill out our retreat application form.\",\"breadcrumb\":{\"@id\":\"https:\/\/www.thegardenofpeace.com\/all-retreats\/retreat-application\/#breadcrumb\"},\"inLanguage\":\"es\",\"potentialAction\":[{\"@type\":\"ReadAction\",\"target\":[\"https:\/\/www.thegardenofpeace.com\/all-retreats\/retreat-application\/\"]}]},{\"@type\":\"BreadcrumbList\",\"@id\":\"https:\/\/www.thegardenofpeace.com\/all-retreats\/retreat-application\/#breadcrumb\",\"itemListElement\":[{\"@type\":\"ListItem\",\"position\":1,\"name\":\"All Retreats\",\"item\":\"https:\/\/www.thegardenofpeace.com\/all-retreats\/\"},{\"@type\":\"ListItem\",\"position\":2,\"name\":\"Retreat Application\"}]},{\"@type\":\"WebSite\",\"@id\":\"https:\/\/www.thegardenofpeace.com\/#website\",\"url\":\"https:\/\/www.thegardenofpeace.com\/\",\"name\":\"The Garden of Peace\",\"description\":\"\",\"publisher\":{\"@id\":\"https:\/\/www.thegardenofpeace.com\/#organization\"},\"potentialAction\":[{\"@type\":\"SearchAction\",\"target\":{\"@type\":\"EntryPoint\",\"urlTemplate\":\"https:\/\/www.thegardenofpeace.com\/?s={search_term_string}\"},\"query-input\":{\"@type\":\"PropertyValueSpecification\",\"valueRequired\":true,\"valueName\":\"search_term_string\"}}],\"inLanguage\":\"es\"},{\"@type\":\"Organization\",\"@id\":\"https:\/\/www.thegardenofpeace.com\/#organization\",\"name\":\"the garden of peace\",\"url\":\"https:\/\/www.thegardenofpeace.com\/\",\"logo\":{\"@type\":\"ImageObject\",\"inLanguage\":\"es\",\"@id\":\"https:\/\/www.thegardenofpeace.com\/#\/schema\/logo\/image\/\",\"url\":\"https:\/\/www.thegardenofpeace.com\/wp-content\/uploads\/2018\/11\/header-three.png\",\"contentUrl\":\"https:\/\/www.thegardenofpeace.com\/wp-content\/uploads\/2018\/11\/header-three.png\",\"width\":558,\"height\":149,\"caption\":\"the garden of peace\"},\"image\":{\"@id\":\"https:\/\/www.thegardenofpeace.com\/#\/schema\/logo\/image\/\"},\"sameAs\":[\"https:\/\/www.facebook.com\/eljardindelapaz\/?tn-str=k*F\",\"https:\/\/www.instagram.com\/thegardenofpeace\/?hl=en\"]}]}<\/script>\n<!-- \/ Yoast SEO plugin. -->","yoast_head_json":{"title":"Application Form | Ayahuasca Healing Retreat Peru | The Garden of Peace","description":"For safety, all guests must go through an application process. Please take the time to fill out our retreat application form.","robots":{"index":"index","follow":"follow","max-snippet":"max-snippet:-1","max-image-preview":"max-image-preview:large","max-video-preview":"max-video-preview:-1"},"canonical":"https:\/\/www.thegardenofpeace.com\/es\/todo-retiros\/retiro-solicitud\/","og_locale":"es_ES","og_type":"article","og_title":"Application Form | Ayahuasca Healing Retreat Peru | The Garden of Peace","og_description":"For safety, all guests must go through an application process. Please take the time to fill out our retreat application form.","og_url":"https:\/\/www.thegardenofpeace.com\/es\/todo-retiros\/retiro-solicitud\/","og_site_name":"The Garden of Peace","article_publisher":"https:\/\/www.facebook.com\/eljardindelapaz\/?tn-str=k%2aF","article_modified_time":"2019-03-17T18:19:49+00:00","twitter_card":"summary_large_image","twitter_misc":{"Tiempo de lectura":"1 minuto"},"schema":{"@context":"https:\/\/schema.org","@graph":[{"@type":"WebPage","@id":"https:\/\/www.thegardenofpeace.com\/all-retreats\/retreat-application\/","url":"https:\/\/www.thegardenofpeace.com\/all-retreats\/retreat-application\/","name":"Application Form | Ayahuasca Healing Retreat Peru | The Garden of Peace","isPartOf":{"@id":"https:\/\/www.thegardenofpeace.com\/#website"},"datePublished":"2016-11-08T20:34:07+00:00","dateModified":"2019-03-17T18:19:49+00:00","description":"For safety, all guests must go through an application process. Please take the time to fill out our retreat application form.","breadcrumb":{"@id":"https:\/\/www.thegardenofpeace.com\/all-retreats\/retreat-application\/#breadcrumb"},"inLanguage":"es","potentialAction":[{"@type":"ReadAction","target":["https:\/\/www.thegardenofpeace.com\/all-retreats\/retreat-application\/"]}]},{"@type":"BreadcrumbList","@id":"https:\/\/www.thegardenofpeace.com\/all-retreats\/retreat-application\/#breadcrumb","itemListElement":[{"@type":"ListItem","position":1,"name":"All Retreats","item":"https:\/\/www.thegardenofpeace.com\/all-retreats\/"},{"@type":"ListItem","position":2,"name":"Retreat Application"}]},{"@type":"WebSite","@id":"https:\/\/www.thegardenofpeace.com\/#website","url":"https:\/\/www.thegardenofpeace.com\/","name":"The Garden of Peace","description":"","publisher":{"@id":"https:\/\/www.thegardenofpeace.com\/#organization"},"potentialAction":[{"@type":"SearchAction","target":{"@type":"EntryPoint","urlTemplate":"https:\/\/www.thegardenofpeace.com\/?s={search_term_string}"},"query-input":{"@type":"PropertyValueSpecification","valueRequired":true,"valueName":"search_term_string"}}],"inLanguage":"es"},{"@type":"Organization","@id":"https:\/\/www.thegardenofpeace.com\/#organization","name":"the garden of peace","url":"https:\/\/www.thegardenofpeace.com\/","logo":{"@type":"ImageObject","inLanguage":"es","@id":"https:\/\/www.thegardenofpeace.com\/#\/schema\/logo\/image\/","url":"https:\/\/www.thegardenofpeace.com\/wp-content\/uploads\/2018\/11\/header-three.png","contentUrl":"https:\/\/www.thegardenofpeace.com\/wp-content\/uploads\/2018\/11\/header-three.png","width":558,"height":149,"caption":"the garden of peace"},"image":{"@id":"https:\/\/www.thegardenofpeace.com\/#\/schema\/logo\/image\/"},"sameAs":["https:\/\/www.facebook.com\/eljardindelapaz\/?tn-str=k*F","https:\/\/www.instagram.com\/thegardenofpeace\/?hl=en"]}]}},"_links":{"self":[{"href":"https:\/\/www.thegardenofpeace.com\/es\/wp-json\/wp\/v2\/pages\/1059","targetHints":{"allow":["GET"]}}],"collection":[{"href":"https:\/\/www.thegardenofpeace.com\/es\/wp-json\/wp\/v2\/pages"}],"about":[{"href":"https:\/\/www.thegardenofpeace.com\/es\/wp-json\/wp\/v2\/types\/page"}],"author":[{"embeddable":true,"href":"https:\/\/www.thegardenofpeace.com\/es\/wp-json\/wp\/v2\/users\/1"}],"replies":[{"embeddable":true,"href":"https:\/\/www.thegardenofpeace.com\/es\/wp-json\/wp\/v2\/comments?post=1059"}],"version-history":[{"count":10,"href":"https:\/\/www.thegardenofpeace.com\/es\/wp-json\/wp\/v2\/pages\/1059\/revisions"}],"predecessor-version":[{"id":2927,"href":"https:\/\/www.thegardenofpeace.com\/es\/wp-json\/wp\/v2\/pages\/1059\/revisions\/2927"}],"up":[{"embeddable":true,"href":"https:\/\/www.thegardenofpeace.com\/es\/wp-json\/wp\/v2\/pages\/28"}],"wp:attachment":[{"href":"https:\/\/www.thegardenofpeace.com\/es\/wp-json\/wp\/v2\/media?parent=1059"}],"curies":[{"name":"wp","href":"https:\/\/api.w.org\/{rel}","templated":true}]}}