{"id":1058,"date":"2016-11-08T20:33:13","date_gmt":"2016-11-08T20:33:13","guid":{"rendered":"http:\/\/69.89.31.166\/~plantsp2\/?page_id=174"},"modified":"2019-03-02T04:41:04","modified_gmt":"2019-03-02T04:41:04","slug":"explore-our-garden","status":"publish","type":"page","link":"https:\/\/www.thegardenofpeace.com\/es\/quienes-somos\/explore-nuestro-jardin\/","title":{"rendered":"Galer\u00eda"},"content":{"rendered":"<div class=\"wpb-content-wrapper\"><div class=\"vc_row wpb_row vc_row-fluid\"><div class=\"wpb_column vc_column_container vc_col-sm-12\"><div class=\"vc_column-inner\"><div class=\"wpb_wrapper\"><\/div><\/div><\/div><\/div><div class=\"vc_row wpb_row vc_row-fluid\"><div class=\"wpb_column vc_column_container vc_col-sm-12\"><div class=\"vc_column-inner\"><div class=\"wpb_wrapper\"><h1 style=\"text-align: left\" class=\"vc_custom_heading vc_do_custom_heading\" >Bienvenido al Jard\u00edn de la Paz<\/h1><\/div><\/div><\/div><\/div><div class=\"vc_row wpb_row vc_row-fluid\"><div class=\"wpb_column vc_column_container vc_col-sm-12\"><div class=\"vc_column-inner\"><div class=\"wpb_wrapper\">\n\t<div class=\"wpb_text_column wpb_content_element\" >\n\t\t<div class=\"wpb_wrapper\">\n\t\t\t<p class=\"font_8\" style=\"text-align: left;\">El Jard\u00edn de la Paz est\u00e1 situado en un exuberante valle verde donde los Andes se encuentran con el Amazonas en el noroeste de Per\u00fa, aproximadamente a 2 horas de la ciudad de Tarapoto. Esta \"selva alta\" tiene un clima bastante moderado que oscila entre 15 y 35 grados y el aire realmente late con la energ\u00eda bruta de este antiguo paisaje. Esta casa y centro de curaci\u00f3n es un santuario para el trabajo profundo de la medicina vegetal.<\/p>\n<p class=\"font_8\" style=\"text-align: left;\">Nuestro santuario ajardinado linda con vastas zonas de selva virgen y est\u00e1 bendecido con abundantes frutas tropicales, plantas medicinales, flores silvestres, grandes \u00e1rboles establecidos, cientos de p\u00e1jaros, mariposas y otras criaturas, agua de manantial cristalina y un m\u00e1gico r\u00edo limpio.<\/p>\n<p class=\"font_8\" style=\"text-align: left;\">Sin comprometer la seguridad ni la comodidad, hemos construido la mayor\u00eda de las estructuras a mano, utilizando los materiales m\u00e1s naturales posibles. Todos los planes de evoluci\u00f3n del centro se centran en mantener la armon\u00eda con el entorno y crear fluidez energ\u00e9tica.<\/p>\n\n\t\t<\/div>\n\t<\/div>\n<\/div><\/div><\/div><\/div><div class=\"vc_row wpb_row vc_row-fluid\"><div class=\"wpb_column vc_column_container vc_col-sm-12\"><div class=\"vc_column-inner\"><div class=\"wpb_wrapper\"><div class=\"vc_empty_space\"   style=\"height: 20px\"><span class=\"vc_empty_space_inner\"><\/span><\/div><\/div><\/div><\/div><\/div><div class=\"vc_row wpb_row vc_row-fluid\"><div class=\"wpb_column vc_column_container vc_col-sm-12\"><div class=\"vc_column-inner\"><div class=\"wpb_wrapper\">\n<div class=\"vc_grid-container-wrapper vc_clearfix vc_grid-animation-fadeIn\">\n\t<div class=\"vc_grid-container vc_clearfix wpb_content_element vc_media_grid\" data-initial-loading-animation=\"fadeIn\" data-vc-grid-settings=\"{&quot;page_id&quot;:1058,&quot;style&quot;:&quot;all&quot;,&quot;action&quot;:&quot;vc_get_vc_grid_data&quot;,&quot;shortcode_id&quot;:&quot;1551501332470-9142fc67-07b1-3&quot;,&quot;tag&quot;:&quot;vc_media_grid&quot;}\" data-vc-request=\"https:\/\/www.thegardenofpeace.com\/wp-admin\/admin-ajax.php\" data-vc-post-id=\"1058\" data-vc-public-nonce=\"086774a592\">\n\t\t\n\t<\/div>\n<\/div>\n<div class=\"vc_grid-container-wrapper vc_clearfix vc_grid-animation-fadeIn\">\n\t<div class=\"vc_grid-container vc_clearfix wpb_content_element vc_media_grid\" data-initial-loading-animation=\"fadeIn\" data-vc-grid-settings=\"{&quot;page_id&quot;:1058,&quot;style&quot;:&quot;all&quot;,&quot;action&quot;:&quot;vc_get_vc_grid_data&quot;,&quot;shortcode_id&quot;:&quot;1551501332472-0a3fa26b-acce-5&quot;,&quot;tag&quot;:&quot;vc_media_grid&quot;}\" data-vc-request=\"https:\/\/www.thegardenofpeace.com\/wp-admin\/admin-ajax.php\" data-vc-post-id=\"1058\" data-vc-public-nonce=\"086774a592\">\n\t\t\n\t<\/div>\n<\/div>\n<div class=\"vc_grid-container-wrapper vc_clearfix vc_grid-animation-fadeIn\">\n\t<div class=\"vc_grid-container vc_clearfix wpb_content_element vc_media_grid\" data-initial-loading-animation=\"fadeIn\" data-vc-grid-settings=\"{&quot;page_id&quot;:1058,&quot;style&quot;:&quot;all&quot;,&quot;action&quot;:&quot;vc_get_vc_grid_data&quot;,&quot;shortcode_id&quot;:&quot;1551501332472-bf841670-cede-10&quot;,&quot;tag&quot;:&quot;vc_media_grid&quot;}\" data-vc-request=\"https:\/\/www.thegardenofpeace.com\/wp-admin\/admin-ajax.php\" data-vc-post-id=\"1058\" data-vc-public-nonce=\"086774a592\">\n\t\t\n\t<\/div>\n<\/div><\/div><\/div><\/div><\/div>\n<\/div>","protected":false},"excerpt":{"rendered":"Welcome to the Garden of Peace The Garden of Peace is located in a lush green valley where the Andes meet the Amazon in North West Peru approximately 2 hours [...]","protected":false},"author":1,"featured_media":0,"parent":14,"menu_order":0,"comment_status":"closed","ping_status":"closed","template":"","meta":{"pgc_meta":"","footnotes":""},"class_list":["post-1058","page","type-page","status-publish","hentry"],"pgc_meta":"","yoast_head":"<!-- This site is optimized with the Yoast SEO plugin v27.2 - https:\/\/yoast.com\/product\/yoast-seo-wordpress\/ -->\n<title>Photo Gallery | Ayahuasca Healing Retreat Peru | The Garden of Peace<\/title>\n<meta name=\"description\" content=\"Our garden sanctuary is adjacent to vast areas of untouched jungle and blessed with abundant tropical fruits, medicinal plants and more.\" \/>\n<meta name=\"robots\" content=\"index, follow, max-snippet:-1, max-image-preview:large, max-video-preview:-1\" \/>\n<link rel=\"canonical\" href=\"https:\/\/www.thegardenofpeace.com\/es\/quienes-somos\/explore-nuestro-jardin\/\" \/>\n<meta property=\"og:locale\" content=\"es_ES\" \/>\n<meta property=\"og:type\" content=\"article\" \/>\n<meta property=\"og:title\" content=\"Photo Gallery | Ayahuasca Healing Retreat Peru | The Garden of Peace\" \/>\n<meta property=\"og:description\" content=\"Our garden sanctuary is adjacent to vast areas of untouched jungle and blessed with abundant tropical fruits, medicinal plants and more.\" \/>\n<meta property=\"og:url\" content=\"https:\/\/www.thegardenofpeace.com\/es\/quienes-somos\/explore-nuestro-jardin\/\" \/>\n<meta property=\"og:site_name\" content=\"The Garden of Peace\" \/>\n<meta property=\"article:publisher\" content=\"https:\/\/www.facebook.com\/eljardindelapaz\/?tn-str=k%2aF\" \/>\n<meta property=\"article:modified_time\" content=\"2019-03-02T04:41:04+00:00\" \/>\n<meta name=\"twitter:card\" content=\"summary_large_image\" \/>\n<meta name=\"twitter:label1\" content=\"Tiempo de lectura\" \/>\n\t<meta name=\"twitter:data1\" content=\"1 minuto\" \/>\n<script type=\"application\/ld+json\" class=\"yoast-schema-graph\">{\"@context\":\"https:\/\/schema.org\",\"@graph\":[{\"@type\":\"WebPage\",\"@id\":\"https:\/\/www.thegardenofpeace.com\/who-we-are\/explore-our-garden\/\",\"url\":\"https:\/\/www.thegardenofpeace.com\/who-we-are\/explore-our-garden\/\",\"name\":\"Photo Gallery | Ayahuasca Healing Retreat Peru | The Garden of Peace\",\"isPartOf\":{\"@id\":\"https:\/\/www.thegardenofpeace.com\/#website\"},\"datePublished\":\"2016-11-08T20:33:13+00:00\",\"dateModified\":\"2019-03-02T04:41:04+00:00\",\"description\":\"Our garden sanctuary is adjacent to vast areas of untouched jungle and blessed with abundant tropical fruits, medicinal plants and more.\",\"breadcrumb\":{\"@id\":\"https:\/\/www.thegardenofpeace.com\/who-we-are\/explore-our-garden\/#breadcrumb\"},\"inLanguage\":\"es\",\"potentialAction\":[{\"@type\":\"ReadAction\",\"target\":[\"https:\/\/www.thegardenofpeace.com\/who-we-are\/explore-our-garden\/\"]}]},{\"@type\":\"BreadcrumbList\",\"@id\":\"https:\/\/www.thegardenofpeace.com\/who-we-are\/explore-our-garden\/#breadcrumb\",\"itemListElement\":[{\"@type\":\"ListItem\",\"position\":1,\"name\":\"Who we are\",\"item\":\"https:\/\/www.thegardenofpeace.com\/who-we-are\/\"},{\"@type\":\"ListItem\",\"position\":2,\"name\":\"Gallery\"}]},{\"@type\":\"WebSite\",\"@id\":\"https:\/\/www.thegardenofpeace.com\/#website\",\"url\":\"https:\/\/www.thegardenofpeace.com\/\",\"name\":\"The Garden of Peace\",\"description\":\"\",\"publisher\":{\"@id\":\"https:\/\/www.thegardenofpeace.com\/#organization\"},\"potentialAction\":[{\"@type\":\"SearchAction\",\"target\":{\"@type\":\"EntryPoint\",\"urlTemplate\":\"https:\/\/www.thegardenofpeace.com\/?s={search_term_string}\"},\"query-input\":{\"@type\":\"PropertyValueSpecification\",\"valueRequired\":true,\"valueName\":\"search_term_string\"}}],\"inLanguage\":\"es\"},{\"@type\":\"Organization\",\"@id\":\"https:\/\/www.thegardenofpeace.com\/#organization\",\"name\":\"the garden of peace\",\"url\":\"https:\/\/www.thegardenofpeace.com\/\",\"logo\":{\"@type\":\"ImageObject\",\"inLanguage\":\"es\",\"@id\":\"https:\/\/www.thegardenofpeace.com\/#\/schema\/logo\/image\/\",\"url\":\"https:\/\/www.thegardenofpeace.com\/wp-content\/uploads\/2018\/11\/header-three.png\",\"contentUrl\":\"https:\/\/www.thegardenofpeace.com\/wp-content\/uploads\/2018\/11\/header-three.png\",\"width\":558,\"height\":149,\"caption\":\"the garden of peace\"},\"image\":{\"@id\":\"https:\/\/www.thegardenofpeace.com\/#\/schema\/logo\/image\/\"},\"sameAs\":[\"https:\/\/www.facebook.com\/eljardindelapaz\/?tn-str=k*F\",\"https:\/\/www.instagram.com\/thegardenofpeace\/?hl=en\"]}]}<\/script>\n<!-- \/ Yoast SEO plugin. -->","yoast_head_json":{"title":"Photo Gallery | Ayahuasca Healing Retreat Peru | The Garden of Peace","description":"Our garden sanctuary is adjacent to vast areas of untouched jungle and blessed with abundant tropical fruits, medicinal plants and more.","robots":{"index":"index","follow":"follow","max-snippet":"max-snippet:-1","max-image-preview":"max-image-preview:large","max-video-preview":"max-video-preview:-1"},"canonical":"https:\/\/www.thegardenofpeace.com\/es\/quienes-somos\/explore-nuestro-jardin\/","og_locale":"es_ES","og_type":"article","og_title":"Photo Gallery | Ayahuasca Healing Retreat Peru | The Garden of Peace","og_description":"Our garden sanctuary is adjacent to vast areas of untouched jungle and blessed with abundant tropical fruits, medicinal plants and more.","og_url":"https:\/\/www.thegardenofpeace.com\/es\/quienes-somos\/explore-nuestro-jardin\/","og_site_name":"The Garden of Peace","article_publisher":"https:\/\/www.facebook.com\/eljardindelapaz\/?tn-str=k%2aF","article_modified_time":"2019-03-02T04:41:04+00:00","twitter_card":"summary_large_image","twitter_misc":{"Tiempo de lectura":"1 minuto"},"schema":{"@context":"https:\/\/schema.org","@graph":[{"@type":"WebPage","@id":"https:\/\/www.thegardenofpeace.com\/who-we-are\/explore-our-garden\/","url":"https:\/\/www.thegardenofpeace.com\/who-we-are\/explore-our-garden\/","name":"Photo Gallery | Ayahuasca Healing Retreat Peru | The Garden of Peace","isPartOf":{"@id":"https:\/\/www.thegardenofpeace.com\/#website"},"datePublished":"2016-11-08T20:33:13+00:00","dateModified":"2019-03-02T04:41:04+00:00","description":"Our garden sanctuary is adjacent to vast areas of untouched jungle and blessed with abundant tropical fruits, medicinal plants and more.","breadcrumb":{"@id":"https:\/\/www.thegardenofpeace.com\/who-we-are\/explore-our-garden\/#breadcrumb"},"inLanguage":"es","potentialAction":[{"@type":"ReadAction","target":["https:\/\/www.thegardenofpeace.com\/who-we-are\/explore-our-garden\/"]}]},{"@type":"BreadcrumbList","@id":"https:\/\/www.thegardenofpeace.com\/who-we-are\/explore-our-garden\/#breadcrumb","itemListElement":[{"@type":"ListItem","position":1,"name":"Who we are","item":"https:\/\/www.thegardenofpeace.com\/who-we-are\/"},{"@type":"ListItem","position":2,"name":"Gallery"}]},{"@type":"WebSite","@id":"https:\/\/www.thegardenofpeace.com\/#website","url":"https:\/\/www.thegardenofpeace.com\/","name":"The Garden of Peace","description":"","publisher":{"@id":"https:\/\/www.thegardenofpeace.com\/#organization"},"potentialAction":[{"@type":"SearchAction","target":{"@type":"EntryPoint","urlTemplate":"https:\/\/www.thegardenofpeace.com\/?s={search_term_string}"},"query-input":{"@type":"PropertyValueSpecification","valueRequired":true,"valueName":"search_term_string"}}],"inLanguage":"es"},{"@type":"Organization","@id":"https:\/\/www.thegardenofpeace.com\/#organization","name":"the garden of peace","url":"https:\/\/www.thegardenofpeace.com\/","logo":{"@type":"ImageObject","inLanguage":"es","@id":"https:\/\/www.thegardenofpeace.com\/#\/schema\/logo\/image\/","url":"https:\/\/www.thegardenofpeace.com\/wp-content\/uploads\/2018\/11\/header-three.png","contentUrl":"https:\/\/www.thegardenofpeace.com\/wp-content\/uploads\/2018\/11\/header-three.png","width":558,"height":149,"caption":"the garden of peace"},"image":{"@id":"https:\/\/www.thegardenofpeace.com\/#\/schema\/logo\/image\/"},"sameAs":["https:\/\/www.facebook.com\/eljardindelapaz\/?tn-str=k*F","https:\/\/www.instagram.com\/thegardenofpeace\/?hl=en"]}]}},"_links":{"self":[{"href":"https:\/\/www.thegardenofpeace.com\/es\/wp-json\/wp\/v2\/pages\/1058","targetHints":{"allow":["GET"]}}],"collection":[{"href":"https:\/\/www.thegardenofpeace.com\/es\/wp-json\/wp\/v2\/pages"}],"about":[{"href":"https:\/\/www.thegardenofpeace.com\/es\/wp-json\/wp\/v2\/types\/page"}],"author":[{"embeddable":true,"href":"https:\/\/www.thegardenofpeace.com\/es\/wp-json\/wp\/v2\/users\/1"}],"replies":[{"embeddable":true,"href":"https:\/\/www.thegardenofpeace.com\/es\/wp-json\/wp\/v2\/comments?post=1058"}],"version-history":[{"count":40,"href":"https:\/\/www.thegardenofpeace.com\/es\/wp-json\/wp\/v2\/pages\/1058\/revisions"}],"predecessor-version":[{"id":2440,"href":"https:\/\/www.thegardenofpeace.com\/es\/wp-json\/wp\/v2\/pages\/1058\/revisions\/2440"}],"up":[{"embeddable":true,"href":"https:\/\/www.thegardenofpeace.com\/es\/wp-json\/wp\/v2\/pages\/14"}],"wp:attachment":[{"href":"https:\/\/www.thegardenofpeace.com\/es\/wp-json\/wp\/v2\/media?parent=1058"}],"curies":[{"name":"wp","href":"https:\/\/api.w.org\/{rel}","templated":true}]}}